{"id":68,"date":"2019-09-06T18:26:42","date_gmt":"2019-09-06T23:26:42","guid":{"rendered":"http:\/\/8000rpmtools.com\/?post_type=product&#038;p=68"},"modified":"2025-12-18T22:03:19","modified_gmt":"2025-12-19T03:03:19","slug":"medidor-de-compresion-otc-5605","status":"publish","type":"product","link":"https:\/\/8000rpmtools.com\/?product=medidor-de-compresion-otc-5605","title":{"rendered":"Medidor de Compresi\u00f3n OTC \u2013 5605 DELUXE"},"content":{"rendered":"<p>El Medidor de Compresion OTC \u2013 5605 Viene Completo con adaptadores est\u00e1ndar y especiales, este kit de lujo ofrece un paquete completo para pruebas de compresi\u00f3n en los motores de gasolina.<span class=\"&quot;Apple-converted-space&quot;\">\u00a0<\/span>El kit incluye el conector de pozo profundo utilizado en el enchufe del cajeado cabezas estilo y el nuevo Ford Triton<span class=\"&quot;Apple-converted-space&quot;\">\u00a0<\/span><sup>TM<\/sup><span class=\"&quot;Apple-converted-space&quot;\">\u00a0<\/span>adaptador de motor con tapones de rosca de 16 mm.<\/p>\n<p>Funciones y caracter\u00edsticas:<span class=\"&quot;Apple-converted-space&quot;\">\u00a0<\/span><br \/>\n. \u2022 Acabado resistente a la corrosi\u00f3n niquelada<span class=\"&quot;Apple-converted-space&quot;\">\u00a0<\/span><br \/>\n. \u2022 Adaptadores de trabajo en los dos extremos del asiento planas y c\u00f3nicas<span class=\"&quot;Apple-converted-space&quot;\">\u00a0<\/span><br \/>\n. \u2022 Extra largo 25 &#8220;manguera flexible conjunto de medidor con enganche r\u00e1pido, permite una f\u00e1cil visualizaci\u00f3n fuera del compartimiento del motor desordenado<span class=\"&quot;Apple-converted-space&quot;\">\u00a0<\/span><br \/>\n\u2022 2-1\/2 &#8220;indicador de bisel cromado Caracter\u00edsticas y resistente bota protectora externa.<span class=\"&quot;Apple-converted-space&quot;\">\u00a0<\/span><br \/>\n\u2022 Man\u00f3metro de doble escala 0-300 psi y lee 0-2100 kPa.<span class=\"&quot;Apple-converted-space&quot;\">\u00a0<\/span><br \/>\n\u2022 8 &#8220;conector de pozo profundo de 14 mm.<span class=\"&quot;Apple-converted-space&quot;\">\u00a0<\/span><br \/>\n\u2022 5 &#8220;flex Ford Triton<span class=\"&quot;Apple-converted-space&quot;\">\u00a0<\/span><sup>TM<\/sup><span class=\"&quot;Apple-converted-space&quot;\">\u00a0<\/span>adaptador de 16 mm.<span class=\"&quot;Apple-converted-space&quot;\">\u00a0<\/span><br \/>\n\u2022 12 &#8220;flex-14mm alcance est\u00e1ndar.<span class=\"&quot;Apple-converted-space&quot;\">\u00a0<\/span><br \/>\n\u2022 12 &#8220;flex-14mm de largo alcance.<span class=\"&quot;Apple-converted-space&quot;\">\u00a0<\/span><br \/>\n\u2022 Los adaptadores de rosca de 10 mm, 12 mm, y 18 mm.<span class=\"&quot;Apple-converted-space&quot;\">\u00a0<\/span><br \/>\n\u2022 Resistente moldeado por soplado estuche r\u00edgido, con tapa extra\u00edble.<span class=\"&quot;Apple-converted-space&quot;\">\u00a0<\/span><br \/>\n\u2022 Kit de reparaci\u00f3n de piezas.<\/p>\n","protected":false},"excerpt":{"rendered":"<p>Funciones y caracter\u00edsticas:<span class=\"&quot;Apple-converted-space&quot;\">\u00a0<\/span><br \/>\n. \u2022 Acabado resistente a la corrosi\u00f3n niquelada<span class=\"&quot;Apple-converted-space&quot;\">\u00a0<\/span><br \/>\n. \u2022 Adaptadores de trabajo en los dos extremos del asiento planas y c\u00f3nicas<span class=\"&quot;Apple-converted-space&quot;\">\u00a0<\/span><br \/>\n. \u2022 Extra largo 25 &#8220;manguera flexible conjunto de medidor con enganche r\u00e1pido, permite una f\u00e1cil visualizaci\u00f3n fuera del compartimiento del motor desordenado<span class=\"&quot;Apple-converted-space&quot;\">\u00a0<\/span><br \/>\n\u2022 2-1\/2 &#8220;indicador de bisel cromado Caracter\u00edsticas y resistente bota protectora externa.<span class=\"&quot;Apple-converted-space&quot;\">\u00a0<\/span><br \/>\n\u2022 Man\u00f3metro de doble escala 0-300 psi y lee 0-2100 kPa.<span class=\"&quot;Apple-converted-space&quot;\">\u00a0<\/span><br \/>\n\u2022 8 &#8220;conector de pozo profundo de 14 mm.<span class=\"&quot;Apple-converted-space&quot;\">\u00a0<\/span><br \/>\n\u2022 5 &#8220;flex Ford Triton<span class=\"&quot;Apple-converted-space&quot;\">\u00a0<\/span><sup>TM<\/sup><span class=\"&quot;Apple-converted-space&quot;\">\u00a0<\/span>adaptador de 16 mm.<span class=\"&quot;Apple-converted-space&quot;\">\u00a0<\/span><br \/>\n\u2022 12 &#8220;flex-14mm alcance est\u00e1ndar.<span class=\"&quot;Apple-converted-space&quot;\">\u00a0<\/span><br \/>\n\u2022 12 &#8220;flex-14mm de largo alcance.<span class=\"&quot;Apple-converted-space&quot;\">\u00a0<\/span><br \/>\n\u2022 Los adaptadores de rosca de 10 mm, 12 mm, y 18 mm.<span class=\"&quot;Apple-converted-space&quot;\">\u00a0<\/span><br \/>\n\u2022 Resistente moldeado por soplado estuche r\u00edgido, con tapa extra\u00edble.<span class=\"&quot;Apple-converted-space&quot;\">\u00a0<\/span><br \/>\n\u2022 Kit de reparaci\u00f3n de piezas.<\/p>\n","protected":false},"featured_media":69,"comment_status":"open","ping_status":"closed","template":"","meta":[],"product_brand":[],"product_cat":[17],"product_tag":[39,40,47,101,93,100,43,41,49,102,94,48,42,53,52],"class_list":{"0":"post-68","1":"product","2":"type-product","3":"status-publish","4":"has-post-thumbnail","6":"product_cat-manometros-y-medidores","7":"product_tag-8000rpm","8":"product_tag-8000rpmimporttools","9":"product_tag-carreras","10":"product_tag-compresimetro","11":"product_tag-compresion","12":"product_tag-deluxe","13":"product_tag-equipamientoautomotriz","14":"product_tag-herramientas","15":"product_tag-importadora","16":"product_tag-manometro","17":"product_tag-otc","18":"product_tag-rally","19":"product_tag-riobamba","20":"product_tag-taller","21":"product_tag-tecnicentro","23":"first","24":"instock","25":"taxable","26":"shipping-taxable","27":"purchasable","28":"product-type-simple"},"_links":{"self":[{"href":"https:\/\/8000rpmtools.com\/index.php?rest_route=\/wp\/v2\/product\/68","targetHints":{"allow":["GET"]}}],"collection":[{"href":"https:\/\/8000rpmtools.com\/index.php?rest_route=\/wp\/v2\/product"}],"about":[{"href":"https:\/\/8000rpmtools.com\/index.php?rest_route=\/wp\/v2\/types\/product"}],"replies":[{"embeddable":true,"href":"https:\/\/8000rpmtools.com\/index.php?rest_route=%2Fwp%2Fv2%2Fcomments&post=68"}],"wp:featuredmedia":[{"embeddable":true,"href":"https:\/\/8000rpmtools.com\/index.php?rest_route=\/wp\/v2\/media\/69"}],"wp:attachment":[{"href":"https:\/\/8000rpmtools.com\/index.php?rest_route=%2Fwp%2Fv2%2Fmedia&parent=68"}],"wp:term":[{"taxonomy":"product_brand","embeddable":true,"href":"https:\/\/8000rpmtools.com\/index.php?rest_route=%2Fwp%2Fv2%2Fproduct_brand&post=68"},{"taxonomy":"product_cat","embeddable":true,"href":"https:\/\/8000rpmtools.com\/index.php?rest_route=%2Fwp%2Fv2%2Fproduct_cat&post=68"},{"taxonomy":"product_tag","embeddable":true,"href":"https:\/\/8000rpmtools.com\/index.php?rest_route=%2Fwp%2Fv2%2Fproduct_tag&post=68"}],"curies":[{"name":"wp","href":"https:\/\/api.w.org\/{rel}","templated":true}]}}