{"id":624,"date":"2019-10-03T18:38:52","date_gmt":"2019-10-03T23:38:52","guid":{"rendered":"http:\/\/8000rpmtools.com\/?post_type=product&#038;p=624"},"modified":"2025-12-18T22:02:40","modified_gmt":"2025-12-19T03:02:40","slug":"multimetro-automotriz-innova-3340","status":"publish","type":"product","link":"https:\/\/8000rpmtools.com\/?product=multimetro-automotriz-innova-3340","title":{"rendered":"Mult\u00edmetro Automotriz INNOVA 3340"},"content":{"rendered":"<div class=\"celwidget aplus-module module-12\" data-cel-widget=\"aplus-module-12\">\n<div class=\"a-expander-collapsed-height a-row a-expander-container a-expander-partial-collapse-container\" aria-live=\"polite\" data-a-expander-name=\"aplus-module-expander\" data-a-expander-collapsed-height=\"360\">\n<div class=\"a-expander-content a-expander-partial-collapse-content\" aria-expanded=\"false\">\n<div class=\"aplus-module-wrapper apm-spacing apm-floatnone\">\n<div class=\"apm-sidemodule aplus-module-content\">\n<div class=\"apm-hero-image\"><a class=\"a-link-normal\" href=\"https:\/\/m.media-amazon.com\/images\/S\/aplus-media\/mg\/7873eb09-52af-432f-bd1b-534d9cfb0b4e.jpg\" target=\"_blank\" rel=\"noopener noreferrer\"><img decoding=\"async\" src=\"https:\/\/m.media-amazon.com\/images\/S\/aplus-media\/mg\/7873eb09-52af-432f-bd1b-534d9cfb0b4e._SR970,300_.jpg\" alt=\"\" \/><\/a><\/div>\n<\/div>\n<div class=\"a-text-center\">\n<div style=\"width: 640px;\" class=\"wp-video\"><video class=\"wp-video-shortcode\" id=\"video-624-1\" width=\"640\" height=\"480\" preload=\"metadata\" controls=\"controls\"><source type=\"video\/mp4\" src=\"http:\/\/8000rpmtools.com\/wp-content\/uploads\/2019\/10\/ShortForm-Generic-480p-16-9-1409173089793-rpcbe5-2.mp4?_=1\" \/><a href=\"http:\/\/8000rpmtools.com\/wp-content\/uploads\/2019\/10\/ShortForm-Generic-480p-16-9-1409173089793-rpcbe5-2.mp4\">http:\/\/8000rpmtools.com\/wp-content\/uploads\/2019\/10\/ShortForm-Generic-480p-16-9-1409173089793-rpcbe5-2.mp4<\/a><\/video><\/div>\n<\/div>\n<\/div>\n<\/div>\n<\/div>\n<\/div>\n<div class=\"celwidget aplus-module module-6\" data-cel-widget=\"aplus-module-6\">\n<div class=\"aplus-module-wrapper\">\n<div id=\"aplus-module-6-1\" class=\"apm-spacing aplus-module-content\">\n<div class=\"apm-hovermodule\">\n<div class=\"apm-hovermodule-slides\">\n<div class=\"apm-hovermodule-slides-inner\">\n<p>&nbsp;<\/p>\n<p>El mult\u00edmetro de escala autom\u00e1tica Innova 3340 presenta una sonda de temperatura para recuperar y mostrar temperaturas en grados Celsius y Fahrenheit, RPM del veh\u00edculo (incluidas las bobinas en los veh\u00edculos de enchufe) con la recolecci\u00f3n inductiva incluida, ajustes autom\u00e1ticos a cero y protecci\u00f3n de polaridad inversa. El 3340 es ideal para probar diodos del alternador, ciclo de trabajo, solenoides, puntos de interrupci\u00f3n, cableado, interruptores y m\u00e1s.<\/p>\n<p>Los mult\u00edmetros digitales automotrices de la serie 3340 de Innova son dispositivos de calidad profesional dise\u00f1ados para ayudar a detectar problemas del motor.\u00a0Estas unidades est\u00e1n bien equipadas con muchas caracter\u00edsticas excelentes, como el rango autom\u00e1tico, el apagado autom\u00e1tico y la protecci\u00f3n contra sobrecarga con una impedancia de 10 megaohmios para evitar da\u00f1os a la ECU.\u00a0\u00a1Prueban diodos del alternador, ciclo de trabajo, solenoides, puntos de interrupci\u00f3n, interruptores, cableado y m\u00e1s!\u00a0Los mult\u00edmetros digitales de la serie 3340 son seguros, precisos y s\u00faper f\u00e1ciles de usar.\u00a0Tambi\u00e9n incluyen una sonda de temperatura, una abrazadera inductiva de rpm y una funda de transporte para mantenerlos protegidos cuando no est\u00e1n en uso.\u00a0\u00a1Este kit de herramientas Innova es definitivamente imprescindible para los entusiastas del autom\u00f3vil!<\/p>\n<\/div>\n<p><strong>ACCESORIOS INCLUIDOS:<\/strong><\/p>\n<ul>\n<li>Pinza para lectura de RPM<\/li>\n<li>Sonda para medici\u00f3n de temperatura<\/li>\n<li>Puntas para medici\u00f3n de voltaje<\/li>\n<li>Malet\u00edn de nylon<\/li>\n<li>Manual<\/li>\n<\/ul>\n<p>&nbsp;<\/p>\n<\/div>\n<\/div>\n<\/div>\n<\/div>\n<\/div>\n","protected":false},"excerpt":{"rendered":"<ul class=\"a-unordered-list a-vertical a-spacing-none\">\n<li><span class=\"a-list-item\">Mult\u00edmetro Automotriz profesional dise\u00f1ados para ayudar a localizar los problemas de motor \u2013 UL certificado producto<\/span><\/li>\n<li><span class=\"a-list-item\">Pruebas alternador diodos, ciclo de trabajo, solenoides, puntos de interruptor, cables, conmutadores, y m\u00e1s<\/span><\/li>\n<li><span class=\"a-list-item\">Sonda de temperatura, inductivo RPM pinza y funda de transporte incluida<\/span><\/li>\n<li><span class=\"a-list-item\">Caracter\u00edsticas Auto-Ranging, apagado autom\u00e1tico y protecci\u00f3n over-load<\/span><\/li>\n<li><span class=\"a-list-item\">Incluye plomo de prueba soportes para manos libres para protecci\u00f3n<\/span><\/li>\n<\/ul>\n","protected":false},"featured_media":625,"comment_status":"open","ping_status":"closed","template":"","meta":[],"product_brand":[],"product_cat":[22,119],"product_tag":[120,39,40,69,68,122,67,47,83,43,41,49,85,71,123,48,42,53,121],"class_list":{"0":"post-624","1":"product","2":"type-product","3":"status-publish","4":"has-post-thumbnail","6":"product_cat-herramientas-de-diagnostico","7":"product_cat-multimetros","8":"product_tag-120","9":"product_tag-8000rpm","10":"product_tag-8000rpmimporttools","11":"product_tag-alternador","12":"product_tag-analizador-de-baterias","13":"product_tag-automotriz","14":"product_tag-baterias","15":"product_tag-carreras","16":"product_tag-diagnostico","17":"product_tag-equipamientoautomotriz","18":"product_tag-herramientas","19":"product_tag-importadora","20":"product_tag-multimarca","21":"product_tag-multimetro","22":"product_tag-multimetro-automotriz","23":"product_tag-rally","24":"product_tag-riobamba","25":"product_tag-taller","26":"product_tag-voltaje","28":"first","29":"instock","30":"taxable","31":"shipping-taxable","32":"purchasable","33":"product-type-simple"},"_links":{"self":[{"href":"https:\/\/8000rpmtools.com\/index.php?rest_route=\/wp\/v2\/product\/624","targetHints":{"allow":["GET"]}}],"collection":[{"href":"https:\/\/8000rpmtools.com\/index.php?rest_route=\/wp\/v2\/product"}],"about":[{"href":"https:\/\/8000rpmtools.com\/index.php?rest_route=\/wp\/v2\/types\/product"}],"replies":[{"embeddable":true,"href":"https:\/\/8000rpmtools.com\/index.php?rest_route=%2Fwp%2Fv2%2Fcomments&post=624"}],"wp:featuredmedia":[{"embeddable":true,"href":"https:\/\/8000rpmtools.com\/index.php?rest_route=\/wp\/v2\/media\/625"}],"wp:attachment":[{"href":"https:\/\/8000rpmtools.com\/index.php?rest_route=%2Fwp%2Fv2%2Fmedia&parent=624"}],"wp:term":[{"taxonomy":"product_brand","embeddable":true,"href":"https:\/\/8000rpmtools.com\/index.php?rest_route=%2Fwp%2Fv2%2Fproduct_brand&post=624"},{"taxonomy":"product_cat","embeddable":true,"href":"https:\/\/8000rpmtools.com\/index.php?rest_route=%2Fwp%2Fv2%2Fproduct_cat&post=624"},{"taxonomy":"product_tag","embeddable":true,"href":"https:\/\/8000rpmtools.com\/index.php?rest_route=%2Fwp%2Fv2%2Fproduct_tag&post=624"}],"curies":[{"name":"wp","href":"https:\/\/api.w.org\/{rel}","templated":true}]}}