{"id":4817,"date":"2020-04-18T19:36:00","date_gmt":"2020-04-18T19:36:00","guid":{"rendered":"http:\/\/8000rpmtools.com\/?post_type=product&#038;p=4817"},"modified":"2020-04-19T01:44:19","modified_gmt":"2020-04-19T01:44:19","slug":"curso-de-diagnostico-con-osciloscopio","status":"publish","type":"product","link":"https:\/\/8000rpmtools.com\/?product=curso-de-diagnostico-con-osciloscopio","title":{"rendered":"CURSO DE DIAGN\u00d3STICO CON OSCILOSCOPIO"},"content":{"rendered":"<p>En \u00e9ste curso usted aprender\u00e1 lo siguiente :<\/p>\n<p><img loading=\"lazy\" decoding=\"async\" class=\"alignnone size-medium wp-image-4843\" src=\"http:\/\/8000rpmtools.com\/wp-content\/uploads\/2020\/04\/INDICE-CURSO-DE-OSCILOSCOPIO-233x300.jpg\" alt=\"\" width=\"233\" height=\"300\" srcset=\"https:\/\/8000rpmtools.com\/wp-content\/uploads\/2020\/04\/INDICE-CURSO-DE-OSCILOSCOPIO-233x300.jpg 233w, https:\/\/8000rpmtools.com\/wp-content\/uploads\/2020\/04\/INDICE-CURSO-DE-OSCILOSCOPIO-600x771.jpg 600w, https:\/\/8000rpmtools.com\/wp-content\/uploads\/2020\/04\/INDICE-CURSO-DE-OSCILOSCOPIO-64x82.jpg 64w, https:\/\/8000rpmtools.com\/wp-content\/uploads\/2020\/04\/INDICE-CURSO-DE-OSCILOSCOPIO.jpg 695w\" sizes=\"auto, (max-width: 233px) 100vw, 233px\" \/><\/p>\n","protected":false},"excerpt":{"rendered":"<p>Curso de Diagn\u00f3stico y uso del Osciloscopio<\/p>\n<p>Diagn\u00f3stico Automotriz<\/p>\n<p>Producto Descargable<\/p>\n","protected":false},"featured_media":4819,"comment_status":"open","ping_status":"closed","template":"","meta":[],"product_brand":[],"product_cat":[425],"product_tag":[426,427],"class_list":{"0":"post-4817","1":"product","2":"type-product","3":"status-publish","4":"has-post-thumbnail","6":"product_cat-productos-digitales","7":"product_tag-curso","8":"product_tag-digital","10":"first","11":"instock","12":"downloadable","13":"virtual","14":"taxable","15":"purchasable","16":"product-type-simple"},"_links":{"self":[{"href":"https:\/\/8000rpmtools.com\/index.php?rest_route=\/wp\/v2\/product\/4817","targetHints":{"allow":["GET"]}}],"collection":[{"href":"https:\/\/8000rpmtools.com\/index.php?rest_route=\/wp\/v2\/product"}],"about":[{"href":"https:\/\/8000rpmtools.com\/index.php?rest_route=\/wp\/v2\/types\/product"}],"replies":[{"embeddable":true,"href":"https:\/\/8000rpmtools.com\/index.php?rest_route=%2Fwp%2Fv2%2Fcomments&post=4817"}],"wp:featuredmedia":[{"embeddable":true,"href":"https:\/\/8000rpmtools.com\/index.php?rest_route=\/wp\/v2\/media\/4819"}],"wp:attachment":[{"href":"https:\/\/8000rpmtools.com\/index.php?rest_route=%2Fwp%2Fv2%2Fmedia&parent=4817"}],"wp:term":[{"taxonomy":"product_brand","embeddable":true,"href":"https:\/\/8000rpmtools.com\/index.php?rest_route=%2Fwp%2Fv2%2Fproduct_brand&post=4817"},{"taxonomy":"product_cat","embeddable":true,"href":"https:\/\/8000rpmtools.com\/index.php?rest_route=%2Fwp%2Fv2%2Fproduct_cat&post=4817"},{"taxonomy":"product_tag","embeddable":true,"href":"https:\/\/8000rpmtools.com\/index.php?rest_route=%2Fwp%2Fv2%2Fproduct_tag&post=4817"}],"curies":[{"name":"wp","href":"https:\/\/api.w.org\/{rel}","templated":true}]}}