{"id":4128,"date":"2020-04-09T07:44:27","date_gmt":"2020-04-09T07:44:27","guid":{"rendered":"http:\/\/8000rpmtools.com\/?post_type=product&#038;p=4128"},"modified":"2020-04-09T07:44:30","modified_gmt":"2020-04-09T07:44:30","slug":"carper-interior-cleaner-meguiars-limpiador-de-tapicerias","status":"publish","type":"product","link":"https:\/\/8000rpmtools.com\/?product=carper-interior-cleaner-meguiars-limpiador-de-tapicerias","title":{"rendered":"CARPER &#038; INTERIOR CLEANER MEGUIARS &#8211; LIMPIADOR DE TAPICER\u00cdAS"},"content":{"rendered":"<p>Seguro y eficaz en muchas superficies,\u00a0 es la soluci\u00f3n ideal de baja espuma para profesionales que necesitan eliminar r\u00e1pida y completamente la grasa, la suciedad y las manchas de alfombras, tapicer\u00eda, cuero, pl\u00e1stico. Esta f\u00f3rmula libre de disolventes es ideal para mantener el interior de tu auto siempre como nuevo con un olor agradable y las fibras quedar\u00e1n siempre suaves y sin residuos pegajosos.<\/p>\n","protected":false},"excerpt":{"rendered":"<ul>\n<li>Limpieza de Tapicer\u00edas, alfombras, cuero, pl\u00e1sticos<\/li>\n<li>No contiene solventes que pueden arruinar las fibras<\/li>\n<li>El auto siempre como nuevo y con un agradable aroma<\/li>\n<li>Limpieza profesional r\u00e1pida<\/li>\n<\/ul>\n","protected":false},"featured_media":4133,"comment_status":"open","ping_status":"closed","template":"","meta":[],"product_brand":[],"product_cat":[344],"product_tag":[424,235,244,342,423],"class_list":{"0":"post-4128","1":"product","2":"type-product","3":"status-publish","4":"has-post-thumbnail","6":"product_cat-productos-meguiars","7":"product_tag-alfombra","8":"product_tag-almohadillas","9":"product_tag-interiores","10":"product_tag-limpieza-de-tapicerias","11":"product_tag-tapicerias","13":"first","14":"instock","15":"taxable","16":"shipping-taxable","17":"purchasable","18":"product-type-simple"},"_links":{"self":[{"href":"https:\/\/8000rpmtools.com\/index.php?rest_route=\/wp\/v2\/product\/4128","targetHints":{"allow":["GET"]}}],"collection":[{"href":"https:\/\/8000rpmtools.com\/index.php?rest_route=\/wp\/v2\/product"}],"about":[{"href":"https:\/\/8000rpmtools.com\/index.php?rest_route=\/wp\/v2\/types\/product"}],"replies":[{"embeddable":true,"href":"https:\/\/8000rpmtools.com\/index.php?rest_route=%2Fwp%2Fv2%2Fcomments&post=4128"}],"wp:featuredmedia":[{"embeddable":true,"href":"https:\/\/8000rpmtools.com\/index.php?rest_route=\/wp\/v2\/media\/4133"}],"wp:attachment":[{"href":"https:\/\/8000rpmtools.com\/index.php?rest_route=%2Fwp%2Fv2%2Fmedia&parent=4128"}],"wp:term":[{"taxonomy":"product_brand","embeddable":true,"href":"https:\/\/8000rpmtools.com\/index.php?rest_route=%2Fwp%2Fv2%2Fproduct_brand&post=4128"},{"taxonomy":"product_cat","embeddable":true,"href":"https:\/\/8000rpmtools.com\/index.php?rest_route=%2Fwp%2Fv2%2Fproduct_cat&post=4128"},{"taxonomy":"product_tag","embeddable":true,"href":"https:\/\/8000rpmtools.com\/index.php?rest_route=%2Fwp%2Fv2%2Fproduct_tag&post=4128"}],"curies":[{"name":"wp","href":"https:\/\/api.w.org\/{rel}","templated":true}]}}