{"id":4109,"date":"2020-04-09T07:14:38","date_gmt":"2020-04-09T07:14:38","guid":{"rendered":"http:\/\/8000rpmtools.com\/?post_type=product&#038;p=4109"},"modified":"2020-04-09T07:14:41","modified_gmt":"2020-04-09T07:14:41","slug":"ultimate-all-wheel-cleaner-meguiars-limpiador-de-aros","status":"publish","type":"product","link":"https:\/\/8000rpmtools.com\/?product=ultimate-all-wheel-cleaner-meguiars-limpiador-de-aros","title":{"rendered":"ULTIMATE ALL WHEEL CLEANER MEGUIARS &#8211; LIMPIADOR DE AROS"},"content":{"rendered":"<p>El Ultimate All Wheel Cleaner de Meguiars ofrece un alto rendimiento de limpieza m\u00e1s potente y seguro. La avanzada qu\u00edmica de nuestra f\u00f3rmula combina tensioactivos que atacan la suciedad de la carretera con agentes activos para disolver el polvo de los frenos. La f\u00f3rmula de gel de limpieza profunda convierte el polvo de los frenos en p\u00farpura y la suciedad de la carretera en marr\u00f3n al soltar suavemente los contaminantes rebeldes. Sin \u00e1cido y con pH equilibrado, nuestro All Wheel Cleaner es seguro y efectivo para todos los acabados de las ruedas y componentes de frenos pintados.<\/p>\n","protected":false},"excerpt":{"rendered":"<ul class=\"a-unordered-list a-vertical a-spacing-none\">\n<li><span class=\"a-list-item\">F\u00e1cil de usar solo roc\u00eda sobre el aro y veras como act\u00faa<\/span><\/li>\n<li>Cambia de color de blanco a p\u00farpura cuando empieza a remover restos de polvo de freno<\/li>\n<li>Despu\u00e9s que act\u00fae el limpiador solo remueve con agua a presi\u00f3n<\/li>\n<li>Aros siempre como nuevos<\/li>\n<\/ul>\n","protected":false},"featured_media":4121,"comment_status":"open","ping_status":"closed","template":"","meta":[],"product_brand":[],"product_cat":[344],"product_tag":[419,420,345],"class_list":{"0":"post-4109","1":"product","2":"type-product","3":"status-publish","4":"has-post-thumbnail","6":"product_cat-productos-meguiars","7":"product_tag-aros","8":"product_tag-limpiador-de-aros","9":"product_tag-meguiars","11":"first","12":"instock","13":"taxable","14":"shipping-taxable","15":"purchasable","16":"product-type-simple"},"_links":{"self":[{"href":"https:\/\/8000rpmtools.com\/index.php?rest_route=\/wp\/v2\/product\/4109","targetHints":{"allow":["GET"]}}],"collection":[{"href":"https:\/\/8000rpmtools.com\/index.php?rest_route=\/wp\/v2\/product"}],"about":[{"href":"https:\/\/8000rpmtools.com\/index.php?rest_route=\/wp\/v2\/types\/product"}],"replies":[{"embeddable":true,"href":"https:\/\/8000rpmtools.com\/index.php?rest_route=%2Fwp%2Fv2%2Fcomments&post=4109"}],"wp:featuredmedia":[{"embeddable":true,"href":"https:\/\/8000rpmtools.com\/index.php?rest_route=\/wp\/v2\/media\/4121"}],"wp:attachment":[{"href":"https:\/\/8000rpmtools.com\/index.php?rest_route=%2Fwp%2Fv2%2Fmedia&parent=4109"}],"wp:term":[{"taxonomy":"product_brand","embeddable":true,"href":"https:\/\/8000rpmtools.com\/index.php?rest_route=%2Fwp%2Fv2%2Fproduct_brand&post=4109"},{"taxonomy":"product_cat","embeddable":true,"href":"https:\/\/8000rpmtools.com\/index.php?rest_route=%2Fwp%2Fv2%2Fproduct_cat&post=4109"},{"taxonomy":"product_tag","embeddable":true,"href":"https:\/\/8000rpmtools.com\/index.php?rest_route=%2Fwp%2Fv2%2Fproduct_tag&post=4109"}],"curies":[{"name":"wp","href":"https:\/\/api.w.org\/{rel}","templated":true}]}}