{"id":4106,"date":"2020-04-09T07:01:11","date_gmt":"2020-04-09T07:01:11","guid":{"rendered":"http:\/\/8000rpmtools.com\/?post_type=product&#038;p=4106"},"modified":"2020-04-09T07:01:14","modified_gmt":"2020-04-09T07:01:14","slug":"quick-wax-meguiars-cera-de-rapida-aplicacion","status":"publish","type":"product","link":"https:\/\/8000rpmtools.com\/?product=quick-wax-meguiars-cera-de-rapida-aplicacion","title":{"rendered":"QUICK WAX MEGUIARS &#8211; CERA DE R\u00c1PIDA APLICACI\u00d3N"},"content":{"rendered":"<p>La cera Quik Wax de Meguiar proporciona la f\u00f3rmula Shine-as-You-Dry que ofrece reflejos con mayor brillo y brillo que no se blanquean en el corte. \u00a1Solo roc\u00ede y limpie para encerar todo su autom\u00f3vil (h\u00famedo o seco) en minutos, incluso a pleno sol! Para m\u00e1s informaci\u00f3n o preguntas t\u00e9cnicas sobre este o cualquier producto de Meguiar, comun\u00edquese con nuestro equipo de servicio al cliente<\/p>\n","protected":false},"excerpt":{"rendered":"<ul class=\"a-unordered-list a-vertical a-spacing-none\">\n<li><span class=\"a-list-item\">Se puede aplicar a la pintura h\u00fameda o seca.<\/span><\/li>\n<li><span class=\"a-list-item\">Proporciona un brillo profundo, mientras a\u00f1ade protecci\u00f3n.<\/span><\/li>\n<li><span class=\"a-list-item\">Facilidad y comodidad de un producto de pulverizaci\u00f3n\u00a0 que ahorra tiempo.<\/span><\/li>\n<li><span class=\"a-list-item\">Se puede aplicar a pleno sol y no blanquea el borde de pl\u00e1stico.<\/span><\/li>\n<li><span class=\"a-list-item\">Ofrece protecci\u00f3n contra rayos UV.<\/span><\/li>\n<\/ul>\n","protected":false},"featured_media":4108,"comment_status":"open","ping_status":"closed","template":"","meta":[],"product_brand":[],"product_cat":[344],"product_tag":[346,418,345,417],"class_list":{"0":"post-4106","1":"product","2":"type-product","3":"status-publish","4":"has-post-thumbnail","6":"product_cat-productos-meguiars","7":"product_tag-cera","8":"product_tag-cera-rapida","9":"product_tag-meguiars","10":"product_tag-quick","12":"first","13":"instock","14":"taxable","15":"shipping-taxable","16":"purchasable","17":"product-type-simple"},"_links":{"self":[{"href":"https:\/\/8000rpmtools.com\/index.php?rest_route=\/wp\/v2\/product\/4106","targetHints":{"allow":["GET"]}}],"collection":[{"href":"https:\/\/8000rpmtools.com\/index.php?rest_route=\/wp\/v2\/product"}],"about":[{"href":"https:\/\/8000rpmtools.com\/index.php?rest_route=\/wp\/v2\/types\/product"}],"replies":[{"embeddable":true,"href":"https:\/\/8000rpmtools.com\/index.php?rest_route=%2Fwp%2Fv2%2Fcomments&post=4106"}],"wp:featuredmedia":[{"embeddable":true,"href":"https:\/\/8000rpmtools.com\/index.php?rest_route=\/wp\/v2\/media\/4108"}],"wp:attachment":[{"href":"https:\/\/8000rpmtools.com\/index.php?rest_route=%2Fwp%2Fv2%2Fmedia&parent=4106"}],"wp:term":[{"taxonomy":"product_brand","embeddable":true,"href":"https:\/\/8000rpmtools.com\/index.php?rest_route=%2Fwp%2Fv2%2Fproduct_brand&post=4106"},{"taxonomy":"product_cat","embeddable":true,"href":"https:\/\/8000rpmtools.com\/index.php?rest_route=%2Fwp%2Fv2%2Fproduct_cat&post=4106"},{"taxonomy":"product_tag","embeddable":true,"href":"https:\/\/8000rpmtools.com\/index.php?rest_route=%2Fwp%2Fv2%2Fproduct_tag&post=4106"}],"curies":[{"name":"wp","href":"https:\/\/api.w.org\/{rel}","templated":true}]}}