{"id":4096,"date":"2020-04-09T06:43:55","date_gmt":"2020-04-09T06:43:55","guid":{"rendered":"http:\/\/8000rpmtools.com\/?post_type=product&#038;p=4096"},"modified":"2020-04-09T06:43:58","modified_gmt":"2020-04-09T06:43:58","slug":"headlight-protectant-meguiars-protector-de-faros-evita-la-oxidacion","status":"publish","type":"product","link":"https:\/\/8000rpmtools.com\/?product=headlight-protectant-meguiars-protector-de-faros-evita-la-oxidacion","title":{"rendered":"HEADLIGHT PROTECTANT MEGUIARS &#8211; PROTECTOR DE FAROS EVITA LA OXIDACI\u00d3N"},"content":{"rendered":"<p>Detalles del producto del protector de faros G17110 de Meguiar<br \/>\nAyuda a mantener la claridad de los faros para los faros nuevos y recientemente restaurados<br \/>\nProporciona protecci\u00f3n duradera contra los da\u00f1inos y da\u00f1inos rayos UV.<br \/>\nact\u00faa como una barrera entre el pl\u00e1stico y estos rayos nocivos, prolongando la claridad y el brillo de los faros nuevos o restaurados<\/p>\n<p>Al igual que el protector solar, la f\u00f3rmula protectora de faros \u00fanica de Meguiar&#8217;s\u00ae act\u00faa como una barrera entre el pl\u00e1stico y los da\u00f1inos rayos UV, prolongando la claridad y el brillo de los faros nuevos o restaurados.<\/p>\n<p>Proporciona protecci\u00f3n duradera contra los da\u00f1inos y da\u00f1inos rayos UV.<br \/>\nUse regularmente para mantener los faros cristalinos<\/p>\n","protected":false},"excerpt":{"rendered":"<ul>\n<li>Sella la superficie de faros reci\u00e9n pulidos<\/li>\n<li>Evita la oxidaci\u00f3n<\/li>\n<li>Recomendado usarse despu\u00e9s de PLast X<\/li>\n<li>Mantiene los faros de tu veh\u00edculo siempre nuevos<\/li>\n<\/ul>\n","protected":false},"featured_media":4097,"comment_status":"open","ping_status":"closed","template":"","meta":[],"product_brand":[],"product_cat":[344],"product_tag":[372,345,387],"class_list":{"0":"post-4096","1":"product","2":"type-product","3":"status-publish","4":"has-post-thumbnail","6":"product_cat-productos-meguiars","7":"product_tag-faros","8":"product_tag-meguiars","9":"product_tag-pulidor","11":"first","12":"instock","13":"taxable","14":"shipping-taxable","15":"purchasable","16":"product-type-simple"},"_links":{"self":[{"href":"https:\/\/8000rpmtools.com\/index.php?rest_route=\/wp\/v2\/product\/4096","targetHints":{"allow":["GET"]}}],"collection":[{"href":"https:\/\/8000rpmtools.com\/index.php?rest_route=\/wp\/v2\/product"}],"about":[{"href":"https:\/\/8000rpmtools.com\/index.php?rest_route=\/wp\/v2\/types\/product"}],"replies":[{"embeddable":true,"href":"https:\/\/8000rpmtools.com\/index.php?rest_route=%2Fwp%2Fv2%2Fcomments&post=4096"}],"wp:featuredmedia":[{"embeddable":true,"href":"https:\/\/8000rpmtools.com\/index.php?rest_route=\/wp\/v2\/media\/4097"}],"wp:attachment":[{"href":"https:\/\/8000rpmtools.com\/index.php?rest_route=%2Fwp%2Fv2%2Fmedia&parent=4096"}],"wp:term":[{"taxonomy":"product_brand","embeddable":true,"href":"https:\/\/8000rpmtools.com\/index.php?rest_route=%2Fwp%2Fv2%2Fproduct_brand&post=4096"},{"taxonomy":"product_cat","embeddable":true,"href":"https:\/\/8000rpmtools.com\/index.php?rest_route=%2Fwp%2Fv2%2Fproduct_cat&post=4096"},{"taxonomy":"product_tag","embeddable":true,"href":"https:\/\/8000rpmtools.com\/index.php?rest_route=%2Fwp%2Fv2%2Fproduct_tag&post=4096"}],"curies":[{"name":"wp","href":"https:\/\/api.w.org\/{rel}","templated":true}]}}