{"id":4093,"date":"2020-04-09T06:29:18","date_gmt":"2020-04-09T06:29:18","guid":{"rendered":"http:\/\/8000rpmtools.com\/?post_type=product&#038;p=4093"},"modified":"2020-04-09T06:29:21","modified_gmt":"2020-04-09T06:29:21","slug":"nxt-all-metal-polish-meguiars-pulidor-de-metales-y-cromados","status":"publish","type":"product","link":"https:\/\/8000rpmtools.com\/?product=nxt-all-metal-polish-meguiars-pulidor-de-metales-y-cromados","title":{"rendered":"NXT ALL METAL POLISH MEGUIARS &#8211; PULIDOR DE METALES Y CROMADOS"},"content":{"rendered":"<p>Pulimento de metales capaz de aportar un alto brillo a las superficies met\u00e1licas. Elimina oxidaci\u00f3n ligera y devuelve el lustre. Poner un poco de producto en una toalla de microfibra y frotar la superficie a tratar.<\/p>\n","protected":false},"excerpt":{"rendered":"<ul class=\"a-unordered-list a-vertical a-spacing-none\">\n<li><span class=\"a-list-item\">Este producto limpia f\u00e1cilmente todas las superficies met\u00e1licas del coche<\/span><\/li>\n<li><span class=\"a-list-item\">Los pol\u00edmeros sint\u00e9ticos dise\u00f1ados dejan una barrera protectora que proporciona un beneficio anticorrosivo<\/span><\/li>\n<li><span class=\"a-list-item\">Se utiliza con un almohadilla limpiadora de espuma suave o microfibra<\/span><\/li>\n<li><span class=\"a-list-item\">La tecnolog\u00eda anticorrosiva encierra el brillo<\/span><\/li>\n<\/ul>\n","protected":false},"featured_media":4094,"comment_status":"open","ping_status":"closed","template":"","meta":[],"product_brand":[],"product_cat":[344],"product_tag":[415,414,413],"class_list":{"0":"post-4093","1":"product","2":"type-product","3":"status-publish","4":"has-post-thumbnail","6":"product_cat-productos-meguiars","7":"product_tag-cromados","8":"product_tag-cromo","9":"product_tag-pulidor-de-metales","11":"first","12":"instock","13":"taxable","14":"shipping-taxable","15":"purchasable","16":"product-type-simple"},"_links":{"self":[{"href":"https:\/\/8000rpmtools.com\/index.php?rest_route=\/wp\/v2\/product\/4093","targetHints":{"allow":["GET"]}}],"collection":[{"href":"https:\/\/8000rpmtools.com\/index.php?rest_route=\/wp\/v2\/product"}],"about":[{"href":"https:\/\/8000rpmtools.com\/index.php?rest_route=\/wp\/v2\/types\/product"}],"replies":[{"embeddable":true,"href":"https:\/\/8000rpmtools.com\/index.php?rest_route=%2Fwp%2Fv2%2Fcomments&post=4093"}],"wp:featuredmedia":[{"embeddable":true,"href":"https:\/\/8000rpmtools.com\/index.php?rest_route=\/wp\/v2\/media\/4094"}],"wp:attachment":[{"href":"https:\/\/8000rpmtools.com\/index.php?rest_route=%2Fwp%2Fv2%2Fmedia&parent=4093"}],"wp:term":[{"taxonomy":"product_brand","embeddable":true,"href":"https:\/\/8000rpmtools.com\/index.php?rest_route=%2Fwp%2Fv2%2Fproduct_brand&post=4093"},{"taxonomy":"product_cat","embeddable":true,"href":"https:\/\/8000rpmtools.com\/index.php?rest_route=%2Fwp%2Fv2%2Fproduct_cat&post=4093"},{"taxonomy":"product_tag","embeddable":true,"href":"https:\/\/8000rpmtools.com\/index.php?rest_route=%2Fwp%2Fv2%2Fproduct_tag&post=4093"}],"curies":[{"name":"wp","href":"https:\/\/api.w.org\/{rel}","templated":true}]}}