{"id":4082,"date":"2020-04-09T06:20:52","date_gmt":"2020-04-09T06:20:52","guid":{"rendered":"http:\/\/8000rpmtools.com\/?post_type=product&#038;p=4082"},"modified":"2020-04-09T06:20:55","modified_gmt":"2020-04-09T06:20:55","slug":"ultimate-black-meguiars-restaurador-y-protector-de-partes-negras","status":"publish","type":"product","link":"https:\/\/8000rpmtools.com\/?product=ultimate-black-meguiars-restaurador-y-protector-de-partes-negras","title":{"rendered":"ULTIMATE BLACK MEGUIARS &#8211; RESTAURADOR Y PROTECTOR DE PARTES NEGRAS"},"content":{"rendered":"<p>El restaurador de pl\u00e1stico negro Ultimate de Meguiar le da nueva vida a todos los adornos exteriores de pl\u00e1stico, vinilo y caucho, como parachoques, molduras, manijas de puertas, carcasas de retrovisores y parabrisas. Utilizando la innovadora tecnolog\u00eda de recubrimiento transparente UV, el restaurador de pl\u00e1stico negro Ultimate de Meguiars dura significativamente m\u00e1s que los protectores convencionales y los productos para el cuidado de los recortes. Esta f\u00f3rmula duradera se seca casi al instante, no es grasa y no se raya cuando las superficies tratadas se mojan. Con el Ultimate Black de Meguiar, los adornos y el pl\u00e1stico se ven r\u00e1pidamente como nuevos, crean una rica oscuridad y brillo, y proporcionan una protecci\u00f3n UV duradera y excepcional.<\/p>\n<div class=\"rightImage\"><img decoding=\"async\" src=\"https:\/\/images-na.ssl-images-amazon.com\/images\/G\/01\/automotive\/detail-page\/B0055PD1H4-0.jpg%22\/\" alt=\"image\" \/><\/div>\n<p>Cuidar el acabado interior y exterior<\/p>\n<p>Finalmente, el acabado exterior de un veh\u00edculo sufrir\u00e1 la exposici\u00f3n al sol y sus efectos. Las superficies negras y gris oscuro comenzar\u00e1n a perder su color y desarrollar\u00e1n un aspecto opaco. Sin embargo, con Meguiar\u2019s Ultimate Black, restaure el aspecto del acabado del veh\u00edculo, sin preocuparse por dejar un residuo grasiento. Ultimate Black cuenta con tecnolog\u00eda avanzada de pol\u00edmeros h\u00edbridos que sella las superficies no porosas con una protecci\u00f3n UV excepcional para evitar da\u00f1os mayores. Estos pol\u00edmeros avanzados restauran el color oscuro de la moldura.<\/p>\n<div class=\"leftImage\"><img decoding=\"async\" src=\"https:\/\/images-na.ssl-images-amazon.com\/images\/G\/01\/automotive\/detail-page\/B0055PD1H4-0.jpg%22\/\" alt=\"image\" \/><\/div>\n<p>Aplicando Ultimate Black<\/p>\n<p>Para mejores resultados, aplique sobre una superficie limpia, seca y fresca. Lave el autom\u00f3vil o use un detallista como el Ultimate Quik Detailer de Meguiar para limpiar la moldura antes de aplicar Ultimate Black.<\/p>\n<p>1. Aplique una peque\u00f1a cantidad de Ultimate Black sobre una toalla de algod\u00f3n 100% o una almohadilla aplicadora de espuma.<br \/>\n2. Aplique Ultimate Black de manera uniforme y completa en el \u00e1rea de acabado exterior deseada.<br \/>\n3. Limpie cualquier exceso de Ultimate Black con una toalla limpia. NOTA: 2-3 aplicaciones pueden ser necesarias para \u00e1reas descuidadas.<\/p>\n<p>No aplique sobre vidrio, pintura, banda de rodadura de neum\u00e1ticos, cuero y asientos de motocicletas o bicicletas. Por favor, mant\u00e9ngase alejado del pl\u00e1stico transparente. No debe usarse en superficies donde no sea deseable un acabado liso o brillante.<\/p>\n","protected":false},"excerpt":{"rendered":"<ul class=\"a-unordered-list a-vertical a-spacing-none\">\n<li><span class=\"a-list-item\">Trae nueva vida a todos los pl\u00e1sticos de exterior, vinilo y goma.<\/span><\/li>\n<li><span class=\"a-list-item\">Oscuridad y brillo que dura semanas resiste al lavado y lluvia.<\/span><\/li>\n<li><span class=\"a-list-item\">Previene el envejecimiento y protege superficies de contaminantes.<\/span><\/li>\n<li><span class=\"a-list-item\">Regresa las superficies a perfectas condiciones.<\/span><\/li>\n<\/ul>\n","protected":false},"featured_media":4092,"comment_status":"open","ping_status":"closed","template":"","meta":[],"product_brand":[],"product_cat":[344],"product_tag":[412,352,355],"class_list":{"0":"post-4082","1":"product","2":"type-product","3":"status-publish","4":"has-post-thumbnail","6":"product_cat-productos-meguiars","7":"product_tag-black","8":"product_tag-partes-negras","9":"product_tag-ultimate","11":"first","12":"instock","13":"taxable","14":"shipping-taxable","15":"purchasable","16":"product-type-simple"},"_links":{"self":[{"href":"https:\/\/8000rpmtools.com\/index.php?rest_route=\/wp\/v2\/product\/4082","targetHints":{"allow":["GET"]}}],"collection":[{"href":"https:\/\/8000rpmtools.com\/index.php?rest_route=\/wp\/v2\/product"}],"about":[{"href":"https:\/\/8000rpmtools.com\/index.php?rest_route=\/wp\/v2\/types\/product"}],"replies":[{"embeddable":true,"href":"https:\/\/8000rpmtools.com\/index.php?rest_route=%2Fwp%2Fv2%2Fcomments&post=4082"}],"wp:featuredmedia":[{"embeddable":true,"href":"https:\/\/8000rpmtools.com\/index.php?rest_route=\/wp\/v2\/media\/4092"}],"wp:attachment":[{"href":"https:\/\/8000rpmtools.com\/index.php?rest_route=%2Fwp%2Fv2%2Fmedia&parent=4082"}],"wp:term":[{"taxonomy":"product_brand","embeddable":true,"href":"https:\/\/8000rpmtools.com\/index.php?rest_route=%2Fwp%2Fv2%2Fproduct_brand&post=4082"},{"taxonomy":"product_cat","embeddable":true,"href":"https:\/\/8000rpmtools.com\/index.php?rest_route=%2Fwp%2Fv2%2Fproduct_cat&post=4082"},{"taxonomy":"product_tag","embeddable":true,"href":"https:\/\/8000rpmtools.com\/index.php?rest_route=%2Fwp%2Fv2%2Fproduct_tag&post=4082"}],"curies":[{"name":"wp","href":"https:\/\/api.w.org\/{rel}","templated":true}]}}