{"id":4066,"date":"2020-04-09T05:53:04","date_gmt":"2020-04-09T05:53:04","guid":{"rendered":"http:\/\/8000rpmtools.com\/?post_type=product&#038;p=4066"},"modified":"2025-12-18T22:11:01","modified_gmt":"2025-12-19T03:11:01","slug":"ultimate-paste-wax-meguiars-cera-en-pasta-de-alto-rendimiento","status":"publish","type":"product","link":"https:\/\/8000rpmtools.com\/?product=ultimate-paste-wax-meguiars-cera-en-pasta-de-alto-rendimiento","title":{"rendered":"ULTIMATE PASTE WAX MEGUIARS &#8211; CERA EN PASTA DE ALTO RENDIMIENTO"},"content":{"rendered":"<p>Meguiar&#8217;s Ultimate Paste Wax utiliza la tecnolog\u00eda de pel\u00edcula delgada de Meguiars para ofrecer nuestra aplicaci\u00f3n y eliminaci\u00f3n m\u00e1s f\u00e1ciles, \u00a1incluso si tiene que depilarse a pleno sol! La tecnolog\u00eda de pol\u00edmero hidrof\u00f3bico patentada de Meguiars aumenta la tensi\u00f3n superficial para que el agua gotee y ruede de inmediato. Hemos reestablecido la barra para la cera del autom\u00f3vil con una cera sint\u00e9tica pura que brinda protecci\u00f3n extendida con reflectividad amplificada para una profundidad incre\u00edble y un brillo similar al del espejo.<\/p>\n<p>La mejor cera de su segmento, alto brillo y larga duraci\u00f3n, Puede aplicarse inclusive bajo la luz del sol<\/p>\n<div class=\"aplus-v2 desktop celwidget weblabRtl\" data-cel-widget=\"aplus\">\n<div class=\"celwidget aplus-module module-8\" data-cel-widget=\"aplus-module-8\">\n<div class=\"a-expander-collapsed-height a-row a-expander-container a-expander-partial-collapse-container\" aria-live=\"polite\" data-a-expander-name=\"aplus-module-expander\" data-a-expander-collapsed-height=\"700\">\n<div class=\"a-expander-content a-expander-partial-collapse-content\" aria-expanded=\"false\">\n<div class=\"aplus-module-wrapper\">\n<div class=\"apm-spacing\">\n<div class=\"apm-lefttwothirdswrap apm-floatleft\">\n<div class=\"apm-leftimage\"><img decoding=\"async\" class=\"a-spacing-mini\" src=\"https:\/\/m.media-amazon.com\/images\/S\/aplus-media\/vc\/4626f0b4-8dd8-4436-a107-b8b329642c92._CR0,0,300,300_PT0_SX300__.jpg\" alt=\"wax,paste,liquid wax,polish,polishing,waxing,dual action polisher,DA polisher,MT300\" data-src=\"https:\/\/m.media-amazon.com\/images\/S\/aplus-media\/vc\/4626f0b4-8dd8-4436-a107-b8b329642c92._CR0,0,300,300_PT0_SX300__.jpg\" \/><\/div>\n<div class=\"apm-centerthirdcol\">\n<p>Paste Wax con una aplicaci\u00f3n f\u00e1cil<\/p>\n<p>La cera Ultimate Paste de Meguiars presenta la tecnolog\u00eda ThinFilm de Meguiars, que hace que sea una cera f\u00e1cil de usar. Incluso a pleno sol, la cera es f\u00e1cil de aplicar y quitar. Con un simple paso, la f\u00f3rmula ofrece la m\u00e1xima protecci\u00f3n sint\u00e9tica, durabilidad y reflectividad. Esta cera sint\u00e9tica avanzada contiene pol\u00edmeros que brindan protecci\u00f3n extendida con reflectividad y brillo amplificados. Meguiar\u2019s Ultimate Paste Wax es una cera de pol\u00edmero de primera calidad que proporciona la protecci\u00f3n m\u00e1s duradera, con los reflejos m\u00e1s profundos y oscuros, un aspecto brillante y h\u00famedo, y es segura en todas las pinturas brillantes y capas transparentes.<\/p>\n<\/div>\n<\/div>\n<\/div>\n<\/div>\n<\/div>\n<\/div>\n<\/div>\n<\/div>\n","protected":false},"excerpt":{"rendered":"<ul>\n<li>Cera de alto brillo y protecci\u00f3n<\/li>\n<li>Repelencia extrema al agua y polvo<\/li>\n<li>El paquete incluye un aplicador y una toalla de microfibra grande<\/li>\n<li>Se puede aplicar bajo el sol y en latas calientes<\/li>\n<li>La mejor cera de su segmento<\/li>\n<\/ul>\n","protected":false},"featured_media":4070,"comment_status":"open","ping_status":"closed","template":"","meta":[],"product_brand":[],"product_cat":[344],"product_tag":[346,400,345,355],"class_list":{"0":"post-4066","1":"product","2":"type-product","3":"status-publish","4":"has-post-thumbnail","6":"product_cat-productos-meguiars","7":"product_tag-cera","8":"product_tag-ceramica","9":"product_tag-meguiars","10":"product_tag-ultimate","12":"first","13":"outofstock","14":"taxable","15":"shipping-taxable","16":"purchasable","17":"product-type-simple"},"_links":{"self":[{"href":"https:\/\/8000rpmtools.com\/index.php?rest_route=\/wp\/v2\/product\/4066","targetHints":{"allow":["GET"]}}],"collection":[{"href":"https:\/\/8000rpmtools.com\/index.php?rest_route=\/wp\/v2\/product"}],"about":[{"href":"https:\/\/8000rpmtools.com\/index.php?rest_route=\/wp\/v2\/types\/product"}],"replies":[{"embeddable":true,"href":"https:\/\/8000rpmtools.com\/index.php?rest_route=%2Fwp%2Fv2%2Fcomments&post=4066"}],"wp:featuredmedia":[{"embeddable":true,"href":"https:\/\/8000rpmtools.com\/index.php?rest_route=\/wp\/v2\/media\/4070"}],"wp:attachment":[{"href":"https:\/\/8000rpmtools.com\/index.php?rest_route=%2Fwp%2Fv2%2Fmedia&parent=4066"}],"wp:term":[{"taxonomy":"product_brand","embeddable":true,"href":"https:\/\/8000rpmtools.com\/index.php?rest_route=%2Fwp%2Fv2%2Fproduct_brand&post=4066"},{"taxonomy":"product_cat","embeddable":true,"href":"https:\/\/8000rpmtools.com\/index.php?rest_route=%2Fwp%2Fv2%2Fproduct_cat&post=4066"},{"taxonomy":"product_tag","embeddable":true,"href":"https:\/\/8000rpmtools.com\/index.php?rest_route=%2Fwp%2Fv2%2Fproduct_tag&post=4066"}],"curies":[{"name":"wp","href":"https:\/\/api.w.org\/{rel}","templated":true}]}}