{"id":4050,"date":"2020-04-09T05:21:27","date_gmt":"2020-04-09T05:21:27","guid":{"rendered":"http:\/\/8000rpmtools.com\/?post_type=product&#038;p=4050"},"modified":"2020-04-09T05:21:30","modified_gmt":"2020-04-09T05:21:30","slug":"pads-x2-para-pulido-con-da-power-sistem-meguiars","status":"publish","type":"product","link":"https:\/\/8000rpmtools.com\/?product=pads-x2-para-pulido-con-da-power-sistem-meguiars","title":{"rendered":"PADS X2 PARA PULIDO CON DA POWER SISTEM MEGUIARS"},"content":{"rendered":"<p>Los DA Compound Power Pads de Meguiar son una forma excelente de ahorrar tiempo y esfuerzo al combinar su autom\u00f3vil con nuestra herramienta DA Power System Tool. \u00daselo con nuestro Compuesto Ultimate para eliminar r\u00e1pidamente la oxidaci\u00f3n, ara\u00f1azos, remolinos, manchas de agua y otros defectos de pintura con facilidad. Nuestras almohadillas compuestas de 4 &#8220;cuentan con una tecnolog\u00eda de espuma \u00fanica que corta eficazmente los defectos de la superficie mientras restaura el color y la claridad de los acabados de pintura maltratados y descuidados. La almohadilla \u00e1gil se mueve de manera uniforme y r\u00e1pida en espacios abiertos, pero es lo suficientemente peque\u00f1a como para entrar en lugares estrechos. se puede lavar a m\u00e1quina y secar para su reutilizaci\u00f3n.<\/p>\n","protected":false},"excerpt":{"rendered":"<ul class=\"a-unordered-list a-vertical a-spacing-none\">\n<li><span class=\"a-list-item\">Power pad para pulir asegura una perfecta aplicaci\u00f3n uniforme y remoci\u00f3n de defectos leves.<\/span><\/li>\n<li><span class=\"a-list-item\">La almohadilla de 4 pulgadas se mueve r\u00e1pidamente en espacio abierto, pero es lo suficientemente peque\u00f1a para llegar a los espacios reducidos<\/span><\/li>\n<li><span class=\"a-list-item\">Tecnolog\u00eda de espuma suave proporciona una experiencia suave de pulido.<\/span><\/li>\n<li><span class=\"a-list-item\">Se puede lavar y secar a m\u00e1quina<\/span><\/li>\n<\/ul>\n","protected":false},"featured_media":4052,"comment_status":"open","ping_status":"closed","template":"","meta":[],"product_brand":[],"product_cat":[344],"product_tag":[409,407,238],"class_list":{"0":"post-4050","1":"product","2":"type-product","3":"status-publish","4":"has-post-thumbnail","6":"product_cat-productos-meguiars","7":"product_tag-compound","8":"product_tag-da-power","9":"product_tag-pulido","11":"first","12":"instock","13":"taxable","14":"shipping-taxable","15":"purchasable","16":"product-type-simple"},"_links":{"self":[{"href":"https:\/\/8000rpmtools.com\/index.php?rest_route=\/wp\/v2\/product\/4050","targetHints":{"allow":["GET"]}}],"collection":[{"href":"https:\/\/8000rpmtools.com\/index.php?rest_route=\/wp\/v2\/product"}],"about":[{"href":"https:\/\/8000rpmtools.com\/index.php?rest_route=\/wp\/v2\/types\/product"}],"replies":[{"embeddable":true,"href":"https:\/\/8000rpmtools.com\/index.php?rest_route=%2Fwp%2Fv2%2Fcomments&post=4050"}],"wp:featuredmedia":[{"embeddable":true,"href":"https:\/\/8000rpmtools.com\/index.php?rest_route=\/wp\/v2\/media\/4052"}],"wp:attachment":[{"href":"https:\/\/8000rpmtools.com\/index.php?rest_route=%2Fwp%2Fv2%2Fmedia&parent=4050"}],"wp:term":[{"taxonomy":"product_brand","embeddable":true,"href":"https:\/\/8000rpmtools.com\/index.php?rest_route=%2Fwp%2Fv2%2Fproduct_brand&post=4050"},{"taxonomy":"product_cat","embeddable":true,"href":"https:\/\/8000rpmtools.com\/index.php?rest_route=%2Fwp%2Fv2%2Fproduct_cat&post=4050"},{"taxonomy":"product_tag","embeddable":true,"href":"https:\/\/8000rpmtools.com\/index.php?rest_route=%2Fwp%2Fv2%2Fproduct_tag&post=4050"}],"curies":[{"name":"wp","href":"https:\/\/api.w.org\/{rel}","templated":true}]}}