{"id":4040,"date":"2020-04-09T05:14:50","date_gmt":"2020-04-09T05:14:50","guid":{"rendered":"http:\/\/8000rpmtools.com\/?post_type=product&#038;p=4040"},"modified":"2020-04-09T05:14:53","modified_gmt":"2020-04-09T05:14:53","slug":"pads-x2-para-abrillantado-con-da-power-sistem-meguiars","status":"publish","type":"product","link":"https:\/\/8000rpmtools.com\/?product=pads-x2-para-abrillantado-con-da-power-sistem-meguiars","title":{"rendered":"PADS X2 PARA ABRILLANTADO CON DA POWER SISTEM MEGUIARS"},"content":{"rendered":"<p>Las almohadillas de potencia de pulido DA de Meguiar son una herramienta esencial para pulir su autom\u00f3vil con nuestro sistema de potencia DA. Nuestras almohadillas de pulido de 4 &#8220;cuentan con tecnolog\u00eda de espuma suave que proporciona una aplicaci\u00f3n lisa y uniforme.<\/p>\n<p>\u00daselo con nuestro Ultimate Polish para eliminar r\u00e1pidamente remolinos finos mientras crea un brillo profundo y un color oscuro intenso, tambi\u00e9n se puede usar este pad para encerar con cualquier producto meguiars, Las almohadillas se pueden lavar y secar a m\u00e1quina para su reutilizaci\u00f3n. Dise\u00f1ado para usarse con Meguiar&#8217;s DA Power System Tool G3500. El paquete incluye dos almohadillas de espuma de pulido DA de espuma de 4 &#8220;.<\/p>\n","protected":false},"excerpt":{"rendered":"<ul class=\"a-unordered-list a-vertical a-spacing-none\">\n<li><span class=\"a-list-item\">Power pad para pulir asegura una perfecta aplicaci\u00f3n uniforme y remoci\u00f3n de defectos leves.<\/span><\/li>\n<li><span class=\"a-list-item\">La almohadilla de 4 pulgadas se mueve r\u00e1pidamente en espacio abierto, pero es lo suficientemente peque\u00f1a para llegar a los espacios reducidos<\/span><\/li>\n<li><span class=\"a-list-item\">Tecnolog\u00eda de espuma suave proporciona una experiencia suave de pulido.<\/span><\/li>\n<li><span class=\"a-list-item\">Se puede lavar y secar a m\u00e1quina<\/span><\/li>\n<\/ul>\n","protected":false},"featured_media":4048,"comment_status":"open","ping_status":"closed","template":"","meta":[],"product_brand":[],"product_cat":[344],"product_tag":[408,407,406],"class_list":{"0":"post-4040","1":"product","2":"type-product","3":"status-publish","4":"has-post-thumbnail","6":"product_cat-productos-meguiars","7":"product_tag-abrillantado","8":"product_tag-da-power","9":"product_tag-pads","11":"first","12":"instock","13":"taxable","14":"shipping-taxable","15":"purchasable","16":"product-type-simple"},"_links":{"self":[{"href":"https:\/\/8000rpmtools.com\/index.php?rest_route=\/wp\/v2\/product\/4040","targetHints":{"allow":["GET"]}}],"collection":[{"href":"https:\/\/8000rpmtools.com\/index.php?rest_route=\/wp\/v2\/product"}],"about":[{"href":"https:\/\/8000rpmtools.com\/index.php?rest_route=\/wp\/v2\/types\/product"}],"replies":[{"embeddable":true,"href":"https:\/\/8000rpmtools.com\/index.php?rest_route=%2Fwp%2Fv2%2Fcomments&post=4040"}],"wp:featuredmedia":[{"embeddable":true,"href":"https:\/\/8000rpmtools.com\/index.php?rest_route=\/wp\/v2\/media\/4048"}],"wp:attachment":[{"href":"https:\/\/8000rpmtools.com\/index.php?rest_route=%2Fwp%2Fv2%2Fmedia&parent=4040"}],"wp:term":[{"taxonomy":"product_brand","embeddable":true,"href":"https:\/\/8000rpmtools.com\/index.php?rest_route=%2Fwp%2Fv2%2Fproduct_brand&post=4040"},{"taxonomy":"product_cat","embeddable":true,"href":"https:\/\/8000rpmtools.com\/index.php?rest_route=%2Fwp%2Fv2%2Fproduct_cat&post=4040"},{"taxonomy":"product_tag","embeddable":true,"href":"https:\/\/8000rpmtools.com\/index.php?rest_route=%2Fwp%2Fv2%2Fproduct_tag&post=4040"}],"curies":[{"name":"wp","href":"https:\/\/api.w.org\/{rel}","templated":true}]}}