{"id":4035,"date":"2020-04-09T05:00:44","date_gmt":"2020-04-09T05:00:44","guid":{"rendered":"http:\/\/8000rpmtools.com\/?post_type=product&#038;p=4035"},"modified":"2020-04-09T05:00:48","modified_gmt":"2020-04-09T05:00:48","slug":"nxt-generation-polymer-paint-sealant-meguiars-cera-selladora-de-pintura","status":"publish","type":"product","link":"https:\/\/8000rpmtools.com\/?product=nxt-generation-polymer-paint-sealant-meguiars-cera-selladora-de-pintura","title":{"rendered":"NXT GENERATION POLYMER PAINT SEALANT MEGUIARS &#8211; CERA SELLADORA DE PINTURA"},"content":{"rendered":"<p>El nuevo NXT Generation Polymer Paint Sealant de Meguiar es un avance cient\u00edfico que introduce una dimensi\u00f3n completamente nueva en la protecci\u00f3n de la pintura. Esta f\u00f3rmula sint\u00e9tica tecnol\u00f3gicamente avanzada se desliza y se limpia sin esfuerzo, refinando el acabado de la pintura al minimizar los remolinos finos y los micro ara\u00f1azos, al mismo tiempo que produce un color intenso y vibrante y una apariencia h\u00fameda espectacularmente clara en la pintura.<\/p>\n<p>Nuestra tecnolog\u00eda patentada de pol\u00edmeros hidrof\u00f3bicos proporciona un abultado rebordeado de agua y protecci\u00f3n contra la oxidaci\u00f3n, la corrosi\u00f3n y la degradaci\u00f3n de la superficie. El sellador de pintura de pol\u00edmero NXT Generation de Meguiar le brinda un brillo intenso, de aspecto h\u00famedo profundo, protecci\u00f3n y el implacable rebordeado de la tecnolog\u00eda de pol\u00edmero hidrof\u00f3bico.<\/p>\n","protected":false},"excerpt":{"rendered":"<ul>\n<li>Crea una capa de pol\u00edmeros sint\u00e9ticos encima de la pintura para una protecci\u00f3n inigualable<\/li>\n<li>Repelencia extrema al agua y polvo<\/li>\n<li>Brillo intenso con apariencia de mojado<\/li>\n<li>Segura de usar en Faros y pl\u00e1sticos pintados<\/li>\n<li>Protecci\u00f3n de larga duraci\u00f3n<\/li>\n<\/ul>\n","protected":false},"featured_media":4039,"comment_status":"open","ping_status":"closed","template":"","meta":[],"product_brand":[],"product_cat":[344],"product_tag":[346,405,403,404,384],"class_list":{"0":"post-4035","1":"product","2":"type-product","3":"status-publish","4":"has-post-thumbnail","6":"product_cat-productos-meguiars","7":"product_tag-cera","8":"product_tag-ceramico","9":"product_tag-meguiars-sellador","10":"product_tag-polimeros","11":"product_tag-sellador","13":"first","14":"instock","15":"taxable","16":"shipping-taxable","17":"purchasable","18":"product-type-simple"},"_links":{"self":[{"href":"https:\/\/8000rpmtools.com\/index.php?rest_route=\/wp\/v2\/product\/4035","targetHints":{"allow":["GET"]}}],"collection":[{"href":"https:\/\/8000rpmtools.com\/index.php?rest_route=\/wp\/v2\/product"}],"about":[{"href":"https:\/\/8000rpmtools.com\/index.php?rest_route=\/wp\/v2\/types\/product"}],"replies":[{"embeddable":true,"href":"https:\/\/8000rpmtools.com\/index.php?rest_route=%2Fwp%2Fv2%2Fcomments&post=4035"}],"wp:featuredmedia":[{"embeddable":true,"href":"https:\/\/8000rpmtools.com\/index.php?rest_route=\/wp\/v2\/media\/4039"}],"wp:attachment":[{"href":"https:\/\/8000rpmtools.com\/index.php?rest_route=%2Fwp%2Fv2%2Fmedia&parent=4035"}],"wp:term":[{"taxonomy":"product_brand","embeddable":true,"href":"https:\/\/8000rpmtools.com\/index.php?rest_route=%2Fwp%2Fv2%2Fproduct_brand&post=4035"},{"taxonomy":"product_cat","embeddable":true,"href":"https:\/\/8000rpmtools.com\/index.php?rest_route=%2Fwp%2Fv2%2Fproduct_cat&post=4035"},{"taxonomy":"product_tag","embeddable":true,"href":"https:\/\/8000rpmtools.com\/index.php?rest_route=%2Fwp%2Fv2%2Fproduct_tag&post=4035"}],"curies":[{"name":"wp","href":"https:\/\/api.w.org\/{rel}","templated":true}]}}