{"id":4031,"date":"2020-04-09T04:48:47","date_gmt":"2020-04-09T04:48:47","guid":{"rendered":"http:\/\/8000rpmtools.com\/?post_type=product&#038;p=4031"},"modified":"2020-04-09T04:48:50","modified_gmt":"2020-04-09T04:48:50","slug":"gold-class-carnauba-plus-meguiars-liquida-cera-de-carnauba-premium","status":"publish","type":"product","link":"https:\/\/8000rpmtools.com\/?product=gold-class-carnauba-plus-meguiars-liquida-cera-de-carnauba-premium","title":{"rendered":"GOLD CLASS CARNAUBA PLUS MEGUIARS L\u00cdQUIDA &#8211; CERA DE CARNAUBA PREMIUM"},"content":{"rendered":"<p>La cera l\u00edquida Premium Carnauba Plus Gold Class de Meguiar crea una protecci\u00f3n de cera fuerte y duradera para preservar su acabado y dejarlo con un brillo reflectante brillante. Nuestra mezcla patentada de cera de carnauba premium y pol\u00edmeros protectores se ha mejorado para dejar un brillo a\u00fan m\u00e1s rico y un brillo m\u00e1s profundo con reflejos n\u00edtidos y claros. Segura y efectiva en capas transparentes y en todos los tipos de pintura brillante, esta cera Gold Class se desliza f\u00e1cilmente dentro y fuera con la almohadilla aplicadora de espuma suave incluida. Se puede aplicar a mano o con una pulidora DA como la pulidora de doble acci\u00f3n MT300 de Meguiar.<\/p>\n","protected":false},"excerpt":{"rendered":"<ul>\n<li>CERA L\u00cdQUIDA PARA ALTO BRILLO: la lujosa mezcla de cera de carnauba y pol\u00edmeros crea una protecci\u00f3n fuerte y duradera para preservar su acabado con un brillo reflectante brillante<\/li>\n<li>CAPA CLARA SEGURA: La mezcla especial de carnauba y pol\u00edmeros protectores es segura y efectiva en capas transparentes y todo tipo de pintura brillante.<\/li>\n<li>MEJOR BRILLO: la f\u00f3rmula mejorada crea un brillo a\u00fan m\u00e1s brillante y reflejos m\u00e1s profundos<\/li>\n<li>LISTO PARA USAR: Viene con un aplicador de espuma suave de alta calidad.<\/li>\n<\/ul>\n","protected":false},"featured_media":4034,"comment_status":"open","ping_status":"closed","template":"","meta":[],"product_brand":[],"product_cat":[344],"product_tag":[401,346,402,345],"class_list":{"0":"post-4031","1":"product","2":"type-product","3":"status-publish","4":"has-post-thumbnail","6":"product_cat-productos-meguiars","7":"product_tag-carnauba","8":"product_tag-cera","9":"product_tag-liquida","10":"product_tag-meguiars","12":"first","13":"instock","14":"taxable","15":"shipping-taxable","16":"purchasable","17":"product-type-simple"},"_links":{"self":[{"href":"https:\/\/8000rpmtools.com\/index.php?rest_route=\/wp\/v2\/product\/4031","targetHints":{"allow":["GET"]}}],"collection":[{"href":"https:\/\/8000rpmtools.com\/index.php?rest_route=\/wp\/v2\/product"}],"about":[{"href":"https:\/\/8000rpmtools.com\/index.php?rest_route=\/wp\/v2\/types\/product"}],"replies":[{"embeddable":true,"href":"https:\/\/8000rpmtools.com\/index.php?rest_route=%2Fwp%2Fv2%2Fcomments&post=4031"}],"wp:featuredmedia":[{"embeddable":true,"href":"https:\/\/8000rpmtools.com\/index.php?rest_route=\/wp\/v2\/media\/4034"}],"wp:attachment":[{"href":"https:\/\/8000rpmtools.com\/index.php?rest_route=%2Fwp%2Fv2%2Fmedia&parent=4031"}],"wp:term":[{"taxonomy":"product_brand","embeddable":true,"href":"https:\/\/8000rpmtools.com\/index.php?rest_route=%2Fwp%2Fv2%2Fproduct_brand&post=4031"},{"taxonomy":"product_cat","embeddable":true,"href":"https:\/\/8000rpmtools.com\/index.php?rest_route=%2Fwp%2Fv2%2Fproduct_cat&post=4031"},{"taxonomy":"product_tag","embeddable":true,"href":"https:\/\/8000rpmtools.com\/index.php?rest_route=%2Fwp%2Fv2%2Fproduct_tag&post=4031"}],"curies":[{"name":"wp","href":"https:\/\/api.w.org\/{rel}","templated":true}]}}