{"id":4024,"date":"2020-04-09T04:39:19","date_gmt":"2020-04-09T04:39:19","guid":{"rendered":"http:\/\/8000rpmtools.com\/?post_type=product&#038;p=4024"},"modified":"2025-12-18T22:11:01","modified_gmt":"2025-12-19T03:11:01","slug":"gold-class-carnauba-plus-meguiars-cera-de-carnauba-premium","status":"publish","type":"product","link":"https:\/\/8000rpmtools.com\/?product=gold-class-carnauba-plus-meguiars-cera-de-carnauba-premium","title":{"rendered":"GOLD CLASS CARNAUBA PLUS MEGUIARS CREMA &#8211; CERA DE CARNAUBA PREMIUM"},"content":{"rendered":"<p>Preserve su acabado con la cera de pasta premium Carnauba Plus Gold Class de Meguiar. Nuestra combinaci\u00f3n patentada de cera de carnauba premium y pol\u00edmeros duraderos crea una protecci\u00f3n fuerte y duradera para preservar su acabado con un brillo deslumbrante.<\/p>\n<p>La f\u00f3rmula mejorada crea a\u00fan m\u00e1s brillo y brillo mientras deja reflejos m\u00e1s profundos. Gold Class Carnauba Plus se desliza f\u00e1cilmente dentro y fuera, y se puede usar a mano o con una pulidora DA como la pulidora de doble acci\u00f3n MT300 de Meguiar. El embalaje tambi\u00e9n incluye un aplicador de espuma suave de alta calidad para una aplicaci\u00f3n delgada y uniforme. Seguro para todo tipo de pintura brillante, incluidas las capas transparentes.<\/p>\n","protected":false},"excerpt":{"rendered":"<ul>\n<li>CERA DE PASTA PARA ALTO BRILLO: la lujosa mezcla de cera de carnauba y pol\u00edmeros crea una protecci\u00f3n fuerte y duradera para preservar su acabado con un brillo reflectante brillante<\/li>\n<li>CAPA CLARA SEGURA: La mezcla especial de carnauba y pol\u00edmeros protectores es segura y efectiva en capas transparentes y todo tipo de pintura brillante.<\/li>\n<li>MEJOR BRILLO: la f\u00f3rmula mejorada crea un brillo a\u00fan m\u00e1s brillante y reflejos m\u00e1s profundos<\/li>\n<li>LISTO PARA USAR: Viene con un aplicador de espuma suave de alta calidad.<\/li>\n<\/ul>\n","protected":false},"featured_media":4030,"comment_status":"open","ping_status":"closed","template":"","meta":[],"product_brand":[],"product_cat":[344],"product_tag":[401,346,345],"class_list":{"0":"post-4024","1":"product","2":"type-product","3":"status-publish","4":"has-post-thumbnail","6":"product_cat-productos-meguiars","7":"product_tag-carnauba","8":"product_tag-cera","9":"product_tag-meguiars","11":"first","12":"outofstock","13":"taxable","14":"shipping-taxable","15":"purchasable","16":"product-type-simple"},"_links":{"self":[{"href":"https:\/\/8000rpmtools.com\/index.php?rest_route=\/wp\/v2\/product\/4024","targetHints":{"allow":["GET"]}}],"collection":[{"href":"https:\/\/8000rpmtools.com\/index.php?rest_route=\/wp\/v2\/product"}],"about":[{"href":"https:\/\/8000rpmtools.com\/index.php?rest_route=\/wp\/v2\/types\/product"}],"replies":[{"embeddable":true,"href":"https:\/\/8000rpmtools.com\/index.php?rest_route=%2Fwp%2Fv2%2Fcomments&post=4024"}],"wp:featuredmedia":[{"embeddable":true,"href":"https:\/\/8000rpmtools.com\/index.php?rest_route=\/wp\/v2\/media\/4030"}],"wp:attachment":[{"href":"https:\/\/8000rpmtools.com\/index.php?rest_route=%2Fwp%2Fv2%2Fmedia&parent=4024"}],"wp:term":[{"taxonomy":"product_brand","embeddable":true,"href":"https:\/\/8000rpmtools.com\/index.php?rest_route=%2Fwp%2Fv2%2Fproduct_brand&post=4024"},{"taxonomy":"product_cat","embeddable":true,"href":"https:\/\/8000rpmtools.com\/index.php?rest_route=%2Fwp%2Fv2%2Fproduct_cat&post=4024"},{"taxonomy":"product_tag","embeddable":true,"href":"https:\/\/8000rpmtools.com\/index.php?rest_route=%2Fwp%2Fv2%2Fproduct_tag&post=4024"}],"curies":[{"name":"wp","href":"https:\/\/api.w.org\/{rel}","templated":true}]}}