{"id":4017,"date":"2020-04-09T04:30:12","date_gmt":"2020-04-09T04:30:12","guid":{"rendered":"http:\/\/8000rpmtools.com\/?post_type=product&#038;p=4017"},"modified":"2020-04-09T04:30:15","modified_gmt":"2020-04-09T04:30:15","slug":"hybrid-ceramic-wax-meguiars-cera-ceramica-para-aplicacion-en-mojado","status":"publish","type":"product","link":"https:\/\/8000rpmtools.com\/?product=hybrid-ceramic-wax-meguiars-cera-ceramica-para-aplicacion-en-mojado","title":{"rendered":"HYBRID CERAMIC WAX MEGUIARS &#8211; CERA CER\u00c1MICA PARA APLICACI\u00d3N EN MOJADO"},"content":{"rendered":"<p>\u00bfDesea una cera de autom\u00f3vil f\u00e1cil de usar con tecnolog\u00eda avanzada y sofisticada que brinde lo \u00faltimo en protecci\u00f3n? La cera de cer\u00e1mica h\u00edbrida de Meguiars es la respuesta. Con la tecnolog\u00eda h\u00edbrida Si02 completamente nueva y avanzada, obtienes una protecci\u00f3n cer\u00e1mica que es tan f\u00e1cil de usar que puedes encerar tu pintura mientras enjuagas tu auto. Despu\u00e9s de lavar y enjuagar el jab\u00f3n, simplemente roc\u00ede la cera de cer\u00e1mica h\u00edbrida de Meguiar y luego siga con un segundo enjuague con una fuerte corriente de agua. Este enjuague final ayuda a extender y colocar la cera de manera uniforme. Seque su veh\u00edculo como lo har\u00eda normalmente con una toalla de secado de microfibra de calidad, como la toalla de secado con im\u00e1n de agua de microfibra de Meguiar. No hay roce ni desgaste y no hay tiempo de curado. Te queda protecci\u00f3n cer\u00e1mica y durabilidad mucho m\u00e1s all\u00e1 de la cera convencional y la protecci\u00f3n extrema contra el agua. \u00bfConvencional? No. \u00bfsensacional? \u00a1Si! \u00a1Es de cer\u00e1mica hecha f\u00e1cil!<\/p>\n","protected":false},"excerpt":{"rendered":"<ul>\n<li>F\u00c1CIL DE USAR: \u00a1Solo roc\u00ede, enjuague y seque! \u00a1Es f\u00e1cil!<\/li>\n<li>MENOS ESFUERZO: sin frotar, curar, pulir o ensuciar<\/li>\n<li>PROTECCI\u00d3N DE CERA CER\u00c1MICA H\u00cdBRIDA<\/li>\n<li>M\u00c1S QUE UNA CERA: protecci\u00f3n y durabilidad m\u00e1s all\u00e1 de la cera convencional<\/li>\n<li>REPELENCIA EXTREMA AL AGUA<\/li>\n<\/ul>\n","protected":false},"featured_media":4019,"comment_status":"open","ping_status":"closed","template":"","meta":[],"product_brand":[],"product_cat":[344],"product_tag":[349,346,400],"class_list":{"0":"post-4017","1":"product","2":"type-product","3":"status-publish","4":"has-post-thumbnail","6":"product_cat-productos-meguiars","7":"product_tag-brillo","8":"product_tag-cera","9":"product_tag-ceramica","11":"first","12":"instock","13":"taxable","14":"shipping-taxable","15":"purchasable","16":"product-type-simple"},"_links":{"self":[{"href":"https:\/\/8000rpmtools.com\/index.php?rest_route=\/wp\/v2\/product\/4017","targetHints":{"allow":["GET"]}}],"collection":[{"href":"https:\/\/8000rpmtools.com\/index.php?rest_route=\/wp\/v2\/product"}],"about":[{"href":"https:\/\/8000rpmtools.com\/index.php?rest_route=\/wp\/v2\/types\/product"}],"replies":[{"embeddable":true,"href":"https:\/\/8000rpmtools.com\/index.php?rest_route=%2Fwp%2Fv2%2Fcomments&post=4017"}],"wp:featuredmedia":[{"embeddable":true,"href":"https:\/\/8000rpmtools.com\/index.php?rest_route=\/wp\/v2\/media\/4019"}],"wp:attachment":[{"href":"https:\/\/8000rpmtools.com\/index.php?rest_route=%2Fwp%2Fv2%2Fmedia&parent=4017"}],"wp:term":[{"taxonomy":"product_brand","embeddable":true,"href":"https:\/\/8000rpmtools.com\/index.php?rest_route=%2Fwp%2Fv2%2Fproduct_brand&post=4017"},{"taxonomy":"product_cat","embeddable":true,"href":"https:\/\/8000rpmtools.com\/index.php?rest_route=%2Fwp%2Fv2%2Fproduct_cat&post=4017"},{"taxonomy":"product_tag","embeddable":true,"href":"https:\/\/8000rpmtools.com\/index.php?rest_route=%2Fwp%2Fv2%2Fproduct_tag&post=4017"}],"curies":[{"name":"wp","href":"https:\/\/api.w.org\/{rel}","templated":true}]}}