{"id":3993,"date":"2020-04-08T23:55:05","date_gmt":"2020-04-08T23:55:05","guid":{"rendered":"http:\/\/8000rpmtools.com\/?post_type=product&#038;p=3993"},"modified":"2020-04-08T23:55:09","modified_gmt":"2020-04-08T23:55:09","slug":"ultimate-wash-wax-waterless-meguiars-limpia-el-auto-sin-agua-y-anade-una-capa-de-cera","status":"publish","type":"product","link":"https:\/\/8000rpmtools.com\/?product=ultimate-wash-wax-waterless-meguiars-limpia-el-auto-sin-agua-y-anade-una-capa-de-cera","title":{"rendered":"ULTIMATE WASH &#038; WAX WATERLESS MEGUIARS -LIMPIA EL AUTO SIN AGUA Y A\u00d1ADE UNA CAPA DE CERA"},"content":{"rendered":"<p>Ultimate Waterless Wash &amp; Wax elimina de forma segura la mugre y la suciedad mientras deja una capa protectora de cera hidrof\u00f3bica. En tan solo 15 minutos, esta nueva f\u00f3rmula puede transformar una apariencia mon\u00f3tona y sucia en un autom\u00f3vil impresionante, limpio y brillante, sin una gota de agua,\u00a0 Para usar este producto simplemente roc\u00ede sobre la superficie del veh\u00edculo y limpie suavemente con Meguiar&#8217;s Supreme Shine u otra toalla de microfibra de alta calidad. La qu\u00edmica \u00fanica del spray Wash and Wax Anywhere garantiza un acabado sin ara\u00f1azos cuando se usa seg\u00fan las indicaciones, ya que los lubricantes especiales y los agentes de limpieza aflojan de forma segura y luego eliminan suavemente la suciedad. Luego, limpie r\u00e1pidamente con una toalla limpia y seca y la superficie quedar\u00e1 con un acabado hermoso, brillante y reci\u00e9n encerado. Waterless Wash &amp; Wax tambi\u00e9n es seguro de usar en todos los tipos de ruedas, adem\u00e1s de caucho, vinilo y vidrio.<\/p>\n","protected":false},"excerpt":{"rendered":"<ul class=\"a-unordered-list a-vertical a-spacing-none\">\n<li><span class=\"a-list-item\">Formula sin rayones, convenientemente y suavemente se lava y a\u00f1ade protecci\u00f3n de cera en un solo paso. Se puede utilizar en cualquier lugar sin manguera, cubo o enjuague.<\/span><\/li>\n<li><span class=\"a-list-item\">La qu\u00edmica avanzada contiene una f\u00f3rmula sin manchas de agua, junto con una alta lubricidad que protege la superficie contra remolinos y ara\u00f1azos mientras limpia suavemente.<\/span><\/li>\n<li><span class=\"a-list-item\">La qu\u00edmica avanzada del pol\u00edmero deja una barrera de cera sint\u00e9tica brillante que dura semanas.<\/span><\/li>\n<\/ul>\n","protected":false},"featured_media":3999,"comment_status":"open","ping_status":"closed","template":"","meta":[],"product_brand":[],"product_cat":[344],"product_tag":[346,399,345],"class_list":{"0":"post-3993","1":"product","2":"type-product","3":"status-publish","4":"has-post-thumbnail","6":"product_cat-productos-meguiars","7":"product_tag-cera","8":"product_tag-limpieza-en-seco","9":"product_tag-meguiars","11":"first","12":"instock","13":"taxable","14":"shipping-taxable","15":"purchasable","16":"product-type-simple"},"_links":{"self":[{"href":"https:\/\/8000rpmtools.com\/index.php?rest_route=\/wp\/v2\/product\/3993","targetHints":{"allow":["GET"]}}],"collection":[{"href":"https:\/\/8000rpmtools.com\/index.php?rest_route=\/wp\/v2\/product"}],"about":[{"href":"https:\/\/8000rpmtools.com\/index.php?rest_route=\/wp\/v2\/types\/product"}],"replies":[{"embeddable":true,"href":"https:\/\/8000rpmtools.com\/index.php?rest_route=%2Fwp%2Fv2%2Fcomments&post=3993"}],"wp:featuredmedia":[{"embeddable":true,"href":"https:\/\/8000rpmtools.com\/index.php?rest_route=\/wp\/v2\/media\/3999"}],"wp:attachment":[{"href":"https:\/\/8000rpmtools.com\/index.php?rest_route=%2Fwp%2Fv2%2Fmedia&parent=3993"}],"wp:term":[{"taxonomy":"product_brand","embeddable":true,"href":"https:\/\/8000rpmtools.com\/index.php?rest_route=%2Fwp%2Fv2%2Fproduct_brand&post=3993"},{"taxonomy":"product_cat","embeddable":true,"href":"https:\/\/8000rpmtools.com\/index.php?rest_route=%2Fwp%2Fv2%2Fproduct_cat&post=3993"},{"taxonomy":"product_tag","embeddable":true,"href":"https:\/\/8000rpmtools.com\/index.php?rest_route=%2Fwp%2Fv2%2Fproduct_tag&post=3993"}],"curies":[{"name":"wp","href":"https:\/\/api.w.org\/{rel}","templated":true}]}}