{"id":3979,"date":"2020-04-08T23:25:38","date_gmt":"2020-04-08T23:25:38","guid":{"rendered":"http:\/\/8000rpmtools.com\/?post_type=product&#038;p=3979"},"modified":"2020-04-08T23:25:41","modified_gmt":"2020-04-08T23:25:41","slug":"ultimate-wash-wax-meguiars-shampoo-con-cera-1-4-litros","status":"publish","type":"product","link":"https:\/\/8000rpmtools.com\/?product=ultimate-wash-wax-meguiars-shampoo-con-cera-1-4-litros","title":{"rendered":"ULTIMATE WASH &#038; WAX MEGUIARS &#8211; SHAMPOO CON CERA 1.4 Litros"},"content":{"rendered":"<p>Meguiar &#8216;s Ultimate Wash y Cera cuenta con una mezcla de cera de carna\u00faba Premium y sint\u00e9tico pol\u00edmeros que protege y brilla mientras lavado elimina la suciedad y la mugre. Un acabado excepcional, la protecci\u00f3n y la perfecci\u00f3n, con cera de Meguiar &#8216;s Ultimate.<\/p>\n<p>Esta cera de carna\u00faba Premium con efecto hidrof\u00f3bico de caracter\u00edsticas tecnolog\u00eda de pol\u00edmero para un profundo y brillante acabado encerado. Meguiar &#8216;s Ultimate Wash y Cera ahorra tiempo de limpieza y la cera en el mismo tiempo, proporcionando brillo y protecci\u00f3n superior para coches, barcos, motocicletas y m\u00e1s.<\/p>\n","protected":false},"excerpt":{"rendered":"<ul>\n<li>lava y Encera al mismo tiempo<\/li>\n<li>Aporta una capa de cera con cada lavado<\/li>\n<li>Acabado brillante y liso<\/li>\n<li>Diluci\u00f3n Recomendada 1oz por cada 5 litros de agua<\/li>\n<\/ul>\n","protected":false},"featured_media":3983,"comment_status":"open","ping_status":"closed","template":"","meta":[],"product_brand":[],"product_cat":[344],"product_tag":[346,345,350],"class_list":{"0":"post-3979","1":"product","2":"type-product","3":"status-publish","4":"has-post-thumbnail","6":"product_cat-productos-meguiars","7":"product_tag-cera","8":"product_tag-meguiars","9":"product_tag-shampoo","11":"first","12":"instock","13":"taxable","14":"shipping-taxable","15":"purchasable","16":"product-type-simple"},"_links":{"self":[{"href":"https:\/\/8000rpmtools.com\/index.php?rest_route=\/wp\/v2\/product\/3979","targetHints":{"allow":["GET"]}}],"collection":[{"href":"https:\/\/8000rpmtools.com\/index.php?rest_route=\/wp\/v2\/product"}],"about":[{"href":"https:\/\/8000rpmtools.com\/index.php?rest_route=\/wp\/v2\/types\/product"}],"replies":[{"embeddable":true,"href":"https:\/\/8000rpmtools.com\/index.php?rest_route=%2Fwp%2Fv2%2Fcomments&post=3979"}],"wp:featuredmedia":[{"embeddable":true,"href":"https:\/\/8000rpmtools.com\/index.php?rest_route=\/wp\/v2\/media\/3983"}],"wp:attachment":[{"href":"https:\/\/8000rpmtools.com\/index.php?rest_route=%2Fwp%2Fv2%2Fmedia&parent=3979"}],"wp:term":[{"taxonomy":"product_brand","embeddable":true,"href":"https:\/\/8000rpmtools.com\/index.php?rest_route=%2Fwp%2Fv2%2Fproduct_brand&post=3979"},{"taxonomy":"product_cat","embeddable":true,"href":"https:\/\/8000rpmtools.com\/index.php?rest_route=%2Fwp%2Fv2%2Fproduct_cat&post=3979"},{"taxonomy":"product_tag","embeddable":true,"href":"https:\/\/8000rpmtools.com\/index.php?rest_route=%2Fwp%2Fv2%2Fproduct_tag&post=3979"}],"curies":[{"name":"wp","href":"https:\/\/api.w.org\/{rel}","templated":true}]}}