{"id":3968,"date":"2020-04-08T23:15:21","date_gmt":"2020-04-08T23:15:21","guid":{"rendered":"http:\/\/8000rpmtools.com\/?post_type=product&#038;p=3968"},"modified":"2025-12-18T22:11:01","modified_gmt":"2025-12-19T03:11:01","slug":"ultimate-quick-detailer-limpia-detalla-y-renueva-tratamientos-de-pintura","status":"publish","type":"product","link":"https:\/\/8000rpmtools.com\/?product=ultimate-quick-detailer-limpia-detalla-y-renueva-tratamientos-de-pintura","title":{"rendered":"ULTIMATE QUICK DETAILER &#8211; LIMPIA, DETALLA Y RENUEVA TRATAMIENTOS DE PINTURA"},"content":{"rendered":"<p>El Ultimate Quik Detailer de Meguiar mejora la profundidad de color y la protecci\u00f3n de cera al tiempo que es seguro en todas las superficies. Su tecnolog\u00eda de pol\u00edmero hidrof\u00f3bico (&#8220;repelente al agua&#8221;) crea una superficie repelente al agua para brindarle a su autom\u00f3vil una protecci\u00f3n adicional. Use este detallista r\u00e1pido para eliminar de forma segura el polvo y los contaminantes de la superficie fresca mientras hace que su autom\u00f3vil brille con un aspecto &#8220;reci\u00e9n lavado&#8221;. Es perfecto para eliminar el polvo y las huellas dactilares y deja un acabado liso, brillante y ultra oscuro.<\/p>\n","protected":false},"excerpt":{"rendered":"<ul class=\"a-unordered-list a-vertical a-spacing-none\">\n<li><span class=\"a-list-item\">Este detallador de spray r\u00e1pido elimina de forma segura y r\u00e1pida el polvo y los contaminantes de la superficie entre lavados.<\/span><\/li>\n<li><span class=\"a-list-item\">Mejora la protecci\u00f3n: refuerza la protecci\u00f3n de la cera y mejora el brillo, el color y el brillo.<\/span><\/li>\n<li><span class=\"a-list-item\">La tecnolog\u00eda de pol\u00edmero hidrof\u00f3bico empuja el agua directamente de la superficie para minimizar los manchas de agua y hace que secar la pintura sea m\u00e1s f\u00e1cil.<\/span><\/li>\n<li><span class=\"a-list-item\">Acabado brillante y elegante<\/span><\/li>\n<\/ul>\n","protected":false},"featured_media":3972,"comment_status":"open","ping_status":"closed","template":"","meta":[],"product_brand":[],"product_cat":[344],"product_tag":[345,358,355],"class_list":{"0":"post-3968","1":"product","2":"type-product","3":"status-publish","4":"has-post-thumbnail","6":"product_cat-productos-meguiars","7":"product_tag-meguiars","8":"product_tag-quick-detailer","9":"product_tag-ultimate","11":"first","12":"outofstock","13":"taxable","14":"shipping-taxable","15":"purchasable","16":"product-type-simple"},"_links":{"self":[{"href":"https:\/\/8000rpmtools.com\/index.php?rest_route=\/wp\/v2\/product\/3968","targetHints":{"allow":["GET"]}}],"collection":[{"href":"https:\/\/8000rpmtools.com\/index.php?rest_route=\/wp\/v2\/product"}],"about":[{"href":"https:\/\/8000rpmtools.com\/index.php?rest_route=\/wp\/v2\/types\/product"}],"replies":[{"embeddable":true,"href":"https:\/\/8000rpmtools.com\/index.php?rest_route=%2Fwp%2Fv2%2Fcomments&post=3968"}],"wp:featuredmedia":[{"embeddable":true,"href":"https:\/\/8000rpmtools.com\/index.php?rest_route=\/wp\/v2\/media\/3972"}],"wp:attachment":[{"href":"https:\/\/8000rpmtools.com\/index.php?rest_route=%2Fwp%2Fv2%2Fmedia&parent=3968"}],"wp:term":[{"taxonomy":"product_brand","embeddable":true,"href":"https:\/\/8000rpmtools.com\/index.php?rest_route=%2Fwp%2Fv2%2Fproduct_brand&post=3968"},{"taxonomy":"product_cat","embeddable":true,"href":"https:\/\/8000rpmtools.com\/index.php?rest_route=%2Fwp%2Fv2%2Fproduct_cat&post=3968"},{"taxonomy":"product_tag","embeddable":true,"href":"https:\/\/8000rpmtools.com\/index.php?rest_route=%2Fwp%2Fv2%2Fproduct_tag&post=3968"}],"curies":[{"name":"wp","href":"https:\/\/api.w.org\/{rel}","templated":true}]}}