{"id":3953,"date":"2020-04-08T22:54:35","date_gmt":"2020-04-08T22:54:35","guid":{"rendered":"http:\/\/8000rpmtools.com\/?post_type=product&#038;p=3953"},"modified":"2020-04-08T22:54:38","modified_gmt":"2020-04-08T22:54:38","slug":"water-magnet-microfiber-meguiars-toalla-especial-para-secado-de-autos","status":"publish","type":"product","link":"https:\/\/8000rpmtools.com\/?product=water-magnet-microfiber-meguiars-toalla-especial-para-secado-de-autos","title":{"rendered":"WATER MAGNET MICROFIBER MEGUIARS &#8211; TOALLA ESPECIAL PARA SECADO DE AUTOS"},"content":{"rendered":"<p>La toalla de secado de microfibra Water Magnet de Meguiar reduce el tiempo de secado con menos escurrimientos al absorber hasta dos veces el agua de las toallas de felpa tradicionales. La textura de gofre ultragrande y extra grande de 22 &#8220;x 30&#8221; se escurre f\u00e1cilmente dejando un acabado sin manchas.<\/p>\n<div class=\"apm-leftimage\"><img decoding=\"async\" class=\"a-spacing-mini\" src=\"https:\/\/m.media-amazon.com\/images\/S\/aplus-media\/vc\/0c64fc72-8c6c-4fce-8bb2-590f0fb3782b._CR0,0,300,300_PT0_SX300__.jpg\" alt=\"microfiber towel, reusable towel, drying towel\" data-src=\"https:\/\/m.media-amazon.com\/images\/S\/aplus-media\/vc\/0c64fc72-8c6c-4fce-8bb2-590f0fb3782b._CR0,0,300,300_PT0_SX300__.jpg\" \/><\/div>\n<div class=\"apm-centerthirdcol\">\n<p>Ning\u00fan proyecto de detalles de autom\u00f3viles estar\u00eda completo sin la toalla de microfibra perfecta. Ahorre dinero y desperdicio con una toalla reutilizable que brillar\u00e1 y pulir\u00e1 suavemente su veh\u00edculo mientras seca el exceso de agua.<\/p>\n<p>La toalla de secado con im\u00e1n de agua de microfibra de Meguiar reduce el tiempo de secado con menos escurrimientos al absorber hasta dos veces la cantidad de agua de las toallas de felpa tradicionales. A diferencia de la toalla t\u00edpica, el dise\u00f1o de waffle contiene m\u00e1s tela, lo que permite al usuario recoger cantidades adicionales de agua con un r\u00e1pido deslizamiento. Esta toalla de microfibra es el im\u00e1n de agua ideal que deja un acabado sin manchas despu\u00e9s de cada uso, lo que facilita que cualquiera pueda terminar su proyecto de autom\u00f3vil con facilidad.<\/p>\n<\/div>\n","protected":false},"excerpt":{"rendered":"<ul class=\"a-unordered-list a-vertical a-spacing-none\">\n<li><span class=\"a-list-item\">Reduce el tiempo de secado con mayor absorci\u00f3n.<\/span><\/li>\n<li><span class=\"a-list-item\">Absorbe hasta de doble de agua que las toallas tradicionales.<\/span><\/li>\n<li><span class=\"a-list-item\">Deja la superficie reluciente sin dejar rayas.<\/span><\/li>\n<li><span class=\"a-list-item\">Reutilizable y lavable a m\u00e1quina.<\/span><\/li>\n<li><span class=\"a-list-item\">Largo 55cm X 76cm, toalla de microfibra de trama cuadriculada.<\/span><\/li>\n<\/ul>\n","protected":false},"featured_media":3960,"comment_status":"open","ping_status":"closed","template":"","meta":[],"product_brand":[],"product_cat":[344],"product_tag":[345,347,393,348],"class_list":{"0":"post-3953","1":"product","2":"type-product","3":"status-publish","4":"has-post-thumbnail","6":"product_cat-productos-meguiars","7":"product_tag-meguiars","8":"product_tag-microfibra","9":"product_tag-secar","10":"product_tag-toalla","12":"first","13":"instock","14":"taxable","15":"shipping-taxable","16":"purchasable","17":"product-type-simple"},"_links":{"self":[{"href":"https:\/\/8000rpmtools.com\/index.php?rest_route=\/wp\/v2\/product\/3953","targetHints":{"allow":["GET"]}}],"collection":[{"href":"https:\/\/8000rpmtools.com\/index.php?rest_route=\/wp\/v2\/product"}],"about":[{"href":"https:\/\/8000rpmtools.com\/index.php?rest_route=\/wp\/v2\/types\/product"}],"replies":[{"embeddable":true,"href":"https:\/\/8000rpmtools.com\/index.php?rest_route=%2Fwp%2Fv2%2Fcomments&post=3953"}],"wp:featuredmedia":[{"embeddable":true,"href":"https:\/\/8000rpmtools.com\/index.php?rest_route=\/wp\/v2\/media\/3960"}],"wp:attachment":[{"href":"https:\/\/8000rpmtools.com\/index.php?rest_route=%2Fwp%2Fv2%2Fmedia&parent=3953"}],"wp:term":[{"taxonomy":"product_brand","embeddable":true,"href":"https:\/\/8000rpmtools.com\/index.php?rest_route=%2Fwp%2Fv2%2Fproduct_brand&post=3953"},{"taxonomy":"product_cat","embeddable":true,"href":"https:\/\/8000rpmtools.com\/index.php?rest_route=%2Fwp%2Fv2%2Fproduct_cat&post=3953"},{"taxonomy":"product_tag","embeddable":true,"href":"https:\/\/8000rpmtools.com\/index.php?rest_route=%2Fwp%2Fv2%2Fproduct_tag&post=3953"}],"curies":[{"name":"wp","href":"https:\/\/api.w.org\/{rel}","templated":true}]}}