{"id":3935,"date":"2020-04-08T21:35:58","date_gmt":"2020-04-08T21:35:58","guid":{"rendered":"http:\/\/8000rpmtools.com\/?post_type=product&#038;p=3935"},"modified":"2020-04-08T21:36:01","modified_gmt":"2020-04-08T21:36:01","slug":"ultimate-polish-meguiars-abrillantador-pre-encerado","status":"publish","type":"product","link":"https:\/\/8000rpmtools.com\/?product=ultimate-polish-meguiars-abrillantador-pre-encerado","title":{"rendered":"ULTIMATE POLISH MEGUIARS &#8211; ABRILLANTADOR PRE ENCERADO"},"content":{"rendered":"<p>Es un esmalte de pre-encerado de primera calidad que elimina las finas marcas de remolino para producir reflejos profundos y h\u00famedos con alto brillo, tambi\u00e9n agrega profundidad de color, especialmente en autom\u00f3viles de color oscuro, y deja el acabado de la pintura incre\u00edblemente brillante con reflejos en forma de espejo.<\/p>\n","protected":false},"excerpt":{"rendered":"<ul class=\"a-unordered-list a-vertical a-spacing-none\">\n<li><span class=\"a-list-item\">F\u00e1cil de usar para brillo profundo y protecci\u00f3n duradera<\/span><\/li>\n<li><span class=\"a-list-item\">Produce un brillo profundo, Oscuro &#8220;wet-look.<\/span><\/li>\n<li><span class=\"a-list-item\">Se puede aplicar en la luz solar directa, y no deja marcas en bordes de pl\u00e1stico<\/span><\/li>\n<li><span class=\"a-list-item\">Tecnolog\u00eda de pol\u00edmeros de hidrof\u00f3bico<\/span><\/li>\n<\/ul>\n","protected":false},"featured_media":3940,"comment_status":"open","ping_status":"closed","template":"","meta":[],"product_brand":[],"product_cat":[344],"product_tag":[390,388,387,389,355],"class_list":{"0":"post-3935","1":"product","2":"type-product","3":"status-publish","4":"has-post-thumbnail","6":"product_cat-productos-meguiars","7":"product_tag-abrillantador","8":"product_tag-polish","9":"product_tag-pulidor","10":"product_tag-pulir","11":"product_tag-ultimate","13":"first","14":"instock","15":"taxable","16":"shipping-taxable","17":"purchasable","18":"product-type-simple"},"_links":{"self":[{"href":"https:\/\/8000rpmtools.com\/index.php?rest_route=\/wp\/v2\/product\/3935","targetHints":{"allow":["GET"]}}],"collection":[{"href":"https:\/\/8000rpmtools.com\/index.php?rest_route=\/wp\/v2\/product"}],"about":[{"href":"https:\/\/8000rpmtools.com\/index.php?rest_route=\/wp\/v2\/types\/product"}],"replies":[{"embeddable":true,"href":"https:\/\/8000rpmtools.com\/index.php?rest_route=%2Fwp%2Fv2%2Fcomments&post=3935"}],"wp:featuredmedia":[{"embeddable":true,"href":"https:\/\/8000rpmtools.com\/index.php?rest_route=\/wp\/v2\/media\/3940"}],"wp:attachment":[{"href":"https:\/\/8000rpmtools.com\/index.php?rest_route=%2Fwp%2Fv2%2Fmedia&parent=3935"}],"wp:term":[{"taxonomy":"product_brand","embeddable":true,"href":"https:\/\/8000rpmtools.com\/index.php?rest_route=%2Fwp%2Fv2%2Fproduct_brand&post=3935"},{"taxonomy":"product_cat","embeddable":true,"href":"https:\/\/8000rpmtools.com\/index.php?rest_route=%2Fwp%2Fv2%2Fproduct_cat&post=3935"},{"taxonomy":"product_tag","embeddable":true,"href":"https:\/\/8000rpmtools.com\/index.php?rest_route=%2Fwp%2Fv2%2Fproduct_tag&post=3935"}],"curies":[{"name":"wp","href":"https:\/\/api.w.org\/{rel}","templated":true}]}}