{"id":3928,"date":"2020-04-08T21:27:37","date_gmt":"2020-04-08T21:27:37","guid":{"rendered":"http:\/\/8000rpmtools.com\/?post_type=product&#038;p=3928"},"modified":"2020-04-08T21:27:40","modified_gmt":"2020-04-08T21:27:40","slug":"hot-shine-reflect-tire-shine-meguiars-brillo-tipo-perlado-para-tus-llantas","status":"publish","type":"product","link":"https:\/\/8000rpmtools.com\/?product=hot-shine-reflect-tire-shine-meguiars-brillo-tipo-perlado-para-tus-llantas","title":{"rendered":"HOT SHINE REFLECT TIRE SHINE MEGUIARS &#8211; BRILLO TIPO PERLADO PARA TUS LLANTAS"},"content":{"rendered":"<div style=\"width: 640px;\" class=\"wp-video\"><video class=\"wp-video-shortcode\" id=\"video-3928-1\" width=\"640\" height=\"360\" preload=\"metadata\" controls=\"controls\"><source type=\"video\/mp4\" src=\"http:\/\/8000rpmtools.com\/wp-content\/uploads\/2020\/04\/ShortForm-Generic-480p-16-9-1409173089793-rpcbe5.mp4?_=1\" \/><a href=\"http:\/\/8000rpmtools.com\/wp-content\/uploads\/2020\/04\/ShortForm-Generic-480p-16-9-1409173089793-rpcbe5.mp4\">http:\/\/8000rpmtools.com\/wp-content\/uploads\/2020\/04\/ShortForm-Generic-480p-16-9-1409173089793-rpcbe5.mp4<\/a><\/video><\/div>\n<p>Meguiar&#8217;s Hot Shine Reflect ofrece el mismo brillo profundo, negro y h\u00famedo que amas cuando la luz golpea tus neum\u00e1ticos y obtienes un brillo \u00fanico y brillante. con un acabado perlado que se distingue con la luz. es un producto de facil aplicaci\u00f3n, Aerosol para una correcta aplicaci\u00f3n y duraci\u00f3n por semanas<\/p>\n","protected":false},"excerpt":{"rendered":"<ul class=\"a-unordered-list a-vertical a-spacing-none\">\n<li><span class=\"a-list-item\">Tecnolog\u00eda patentada refleja la luz para Brillo Perlado<\/span><\/li>\n<li><span class=\"a-list-item\">Proporciona Wet Look &#8211; apariencia mojado<\/span><\/li>\n<li>Apariencia que dura semanas gracias a sus<span class=\"a-list-item\"> Pol\u00edmeros con tecnolog\u00eda de resina y silicones premium\u00a0 para proteger y mantener neum\u00e1ticos y negro brillante durante semanas<\/span><\/li>\n<li><span class=\"a-list-item\">Presentaci\u00f3n en Aerosol<\/span><\/li>\n<\/ul>\n","protected":false},"featured_media":3929,"comment_status":"open","ping_status":"closed","template":"","meta":[],"product_brand":[],"product_cat":[344],"product_tag":[349,385,380,386],"class_list":{"0":"post-3928","1":"product","2":"type-product","3":"status-publish","4":"has-post-thumbnail","6":"product_cat-productos-meguiars","7":"product_tag-brillo","8":"product_tag-hot-shine","9":"product_tag-llantas","10":"product_tag-proteccion","12":"first","13":"instock","14":"taxable","15":"shipping-taxable","16":"purchasable","17":"product-type-simple"},"_links":{"self":[{"href":"https:\/\/8000rpmtools.com\/index.php?rest_route=\/wp\/v2\/product\/3928","targetHints":{"allow":["GET"]}}],"collection":[{"href":"https:\/\/8000rpmtools.com\/index.php?rest_route=\/wp\/v2\/product"}],"about":[{"href":"https:\/\/8000rpmtools.com\/index.php?rest_route=\/wp\/v2\/types\/product"}],"replies":[{"embeddable":true,"href":"https:\/\/8000rpmtools.com\/index.php?rest_route=%2Fwp%2Fv2%2Fcomments&post=3928"}],"wp:featuredmedia":[{"embeddable":true,"href":"https:\/\/8000rpmtools.com\/index.php?rest_route=\/wp\/v2\/media\/3929"}],"wp:attachment":[{"href":"https:\/\/8000rpmtools.com\/index.php?rest_route=%2Fwp%2Fv2%2Fmedia&parent=3928"}],"wp:term":[{"taxonomy":"product_brand","embeddable":true,"href":"https:\/\/8000rpmtools.com\/index.php?rest_route=%2Fwp%2Fv2%2Fproduct_brand&post=3928"},{"taxonomy":"product_cat","embeddable":true,"href":"https:\/\/8000rpmtools.com\/index.php?rest_route=%2Fwp%2Fv2%2Fproduct_cat&post=3928"},{"taxonomy":"product_tag","embeddable":true,"href":"https:\/\/8000rpmtools.com\/index.php?rest_route=%2Fwp%2Fv2%2Fproduct_tag&post=3928"}],"curies":[{"name":"wp","href":"https:\/\/api.w.org\/{rel}","templated":true}]}}