{"id":3894,"date":"2020-04-08T16:49:09","date_gmt":"2020-04-08T16:49:09","guid":{"rendered":"http:\/\/8000rpmtools.com\/?post_type=product&#038;p=3894"},"modified":"2020-04-08T16:51:43","modified_gmt":"2020-04-08T16:51:43","slug":"cleaner-wax-liquid-meguiars-cera-limpiadora-alto-brillo","status":"publish","type":"product","link":"https:\/\/8000rpmtools.com\/?product=cleaner-wax-liquid-meguiars-cera-limpiadora-alto-brillo","title":{"rendered":"CLEANER WAX LIQUID MEGUIARS &#8211; CERA LIMPIADORA ALTO BRILLO"},"content":{"rendered":"<p>Meguiar\u2019s Cleaner Wax Liquid es una cera de pasta vers\u00e1til en un solo paso especialmente formulada para producir resultados deslumbrantes en todos los acabados de pintura brillante, incluidas las capas transparentes.<\/p>\n<p>Esta cera elimina de manera segura y efectiva los contaminantes de la superficie y las manchas que opacan su acabado, incluidos los rasgu\u00f1os finos y las marcas de remolino, y deja un impresionante acabado de alto brillo. Los ricos aceites acondicionadores con capacidad de limpieza suave hacen de esta una excelente opci\u00f3n para los amantes de los autos que se usan a diario, siendo expuestos a los elementos de contaminaci\u00f3n.<\/p>\n<div class=\"apm-leftimage\"><img decoding=\"async\" class=\"a-spacing-mini\" src=\"https:\/\/m.media-amazon.com\/images\/S\/aplus-media\/vc\/e7bffdd8-aff2-4771-bee5-a71b6f6ca69a.__CR0,0,300,300_PT0_SX300_V1___.jpg\" alt=\"cleaner wax,waxes,easy to use wax,gloss,shine,wax protection,car wax,auto wax\" data-src=\"https:\/\/m.media-amazon.com\/images\/S\/aplus-media\/vc\/e7bffdd8-aff2-4771-bee5-a71b6f6ca69a.__CR0,0,300,300_PT0_SX300_V1___.jpg\" \/><\/div>\n<div class=\"apm-centerthirdcol\">\n<h3 class=\"a-spacing-mini\">Meguiar\u2019s Cleaner Wax Liquid limpia, pule y encera en un solo paso<\/h3>\n<p class=\"a-spacing-base\"><span class=\"a-text-italic\">Meguiar\u2019s Cleaner Wax Liquid es una excelente f\u00f3rmula 3 en 1 que limpia, pule y protege su pintura en un solo paso. Esta f\u00f3rmula a base de carnauba limpia de manera segura y efectiva los contaminantes de la superficie y la luz debajo de los defectos de la superficie, como oxidaci\u00f3n leve, turbidez, peque\u00f1os rasgu\u00f1os y remolinos, manchas, grabados y m\u00e1s. <\/span><\/p>\n<\/div>\n","protected":false},"excerpt":{"rendered":"<ul class=\"a-unordered-list a-vertical a-spacing-none\">\n<li><span class=\"a-list-item\">Limpia, abrillanta, y protege en un solo paso<\/span><\/li>\n<li><span class=\"a-list-item\">Seguro y eficaz hecha a base de Carnauba<\/span><\/li>\n<li><span class=\"a-list-item\">Ofrece protecci\u00f3n contra el sol<\/span><\/li>\n<li><span class=\"a-list-item\">Se puede aplicar a mano o con m\u00e1quina\u00a0<\/span><\/li>\n<\/ul>\n","protected":false},"featured_media":3902,"comment_status":"open","ping_status":"closed","template":"","meta":[],"product_brand":[],"product_cat":[344],"product_tag":[349,346,382,345,368],"class_list":{"0":"post-3894","1":"product","2":"type-product","3":"status-publish","4":"has-post-thumbnail","6":"product_cat-productos-meguiars","7":"product_tag-brillo","8":"product_tag-cera","9":"product_tag-cleanerwax","10":"product_tag-meguiars","11":"product_tag-shine","13":"first","14":"instock","15":"taxable","16":"shipping-taxable","17":"purchasable","18":"product-type-simple"},"_links":{"self":[{"href":"https:\/\/8000rpmtools.com\/index.php?rest_route=\/wp\/v2\/product\/3894","targetHints":{"allow":["GET"]}}],"collection":[{"href":"https:\/\/8000rpmtools.com\/index.php?rest_route=\/wp\/v2\/product"}],"about":[{"href":"https:\/\/8000rpmtools.com\/index.php?rest_route=\/wp\/v2\/types\/product"}],"replies":[{"embeddable":true,"href":"https:\/\/8000rpmtools.com\/index.php?rest_route=%2Fwp%2Fv2%2Fcomments&post=3894"}],"wp:featuredmedia":[{"embeddable":true,"href":"https:\/\/8000rpmtools.com\/index.php?rest_route=\/wp\/v2\/media\/3902"}],"wp:attachment":[{"href":"https:\/\/8000rpmtools.com\/index.php?rest_route=%2Fwp%2Fv2%2Fmedia&parent=3894"}],"wp:term":[{"taxonomy":"product_brand","embeddable":true,"href":"https:\/\/8000rpmtools.com\/index.php?rest_route=%2Fwp%2Fv2%2Fproduct_brand&post=3894"},{"taxonomy":"product_cat","embeddable":true,"href":"https:\/\/8000rpmtools.com\/index.php?rest_route=%2Fwp%2Fv2%2Fproduct_cat&post=3894"},{"taxonomy":"product_tag","embeddable":true,"href":"https:\/\/8000rpmtools.com\/index.php?rest_route=%2Fwp%2Fv2%2Fproduct_tag&post=3894"}],"curies":[{"name":"wp","href":"https:\/\/api.w.org\/{rel}","templated":true}]}}