{"id":3887,"date":"2020-04-08T16:37:53","date_gmt":"2020-04-08T16:37:53","guid":{"rendered":"http:\/\/8000rpmtools.com\/?post_type=product&#038;p=3887"},"modified":"2020-04-08T16:37:56","modified_gmt":"2020-04-08T16:37:56","slug":"hot-shine-tire-spray-meguiars-acondicionador-y-brillo-para-llantas","status":"publish","type":"product","link":"https:\/\/8000rpmtools.com\/?product=hot-shine-tire-spray-meguiars-acondicionador-y-brillo-para-llantas","title":{"rendered":"HOT SHINE TIRE SPRAY MEGUIARS &#8211; ACONDICIONADOR Y BRILLO PARA LLANTAS"},"content":{"rendered":"<p>Meguiar&#8217;s Hot Shine Tire Spray le da a sus llantas un alto brillo, brillante y un brillo h\u00famedo. Una combinaci\u00f3n \u00fanica de pol\u00edmeros de silicona resistentes al agua y premium ofrece un ppbrillo de alto Rendimiento que dura. El brillo de este neum\u00e1tico tambi\u00e9n tiene una f\u00f3rmula avanzada de autoexpansi\u00f3n que evita las rayas donde se pulveriza en espeso y luego se extiende para un acabado uniforme.<\/p>\n<p>Este Acondicionador para neum\u00e1ticos en spray es f\u00e1cil de usar y ofrece un brillo de aspecto h\u00famedo de primera calidad que dura manteniendo sus neum\u00e1ticos negros y brillantes.<\/p>\n<p>La protecci\u00f3n y apariencia dura semanas..!!<\/p>\n","protected":false},"excerpt":{"rendered":"<ul class=\"a-unordered-list a-vertical a-spacing-none\">\n<li><span class=\"a-list-item\">Proporciona un profundo aspecto negro Wet Look a sus llantas\u00a0<\/span><\/li>\n<li><span class=\"a-list-item\">Altamente resistente al agua<\/span><\/li>\n<li><span class=\"a-list-item\">Tecnolog\u00eda patentada antiozonant mantiene protecci\u00f3n y aspecto por semanas<\/span><\/li>\n<li><span class=\"a-list-item\">Evita grietas, endurecimientos, y envejecimiento prematuro<\/span><\/li>\n<\/ul>\n","protected":false},"featured_media":3892,"comment_status":"open","ping_status":"closed","template":"","meta":[],"product_brand":[],"product_cat":[344],"product_tag":[381,380,345],"class_list":{"0":"post-3887","1":"product","2":"type-product","3":"status-publish","4":"has-post-thumbnail","6":"product_cat-productos-meguiars","7":"product_tag-brillo-para-llantas","8":"product_tag-llantas","9":"product_tag-meguiars","11":"first","12":"instock","13":"taxable","14":"shipping-taxable","15":"purchasable","16":"product-type-simple"},"_links":{"self":[{"href":"https:\/\/8000rpmtools.com\/index.php?rest_route=\/wp\/v2\/product\/3887","targetHints":{"allow":["GET"]}}],"collection":[{"href":"https:\/\/8000rpmtools.com\/index.php?rest_route=\/wp\/v2\/product"}],"about":[{"href":"https:\/\/8000rpmtools.com\/index.php?rest_route=\/wp\/v2\/types\/product"}],"replies":[{"embeddable":true,"href":"https:\/\/8000rpmtools.com\/index.php?rest_route=%2Fwp%2Fv2%2Fcomments&post=3887"}],"wp:featuredmedia":[{"embeddable":true,"href":"https:\/\/8000rpmtools.com\/index.php?rest_route=\/wp\/v2\/media\/3892"}],"wp:attachment":[{"href":"https:\/\/8000rpmtools.com\/index.php?rest_route=%2Fwp%2Fv2%2Fmedia&parent=3887"}],"wp:term":[{"taxonomy":"product_brand","embeddable":true,"href":"https:\/\/8000rpmtools.com\/index.php?rest_route=%2Fwp%2Fv2%2Fproduct_brand&post=3887"},{"taxonomy":"product_cat","embeddable":true,"href":"https:\/\/8000rpmtools.com\/index.php?rest_route=%2Fwp%2Fv2%2Fproduct_cat&post=3887"},{"taxonomy":"product_tag","embeddable":true,"href":"https:\/\/8000rpmtools.com\/index.php?rest_route=%2Fwp%2Fv2%2Fproduct_tag&post=3887"}],"curies":[{"name":"wp","href":"https:\/\/api.w.org\/{rel}","templated":true}]}}