{"id":3863,"date":"2020-04-08T06:01:41","date_gmt":"2020-04-08T06:01:41","guid":{"rendered":"http:\/\/8000rpmtools.com\/?post_type=product&#038;p=3863"},"modified":"2020-04-08T06:01:44","modified_gmt":"2020-04-08T06:01:44","slug":"guante-de-microfibra-meguiars","status":"publish","type":"product","link":"https:\/\/8000rpmtools.com\/?product=guante-de-microfibra-meguiars","title":{"rendered":"GUANTE DE MICROFIBRA MEGUIARS"},"content":{"rendered":"<div class=\"apm-leftimage\">\n<div id=\"descriptionAndDetails\" class=\"a-section a-spacing-extra-large\">\n<div id=\"productDescription_feature_div\" class=\"celwidget\" data-feature-name=\"productDescription\" data-cel-widget=\"productDescription_feature_div\">\n<div id=\"productDescription_feature_div\" class=\"a-row feature\" data-feature-name=\"productDescription\" data-template-name=\"productDescription\" data-cel-widget=\"productDescription_feature_div\">\n<div id=\"productDescription\" class=\"a-section a-spacing-small\">\n<p>El guante de lavado de microfibra de Meguiar es la mejor opci\u00f3n para los acabados perfectos de autom\u00f3viles. Nuestro guante de lavado s\u00faper suave y extra grueso levanta y atrapa la suciedad, lo que permite un lavado sin remolinos. Este guante premium tambi\u00e9n cuenta con un pu\u00f1o de ajuste c\u00f3modo y un forro interior suave para un uso c\u00f3modo.<\/p>\n<p>La microfibra s\u00faper absorbente levanta y transporta m\u00e1s espuma y agua para un lavado m\u00e1s r\u00e1pido y seguro que brinda un acabado brillante en todas las superficies de los autom\u00f3viles<\/p>\n<\/div>\n<\/div>\n<\/div>\n<\/div>\n<div id=\"aplus_feature_div\" class=\"celwidget\" data-feature-name=\"aplus\" data-cel-widget=\"aplus_feature_div\">\n<div id=\"aplus\" class=\"a-section a-spacing-extra-large bucket\"><\/div>\n<\/div>\n<p><img decoding=\"async\" class=\"a-spacing-mini\" src=\"https:\/\/m.media-amazon.com\/images\/S\/aplus-media\/vc\/76113b0f-fce6-4361-8ccf-202cbc204ba2._CR0,0,300,300_PT0_SX300__.jpg\" alt=\"Meguiar's,wash mitt,mitt,washmitt,bucket,auto wash,car wash,carwash,reusable mitt\" data-src=\"https:\/\/m.media-amazon.com\/images\/S\/aplus-media\/vc\/76113b0f-fce6-4361-8ccf-202cbc204ba2._CR0,0,300,300_PT0_SX300__.jpg\" \/><\/div>\n","protected":false},"excerpt":{"rendered":"<ul class=\"a-unordered-list a-vertical a-spacing-none\">\n<li><span class=\"a-list-item\">Microfibra s\u00faper absorbente, lleva m\u00e1s jab\u00f3n para un lavado m\u00e1s r\u00e1pido y m\u00e1s seguro.<\/span><\/li>\n<li><span class=\"a-list-item\">Microfibra incre\u00edblemente suave, levanta y atrapa la suciedad y la mugre para un rendimiento libre de ara\u00f1azos.<\/span><\/li>\n<li><span class=\"a-list-item\">El mejor guante de lavado para acabados perfectos de coches.<\/span><\/li>\n<li><span class=\"a-list-item\">Guante para lavado de 8 x 10 pulgadas.<\/span><\/li>\n<\/ul>\n","protected":false},"featured_media":3871,"comment_status":"open","ping_status":"closed","template":"","meta":[],"product_brand":[],"product_cat":[344],"product_tag":[378,379,347],"class_list":{"0":"post-3863","1":"product","2":"type-product","3":"status-publish","4":"has-post-thumbnail","6":"product_cat-productos-meguiars","7":"product_tag-guante","8":"product_tag-lavado","9":"product_tag-microfibra","11":"first","12":"instock","13":"taxable","14":"shipping-taxable","15":"purchasable","16":"product-type-simple"},"_links":{"self":[{"href":"https:\/\/8000rpmtools.com\/index.php?rest_route=\/wp\/v2\/product\/3863","targetHints":{"allow":["GET"]}}],"collection":[{"href":"https:\/\/8000rpmtools.com\/index.php?rest_route=\/wp\/v2\/product"}],"about":[{"href":"https:\/\/8000rpmtools.com\/index.php?rest_route=\/wp\/v2\/types\/product"}],"replies":[{"embeddable":true,"href":"https:\/\/8000rpmtools.com\/index.php?rest_route=%2Fwp%2Fv2%2Fcomments&post=3863"}],"wp:featuredmedia":[{"embeddable":true,"href":"https:\/\/8000rpmtools.com\/index.php?rest_route=\/wp\/v2\/media\/3871"}],"wp:attachment":[{"href":"https:\/\/8000rpmtools.com\/index.php?rest_route=%2Fwp%2Fv2%2Fmedia&parent=3863"}],"wp:term":[{"taxonomy":"product_brand","embeddable":true,"href":"https:\/\/8000rpmtools.com\/index.php?rest_route=%2Fwp%2Fv2%2Fproduct_brand&post=3863"},{"taxonomy":"product_cat","embeddable":true,"href":"https:\/\/8000rpmtools.com\/index.php?rest_route=%2Fwp%2Fv2%2Fproduct_cat&post=3863"},{"taxonomy":"product_tag","embeddable":true,"href":"https:\/\/8000rpmtools.com\/index.php?rest_route=%2Fwp%2Fv2%2Fproduct_tag&post=3863"}],"curies":[{"name":"wp","href":"https:\/\/api.w.org\/{rel}","templated":true}]}}