{"id":3854,"date":"2020-04-08T05:52:16","date_gmt":"2020-04-08T05:52:16","guid":{"rendered":"http:\/\/8000rpmtools.com\/?post_type=product&#038;p=3854"},"modified":"2020-04-08T05:52:19","modified_gmt":"2020-04-08T05:52:19","slug":"purificador-de-ambiente-meguiars-air-refresher-new-car","status":"publish","type":"product","link":"https:\/\/8000rpmtools.com\/?product=purificador-de-ambiente-meguiars-air-refresher-new-car","title":{"rendered":"PURIFICADOR DE AMBIENTE MEGUIARS AIR REFRESHER NEW CAR"},"content":{"rendered":"<div class=\"celwidget aplus-module module-8\" data-cel-widget=\"aplus-module-8\">\n<div class=\"a-expander-collapsed-height a-row a-expander-container a-expander-partial-collapse-container\" aria-live=\"polite\" data-a-expander-name=\"aplus-module-expander\" data-a-expander-collapsed-height=\"700\">\n<div class=\"a-expander-content a-expander-partial-collapse-content\" aria-expanded=\"false\">\n<div class=\"aplus-module-wrapper\">\n<div class=\"apm-spacing\">\n<div class=\"apm-lefttwothirdswrap apm-floatleft\">\n<div class=\"apm-centerthirdcol\">\n<p>Ambientador con un agradable aroma a coche nuevo.<\/p>\n<p>Si su autom\u00f3vil no huele tan fresco como sol\u00eda hacerlo, Meguiar&#8217;s tiene una excelente soluci\u00f3n que es permanente, r\u00e1pida y f\u00e1cil. La niebla del eliminador de olores para refrescar el aire de todo el autom\u00f3vil de Meguiar El nuevo aroma del autom\u00f3vil penetra en el interior completo de su autom\u00f3vil, cami\u00f3n o SUV, eliminando los olores no deseados de forma permanente *. Este ambientador de un solo uso fluye a trav\u00e9s del sistema de ventilaci\u00f3n, a trav\u00e9s del forro del techo y entre todas las otras \u00e1reas dif\u00edciles de alcanzar, eliminando olores y dejando un aroma fresco y limpio en su lugar. Encuentre olores donde sea que est\u00e9n, elim\u00ednelos permanentemente y refresque su interior con un agradable aroma de coche nuevo que dura semanas. * La tecnolog\u00eda Re-Fresher de Meguiar elimina permanentemente los malos olores existentes a trav\u00e9s de enlaces qu\u00edmicos a nivel molecular.<\/p>\n<\/div>\n<\/div>\n<div class=\"apm-rightthirdcol\">\n<div class=\"apm-rightthirdcol-inner\"><\/div>\n<\/div>\n<\/div>\n<\/div>\n<div><\/div>\n<\/div>\n<\/div>\n<\/div>\n<div class=\"celwidget aplus-module module-8\" data-cel-widget=\"aplus-module-8\">\n<div class=\"a-expander-collapsed-height a-row a-expander-container a-expander-partial-collapse-container\" aria-live=\"polite\" data-a-expander-name=\"aplus-module-expander\" data-a-expander-collapsed-height=\"700\">\n<div class=\"a-expander-content a-expander-partial-collapse-content\" aria-expanded=\"false\">\n<div class=\"aplus-module-wrapper\">\n<div class=\"apm-spacing\">\n<div class=\"apm-lefttwothirdswrap apm-floatleft\">\n<div class=\"apm-leftimage\"><img decoding=\"async\" class=\"a-spacing-mini\" src=\"https:\/\/m.media-amazon.com\/images\/S\/aplus-media\/vc\/04b46504-1c9d-4d6a-ae6a-8deb0d29d039._CR0,0,300,300_PT0_SX300__.jpg\" alt=\"Meguiar's,air freshener,odor,smell,air refresh,air refresher,deodorant\" data-src=\"https:\/\/m.media-amazon.com\/images\/S\/aplus-media\/vc\/04b46504-1c9d-4d6a-ae6a-8deb0d29d039._CR0,0,300,300_PT0_SX300__.jpg\" \/><\/div>\n<\/div>\n<\/div>\n<\/div>\n<div><\/div>\n<\/div>\n<\/div>\n<\/div>\n<div class=\"celwidget aplus-module module-8\" data-cel-widget=\"aplus-module-8\">\n<div class=\"a-expander-collapsed-height a-row a-expander-container a-expander-partial-collapse-container\" aria-live=\"polite\" data-a-expander-name=\"aplus-module-expander\" data-a-expander-collapsed-height=\"700\">\n<div class=\"a-expander-content a-expander-partial-collapse-content\" aria-expanded=\"false\">\n<div class=\"aplus-module-wrapper\">\n<div class=\"apm-spacing\">\n<div class=\"apm-lefttwothirdswrap apm-floatleft\">\n<div class=\"apm-leftimage\"><img decoding=\"async\" class=\"a-spacing-mini\" src=\"https:\/\/m.media-amazon.com\/images\/S\/aplus-media\/vc\/5538bb64-7b4b-42c2-bf79-b4cbe4b04d9b._CR0,0,300,300_PT0_SX300__.jpg\" alt=\"Meguiar's,air freshener,odor,smell,air refresh,air refresher,deodorant\" data-src=\"https:\/\/m.media-amazon.com\/images\/S\/aplus-media\/vc\/5538bb64-7b4b-42c2-bf79-b4cbe4b04d9b._CR0,0,300,300_PT0_SX300__.jpg\" \/><\/div>\n<div class=\"apm-centerthirdcol\">\n<h3 class=\"a-spacing-mini\">Instrucciones para usar el refrescante de aire de Meguiar<br \/>\nArranque el veh\u00edculo con el ventilador en posici\u00f3n alta (aire fr\u00edo circulado) y cierre todas las ventanas.<\/h3>\n<h3 class=\"a-spacing-mini\">\nCon la boquilla Air Re-Fresher hacia afuera, active el gatillo de bloqueo.<br \/>\nColoque el Air Re-Fresher en el centro del autom\u00f3vil (generalmente en el piso entre los asientos delanteros y traseros).<\/h3>\n<h3 class=\"a-spacing-mini\">\nCierre todas las puertas y permita que Air Re-Fresher funcione durante 15 minutos.<br \/>\nAbra todas las puertas despu\u00e9s de 15 minutos, apague el veh\u00edculo y d\u00e9jelo salir durante 10-15 minutos adicionales antes de usarlo.<\/h3>\n<h5 class=\"a-spacing-mini a-color-secondary\">MConsejos adicionales<br \/>\nEl veh\u00edculo debe estar desocupado. Ninguna persona, mascotas o plantas deben estar dentro del veh\u00edculo.<br \/>\nPara obtener mejores resultados, localice la fuente de cualquier olor no deseado y elim\u00ednelo.<br \/>\nCepille en seco, aspire y limpie cualquier alfombra sucia y tapicer\u00eda.<br \/>\nEstacione su veh\u00edculo a la sombra y en un \u00e1rea bien ventilada.<br \/>\nNo use m\u00e1s de una lata, por veh\u00edculo, a la vez.<\/h5>\n<\/div>\n<\/div>\n<\/div>\n<\/div>\n<\/div>\n<\/div>\n<\/div>\n","protected":false},"excerpt":{"rendered":"<ul>\n<li>Purifica el ambiente de tu veh\u00edculos<\/li>\n<li>Elimina bacterias<\/li>\n<li>Elimina olores permanentemente<\/li>\n<li>Refrescante aroma a carro nuevo<\/li>\n<\/ul>\n","protected":false},"featured_media":3856,"comment_status":"open","ping_status":"closed","template":"","meta":[],"product_brand":[],"product_cat":[344],"product_tag":[375,377,376],"class_list":{"0":"post-3854","1":"product","2":"type-product","3":"status-publish","4":"has-post-thumbnail","6":"product_cat-productos-meguiars","7":"product_tag-air-refresher","8":"product_tag-desinfeccion","9":"product_tag-purificador","11":"first","12":"instock","13":"taxable","14":"shipping-taxable","15":"purchasable","16":"product-type-simple"},"_links":{"self":[{"href":"https:\/\/8000rpmtools.com\/index.php?rest_route=\/wp\/v2\/product\/3854","targetHints":{"allow":["GET"]}}],"collection":[{"href":"https:\/\/8000rpmtools.com\/index.php?rest_route=\/wp\/v2\/product"}],"about":[{"href":"https:\/\/8000rpmtools.com\/index.php?rest_route=\/wp\/v2\/types\/product"}],"replies":[{"embeddable":true,"href":"https:\/\/8000rpmtools.com\/index.php?rest_route=%2Fwp%2Fv2%2Fcomments&post=3854"}],"wp:featuredmedia":[{"embeddable":true,"href":"https:\/\/8000rpmtools.com\/index.php?rest_route=\/wp\/v2\/media\/3856"}],"wp:attachment":[{"href":"https:\/\/8000rpmtools.com\/index.php?rest_route=%2Fwp%2Fv2%2Fmedia&parent=3854"}],"wp:term":[{"taxonomy":"product_brand","embeddable":true,"href":"https:\/\/8000rpmtools.com\/index.php?rest_route=%2Fwp%2Fv2%2Fproduct_brand&post=3854"},{"taxonomy":"product_cat","embeddable":true,"href":"https:\/\/8000rpmtools.com\/index.php?rest_route=%2Fwp%2Fv2%2Fproduct_cat&post=3854"},{"taxonomy":"product_tag","embeddable":true,"href":"https:\/\/8000rpmtools.com\/index.php?rest_route=%2Fwp%2Fv2%2Fproduct_tag&post=3854"}],"curies":[{"name":"wp","href":"https:\/\/api.w.org\/{rel}","templated":true}]}}