{"id":3847,"date":"2020-04-08T05:42:07","date_gmt":"2020-04-08T05:42:07","guid":{"rendered":"http:\/\/8000rpmtools.com\/?post_type=product&#038;p=3847"},"modified":"2020-04-08T05:42:10","modified_gmt":"2020-04-08T05:42:10","slug":"cera-rapida-meguiars-ultimate-quick-wax","status":"publish","type":"product","link":"https:\/\/8000rpmtools.com\/?product=cera-rapida-meguiars-ultimate-quick-wax","title":{"rendered":"CERA R\u00c1PIDA MEGUIARS ULTIMATE QUICK WAX"},"content":{"rendered":"<p>Descripci\u00f3n del producto<\/p>\n<p>La cera Ultimate Quik de Meguiar es nuestra protecci\u00f3n m\u00e1s duradera contra la cera en aerosol. La tecnolog\u00eda de pol\u00edmero hidrof\u00f3bico proporciona una protecci\u00f3n incesante contra el agua que dura semanas y crea un brillo profundo de aspecto h\u00famedo que normalmente se espera de una cera l\u00edquida o en pasta. Simplemente roc\u00ede y limpie para una protecci\u00f3n duradera y un brillo espectacular en menos de 15 minutos. La cera en aerosol a base de pol\u00edmero se puede aplicar inclusive bajo el sol directo o en superficies calientes sin rayar o dejar un residuo blanco en el pl\u00e1stico exterior y las piezas de acabado. Seguro y efectivo en todas las superficies pintadas, incluidas las capas transparentes.<\/p>\n<div class=\"aplus\">\n<div class=\"rightImage\"><img decoding=\"async\" src=\"https:\/\/images-na.ssl-images-amazon.com\/images\/G\/01\/automotive\/detail-page\/B001O7PNS2-1.jpg%22\/\" alt=\"image\" \/><\/p>\n<div class=\"imageCaption\">\n<p>F\u00e1cil de aplicar para un acabado de calidad de sala de exposici\u00f3n<br \/>\n\u00bfQu\u00e9 significa hidrof\u00f3bico?<\/p>\n<p>La palabra hidrof\u00f3bico significa literalmente &#8220;Repelencia del agua&#8221;. Esta nueva tecnolog\u00eda innovadora crea una protecci\u00f3n incre\u00edble en la superficie de cualquier veh\u00edculo que hace que el agua se acumule y se deslice de su acabado de pintura, lavado tras lavado. Es nuevo, es poderoso y es un avance cient\u00edfico.<\/p>\n<p>Cu\u00e1ndo utilizar la cera Quik definitiva de Meguiar<\/p>\n<p>La cera Ultimate Quik de Meguiar se puede usar sola para proteger la pintura, pero tambi\u00e9n es una cera de mantenimiento perfecta para las aplicaciones de cera existentes. Es una excelente manera de mantener el aspecto encerado en cualquier veh\u00edculo sin tener que usar una cera l\u00edquida o en pasta. Tambi\u00e9n es una excelente manera de reforzar la protecci\u00f3n del CER\u00c1MICO en su pintura despu\u00e9s del lavado regular.<\/p>\n<p>Aplicando Ultimate Quik Wax<\/p>\n<p>Para mejores resultados, aplique sobre una superficie limpia, seca y fresca. Se recomienda lavar el veh\u00edculo o usar un detallador limpiador como el Ultimate Quik Detailer de Meguiar para eliminar el polvo ligero antes de aplicar la cera Ultimate Quik Wax.<\/p>\n<p>1. Agitar bien.<br \/>\n2. Roc\u00eda Ultimate Quik Wax en una secci\u00f3n del veh\u00edculo a la vez.<br \/>\n3. Extienda r\u00e1pidamente el producto con una toalla de microfibra\u00a0 limpia.<br \/>\n4. Gire a una porci\u00f3n limpia y seca de toalla para la limpieza final.<\/p>\n<\/div>\n<\/div>\n<div class=\"leftImage\"><img decoding=\"async\" src=\"https:\/\/images-na.ssl-images-amazon.com\/images\/G\/01\/automotive\/detail-page\/B001O7PNS2-2.jpg%22\/\" alt=\"image\" \/><\/p>\n<div class=\"imageCaption\"><\/div>\n<\/div>\n<\/div>\n","protected":false},"excerpt":{"rendered":"<ul class=\"a-unordered-list a-vertical a-spacing-none\">\n<li><span class=\"a-list-item\">La tecnolog\u00eda de pol\u00edmero hidrof\u00f3bico proporciona una protecci\u00f3n incesante de Repelente de agua que dura semanas.<\/span><\/li>\n<li><span class=\"a-list-item\">Se puede usar bajo el sol o en superficies calientes\u00a0<\/span><\/li>\n<li><span class=\"a-list-item\">R\u00e1pido y f\u00e1cil de usar<\/span><\/li>\n<li><span class=\"a-list-item\">Proporciona un brillo espectacular, una protecci\u00f3n duradera<\/span><\/li>\n<\/ul>\n","protected":false},"featured_media":3853,"comment_status":"open","ping_status":"closed","template":"","meta":[],"product_brand":[],"product_cat":[344],"product_tag":[346,355,374],"class_list":{"0":"post-3847","1":"product","2":"type-product","3":"status-publish","4":"has-post-thumbnail","6":"product_cat-productos-meguiars","7":"product_tag-cera","8":"product_tag-ultimate","9":"product_tag-wax","11":"first","12":"instock","13":"taxable","14":"shipping-taxable","15":"purchasable","16":"product-type-simple"},"_links":{"self":[{"href":"https:\/\/8000rpmtools.com\/index.php?rest_route=\/wp\/v2\/product\/3847","targetHints":{"allow":["GET"]}}],"collection":[{"href":"https:\/\/8000rpmtools.com\/index.php?rest_route=\/wp\/v2\/product"}],"about":[{"href":"https:\/\/8000rpmtools.com\/index.php?rest_route=\/wp\/v2\/types\/product"}],"replies":[{"embeddable":true,"href":"https:\/\/8000rpmtools.com\/index.php?rest_route=%2Fwp%2Fv2%2Fcomments&post=3847"}],"wp:featuredmedia":[{"embeddable":true,"href":"https:\/\/8000rpmtools.com\/index.php?rest_route=\/wp\/v2\/media\/3853"}],"wp:attachment":[{"href":"https:\/\/8000rpmtools.com\/index.php?rest_route=%2Fwp%2Fv2%2Fmedia&parent=3847"}],"wp:term":[{"taxonomy":"product_brand","embeddable":true,"href":"https:\/\/8000rpmtools.com\/index.php?rest_route=%2Fwp%2Fv2%2Fproduct_brand&post=3847"},{"taxonomy":"product_cat","embeddable":true,"href":"https:\/\/8000rpmtools.com\/index.php?rest_route=%2Fwp%2Fv2%2Fproduct_cat&post=3847"},{"taxonomy":"product_tag","embeddable":true,"href":"https:\/\/8000rpmtools.com\/index.php?rest_route=%2Fwp%2Fv2%2Fproduct_tag&post=3847"}],"curies":[{"name":"wp","href":"https:\/\/api.w.org\/{rel}","templated":true}]}}