{"id":3815,"date":"2020-04-08T04:35:33","date_gmt":"2020-04-08T04:35:33","guid":{"rendered":"http:\/\/8000rpmtools.com\/?post_type=product&#038;p=3815"},"modified":"2020-04-08T04:35:35","modified_gmt":"2020-04-08T04:35:35","slug":"protector-de-tablero-meguiars-supreme-shine-acabado-brilloso","status":"publish","type":"product","link":"https:\/\/8000rpmtools.com\/?product=protector-de-tablero-meguiars-supreme-shine-acabado-brilloso","title":{"rendered":"PROTECTOR DE TABLERO MEGUIARS SUPREME SHINE &#8211; ACABADO BRILLOSO"},"content":{"rendered":"<p>Brinde a sus superficies interiores de vinilo, caucho y pl\u00e1stico un brillo intenso con el protector de brillo supremo de Meguiars. Esta conveniente f\u00f3rmula para rociar y limpiar es ideal para tableros y otras superficies interiores. Elimine r\u00e1pidamente el polvo y las huellas dactilares para dejar un acabado de alto brillo, mientras que la protecci\u00f3n UV y Scotchgard defienden contra la decoloraci\u00f3n, el agrietamiento y el envejecimiento. Nuestro spray no graso y f\u00e1cil de usar hace que la limpieza interior del autom\u00f3vil sea un trabajo r\u00e1pido y deja una protecci\u00f3n de alto brillo.<\/p>\n<p>&nbsp;<\/p>\n<p>ALTO BRILLO CON UN ACABADO SECO AL TACTO, LA PROTECCI\u00d3N DURA SEMANAS<\/p>\n","protected":false},"excerpt":{"rendered":"<ul>\n<li>La f\u00f3rmula no grasa limpia, brilla y protege el vinilo, el caucho y el pl\u00e1stico, ideal para usar en tableros y otras superficies interiores<\/li>\n<li>Elimina la suciedad y las huellas dactilares y deja una protecci\u00f3n brillante seco al tacto.<\/li>\n<li>El potente protector interior contiene bloqueadores UV que defienden contra la decoloraci\u00f3n, el agrietamiento y el envejecimiento<\/li>\n<li>Cuenta con protecci\u00f3n Scotch Gard para una mayor defensa contra el sol y los elementos.<\/li>\n<\/ul>\n","protected":false},"featured_media":3818,"comment_status":"open","ping_status":"closed","template":"","meta":[],"product_brand":[],"product_cat":[344],"product_tag":[349,345,368,367],"class_list":{"0":"post-3815","1":"product","2":"type-product","3":"status-publish","4":"has-post-thumbnail","6":"product_cat-productos-meguiars","7":"product_tag-brillo","8":"product_tag-meguiars","9":"product_tag-shine","10":"product_tag-tablero","12":"first","13":"instock","14":"taxable","15":"shipping-taxable","16":"purchasable","17":"product-type-simple"},"_links":{"self":[{"href":"https:\/\/8000rpmtools.com\/index.php?rest_route=\/wp\/v2\/product\/3815","targetHints":{"allow":["GET"]}}],"collection":[{"href":"https:\/\/8000rpmtools.com\/index.php?rest_route=\/wp\/v2\/product"}],"about":[{"href":"https:\/\/8000rpmtools.com\/index.php?rest_route=\/wp\/v2\/types\/product"}],"replies":[{"embeddable":true,"href":"https:\/\/8000rpmtools.com\/index.php?rest_route=%2Fwp%2Fv2%2Fcomments&post=3815"}],"wp:featuredmedia":[{"embeddable":true,"href":"https:\/\/8000rpmtools.com\/index.php?rest_route=\/wp\/v2\/media\/3818"}],"wp:attachment":[{"href":"https:\/\/8000rpmtools.com\/index.php?rest_route=%2Fwp%2Fv2%2Fmedia&parent=3815"}],"wp:term":[{"taxonomy":"product_brand","embeddable":true,"href":"https:\/\/8000rpmtools.com\/index.php?rest_route=%2Fwp%2Fv2%2Fproduct_brand&post=3815"},{"taxonomy":"product_cat","embeddable":true,"href":"https:\/\/8000rpmtools.com\/index.php?rest_route=%2Fwp%2Fv2%2Fproduct_cat&post=3815"},{"taxonomy":"product_tag","embeddable":true,"href":"https:\/\/8000rpmtools.com\/index.php?rest_route=%2Fwp%2Fv2%2Fproduct_tag&post=3815"}],"curies":[{"name":"wp","href":"https:\/\/api.w.org\/{rel}","templated":true}]}}