{"id":3807,"date":"2020-04-08T04:26:29","date_gmt":"2020-04-08T04:26:29","guid":{"rendered":"http:\/\/8000rpmtools.com\/?post_type=product&#038;p=3807"},"modified":"2020-04-08T04:26:32","modified_gmt":"2020-04-08T04:26:32","slug":"eliminador-de-olores-meguiars-olor-eliminatos-new-car-709ml","status":"publish","type":"product","link":"https:\/\/8000rpmtools.com\/?product=eliminador-de-olores-meguiars-olor-eliminatos-new-car-709ml","title":{"rendered":"ELIMINADOR DE OLORES MEGUIARS OLOR ELIMINATOS NEW CAR 709ML"},"content":{"rendered":"<p>El spray eliminador de olores para refrescar alfombras y telas de Meguiar de forma r\u00e1pida y permanente * elimina los olores desagradables, incluidos el humo, los accidentes de mascotas y m\u00e1s. Desarrollada espec\u00edficamente para interiores de autom\u00f3viles, esta f\u00f3rmula es efectiva incluso en climas c\u00e1lidos o h\u00famedos. Simplemente roc\u00ede donde haya un olor desagradable o despu\u00e9s de limpiar un derrame; \u00a1Eso es! \u00a1Con su agradable aroma de coche nuevo, olvidar\u00e1 c\u00f3mo ol\u00eda antes!<\/p>\n<p>* La tecnolog\u00eda Re-Fresher de Meguiar elimina permanentemente los malos olores existentes a trav\u00e9s de enlaces qu\u00edmicos a nivel molecular.<\/p>\n","protected":false},"excerpt":{"rendered":"<ul class=\"a-unordered-list a-vertical a-spacing-none\">\n<li><span class=\"a-list-item\">Eliminador de olores: elimina los malos olores del interior de tu coche, humo de tabaco, accidentes de mascotas y m\u00e1s.<\/span><\/li>\n<li><span class=\"a-list-item\">Ambientador: refresca al instante el interior de tu coche.<\/span><\/li>\n<li><span class=\"a-list-item\">Nuevo olor a Carro Nuevo: deja un agradable aroma.<\/span><\/li>\n<li><span class=\"a-list-item\">Sin residuos: funciona sin dejar residuos ni pel\u00edculas.<\/span><\/li>\n<\/ul>\n","protected":false},"featured_media":3813,"comment_status":"open","ping_status":"closed","template":"","meta":[],"product_brand":[],"product_cat":[344],"product_tag":[257,364,363,366,365],"class_list":{"0":"post-3807","1":"product","2":"type-product","3":"status-publish","4":"has-post-thumbnail","6":"product_cat-productos-meguiars","7":"product_tag-aire","8":"product_tag-carro-nuevo","9":"product_tag-new-car","10":"product_tag-olores","11":"product_tag-refresher","13":"first","14":"instock","15":"taxable","16":"shipping-taxable","17":"purchasable","18":"product-type-simple"},"_links":{"self":[{"href":"https:\/\/8000rpmtools.com\/index.php?rest_route=\/wp\/v2\/product\/3807","targetHints":{"allow":["GET"]}}],"collection":[{"href":"https:\/\/8000rpmtools.com\/index.php?rest_route=\/wp\/v2\/product"}],"about":[{"href":"https:\/\/8000rpmtools.com\/index.php?rest_route=\/wp\/v2\/types\/product"}],"replies":[{"embeddable":true,"href":"https:\/\/8000rpmtools.com\/index.php?rest_route=%2Fwp%2Fv2%2Fcomments&post=3807"}],"wp:featuredmedia":[{"embeddable":true,"href":"https:\/\/8000rpmtools.com\/index.php?rest_route=\/wp\/v2\/media\/3813"}],"wp:attachment":[{"href":"https:\/\/8000rpmtools.com\/index.php?rest_route=%2Fwp%2Fv2%2Fmedia&parent=3807"}],"wp:term":[{"taxonomy":"product_brand","embeddable":true,"href":"https:\/\/8000rpmtools.com\/index.php?rest_route=%2Fwp%2Fv2%2Fproduct_brand&post=3807"},{"taxonomy":"product_cat","embeddable":true,"href":"https:\/\/8000rpmtools.com\/index.php?rest_route=%2Fwp%2Fv2%2Fproduct_cat&post=3807"},{"taxonomy":"product_tag","embeddable":true,"href":"https:\/\/8000rpmtools.com\/index.php?rest_route=%2Fwp%2Fv2%2Fproduct_tag&post=3807"}],"curies":[{"name":"wp","href":"https:\/\/api.w.org\/{rel}","templated":true}]}}