{"id":3791,"date":"2020-04-08T03:52:17","date_gmt":"2020-04-08T03:52:17","guid":{"rendered":"http:\/\/8000rpmtools.com\/?post_type=product&#038;p=3791"},"modified":"2020-04-08T03:52:20","modified_gmt":"2020-04-08T03:52:20","slug":"limpiador-de-motor-meguiars","status":"publish","type":"product","link":"https:\/\/8000rpmtools.com\/?product=limpiador-de-motor-meguiars","title":{"rendered":"LIMPIADOR DE MOTOR MEGUIARS"},"content":{"rendered":"<p>Meguiars Engine Cleaner ha sido dise\u00f1ado para una limpieza r\u00e1pida y f\u00e1cil del motor.<\/p>\n<p>La f\u00f3rmula de olor seguro y fresco elimina r\u00e1pidamente la suciedad, la grasa y la suciedad de todos los materiales del compartimento del motor, act\u00faa r\u00e1pidamente sobre metal y pl\u00e1stico, no da\u00f1a partes el\u00e9ctricas<\/p>\n<p>&nbsp;<\/p>\n<p>Caracter\u00edsticas y beneficios:<\/p>\n<p>&#8211; F\u00f3rmula con olor fresco<br \/>\n&#8211; Elimina la suciedad, la grasa y la mugre.<br \/>\n&#8211; Spray disparador biodegradable &#8211; para penetrar en \u00e1reas dif\u00edciles de alcanzar<br \/>\n&#8211; Seguro en caucho y pl\u00e1sticos &#8211; NO degradar\u00e1 los accesorios o mangueras<\/p>\n","protected":false},"excerpt":{"rendered":"<ul>\n<li>Aroma agradable<\/li>\n<li>No da\u00f1a Pl\u00e1sticos ni cauchos<\/li>\n<li>Remueve Grasa y Suciedad acumulada<\/li>\n<li>R\u00e1pido y seguro de usar<\/li>\n<\/ul>\n","protected":false},"featured_media":3792,"comment_status":"open","ping_status":"closed","template":"","meta":[],"product_brand":[],"product_cat":[344],"product_tag":[356,357,345,81],"class_list":{"0":"post-3791","1":"product","2":"type-product","3":"status-publish","4":"has-post-thumbnail","6":"product_cat-productos-meguiars","7":"product_tag-desengrasante","8":"product_tag-limpieza-de-motor","9":"product_tag-meguiars","10":"product_tag-motor","12":"first","13":"instock","14":"taxable","15":"shipping-taxable","16":"purchasable","17":"product-type-simple"},"_links":{"self":[{"href":"https:\/\/8000rpmtools.com\/index.php?rest_route=\/wp\/v2\/product\/3791","targetHints":{"allow":["GET"]}}],"collection":[{"href":"https:\/\/8000rpmtools.com\/index.php?rest_route=\/wp\/v2\/product"}],"about":[{"href":"https:\/\/8000rpmtools.com\/index.php?rest_route=\/wp\/v2\/types\/product"}],"replies":[{"embeddable":true,"href":"https:\/\/8000rpmtools.com\/index.php?rest_route=%2Fwp%2Fv2%2Fcomments&post=3791"}],"wp:featuredmedia":[{"embeddable":true,"href":"https:\/\/8000rpmtools.com\/index.php?rest_route=\/wp\/v2\/media\/3792"}],"wp:attachment":[{"href":"https:\/\/8000rpmtools.com\/index.php?rest_route=%2Fwp%2Fv2%2Fmedia&parent=3791"}],"wp:term":[{"taxonomy":"product_brand","embeddable":true,"href":"https:\/\/8000rpmtools.com\/index.php?rest_route=%2Fwp%2Fv2%2Fproduct_brand&post=3791"},{"taxonomy":"product_cat","embeddable":true,"href":"https:\/\/8000rpmtools.com\/index.php?rest_route=%2Fwp%2Fv2%2Fproduct_cat&post=3791"},{"taxonomy":"product_tag","embeddable":true,"href":"https:\/\/8000rpmtools.com\/index.php?rest_route=%2Fwp%2Fv2%2Fproduct_tag&post=3791"}],"curies":[{"name":"wp","href":"https:\/\/api.w.org\/{rel}","templated":true}]}}