{"id":3779,"date":"2020-04-08T02:12:02","date_gmt":"2020-04-08T02:12:02","guid":{"rendered":"http:\/\/8000rpmtools.com\/?post_type=product&#038;p=3779"},"modified":"2020-04-08T02:12:05","modified_gmt":"2020-04-08T02:12:05","slug":"restaurador-de-partes-negras-meguiars-gold-class-trim-detailer","status":"publish","type":"product","link":"https:\/\/8000rpmtools.com\/?product=restaurador-de-partes-negras-meguiars-gold-class-trim-detailer","title":{"rendered":"RESTAURADOR DE PARTES NEGRAS MEGUIARS GOLD CLASS TRIM DETAILER"},"content":{"rendered":"<p>Restaurador de pl\u00e1sticos exteriores, protecci\u00f3n y mantenimiento. Utiliza una innovadora tecnolog\u00eda empleada para restaurar instant\u00e1neamente el color y la riqueza de pl\u00e1sticos exteriores y molduras descoloridas (despintadas).<\/p>\n<p>Olv\u00eddate de los pl\u00e1sticos exteriores descolorados, pru\u00e9balo ya!<\/p>\n","protected":false},"excerpt":{"rendered":"<ul>\n<li>Restaurador de partes negras Exteriores<\/li>\n<li>Efecto de Larga duraci\u00f3n<\/li>\n<li>Los pl\u00e1sticos y molduras de tu auto siempre como nuevas<\/li>\n<\/ul>\n","protected":false},"featured_media":3780,"comment_status":"open","ping_status":"closed","template":"","meta":[],"product_brand":[],"product_cat":[344],"product_tag":[353,345,352],"class_list":{"0":"post-3779","1":"product","2":"type-product","3":"status-publish","4":"has-post-thumbnail","6":"product_cat-productos-meguiars","7":"product_tag-gold-class","8":"product_tag-meguiars","9":"product_tag-partes-negras","11":"first","12":"instock","13":"taxable","14":"shipping-taxable","15":"purchasable","16":"product-type-simple"},"_links":{"self":[{"href":"https:\/\/8000rpmtools.com\/index.php?rest_route=\/wp\/v2\/product\/3779","targetHints":{"allow":["GET"]}}],"collection":[{"href":"https:\/\/8000rpmtools.com\/index.php?rest_route=\/wp\/v2\/product"}],"about":[{"href":"https:\/\/8000rpmtools.com\/index.php?rest_route=\/wp\/v2\/types\/product"}],"replies":[{"embeddable":true,"href":"https:\/\/8000rpmtools.com\/index.php?rest_route=%2Fwp%2Fv2%2Fcomments&post=3779"}],"wp:featuredmedia":[{"embeddable":true,"href":"https:\/\/8000rpmtools.com\/index.php?rest_route=\/wp\/v2\/media\/3780"}],"wp:attachment":[{"href":"https:\/\/8000rpmtools.com\/index.php?rest_route=%2Fwp%2Fv2%2Fmedia&parent=3779"}],"wp:term":[{"taxonomy":"product_brand","embeddable":true,"href":"https:\/\/8000rpmtools.com\/index.php?rest_route=%2Fwp%2Fv2%2Fproduct_brand&post=3779"},{"taxonomy":"product_cat","embeddable":true,"href":"https:\/\/8000rpmtools.com\/index.php?rest_route=%2Fwp%2Fv2%2Fproduct_cat&post=3779"},{"taxonomy":"product_tag","embeddable":true,"href":"https:\/\/8000rpmtools.com\/index.php?rest_route=%2Fwp%2Fv2%2Fproduct_tag&post=3779"}],"curies":[{"name":"wp","href":"https:\/\/api.w.org\/{rel}","templated":true}]}}