{"id":3770,"date":"2020-04-08T01:59:20","date_gmt":"2020-04-08T01:59:20","guid":{"rendered":"http:\/\/8000rpmtools.com\/?post_type=product&#038;p=3770"},"modified":"2020-04-08T01:59:23","modified_gmt":"2020-04-08T01:59:23","slug":"shampoo-meguiars-soft-wash-gel","status":"publish","type":"product","link":"https:\/\/8000rpmtools.com\/?product=shampoo-meguiars-soft-wash-gel","title":{"rendered":"SHAMPOO MEGUIARS SOFT WASH GEL"},"content":{"rendered":"<p>Viscoso y s\u00faper concentrado, esta f\u00f3rmula extraordinaria combina acondicionadores ricos con abrillantadores \u00f3pticos para mejorar el brillo y el acabado de su pintura.<\/p>\n<p>Sin detergente y con pH equilibrado, no quitar\u00e1 la protecci\u00f3n de cera, este shampoo es ideal para mantener tratamientos de cera de cualquier tipo<\/p>\n","protected":false},"excerpt":{"rendered":"<ul>\n<li>Excelente brillo<\/li>\n<li>Ideal para mantener tratamientos de Cera, cer\u00e1micos, selladores<\/li>\n<li>compatible con todos los colores<\/li>\n<\/ul>\n","protected":false},"featured_media":3773,"comment_status":"open","ping_status":"closed","template":"","meta":[],"product_brand":[],"product_cat":[344],"product_tag":[351,345,350],"class_list":{"0":"post-3770","1":"product","2":"type-product","3":"status-publish","4":"has-post-thumbnail","6":"product_cat-productos-meguiars","7":"product_tag-gel","8":"product_tag-meguiars","9":"product_tag-shampoo","11":"first","12":"instock","13":"taxable","14":"shipping-taxable","15":"purchasable","16":"product-type-simple"},"_links":{"self":[{"href":"https:\/\/8000rpmtools.com\/index.php?rest_route=\/wp\/v2\/product\/3770","targetHints":{"allow":["GET"]}}],"collection":[{"href":"https:\/\/8000rpmtools.com\/index.php?rest_route=\/wp\/v2\/product"}],"about":[{"href":"https:\/\/8000rpmtools.com\/index.php?rest_route=\/wp\/v2\/types\/product"}],"replies":[{"embeddable":true,"href":"https:\/\/8000rpmtools.com\/index.php?rest_route=%2Fwp%2Fv2%2Fcomments&post=3770"}],"wp:featuredmedia":[{"embeddable":true,"href":"https:\/\/8000rpmtools.com\/index.php?rest_route=\/wp\/v2\/media\/3773"}],"wp:attachment":[{"href":"https:\/\/8000rpmtools.com\/index.php?rest_route=%2Fwp%2Fv2%2Fmedia&parent=3770"}],"wp:term":[{"taxonomy":"product_brand","embeddable":true,"href":"https:\/\/8000rpmtools.com\/index.php?rest_route=%2Fwp%2Fv2%2Fproduct_brand&post=3770"},{"taxonomy":"product_cat","embeddable":true,"href":"https:\/\/8000rpmtools.com\/index.php?rest_route=%2Fwp%2Fv2%2Fproduct_cat&post=3770"},{"taxonomy":"product_tag","embeddable":true,"href":"https:\/\/8000rpmtools.com\/index.php?rest_route=%2Fwp%2Fv2%2Fproduct_tag&post=3770"}],"curies":[{"name":"wp","href":"https:\/\/api.w.org\/{rel}","templated":true}]}}