{"id":3766,"date":"2020-04-08T01:44:06","date_gmt":"2020-04-08T01:44:06","guid":{"rendered":"http:\/\/8000rpmtools.com\/?post_type=product&#038;p=3766"},"modified":"2020-04-08T02:04:15","modified_gmt":"2020-04-08T02:04:15","slug":"pad-aplicador-meguiars-para-cera-ceramico-selladores-re-utilizable","status":"publish","type":"product","link":"https:\/\/8000rpmtools.com\/?product=pad-aplicador-meguiars-para-cera-ceramico-selladores-re-utilizable","title":{"rendered":"PAD APLICADOR MEGUIARS PARA CERA, CER\u00c1MICO, SELLADORES &#8211; RE UTILIZABLE"},"content":{"rendered":"<p>Pad aplicador de los productos Meguiar\u2019s. Utiliza los mejores productos disponibles en el mercado ecuatoriano.<\/p>\n<p>Este pad puede ser utilizado para la aplicaci\u00f3n de ceras, pulimentos, abrillantadores, selladores, cer\u00e1micos y m\u00e1s productos, tiene una textura esponjosa que har\u00e1 la aspersi\u00f3n del producto m\u00e1s f\u00e1cil, es un aplicador resistente que puede ser usado varias veces ya que es lavable, como recomendaci\u00f3n se debe lavar con detergente l\u00edquido despu\u00e9s de usarse para conservar sus propiedades.<\/p>\n","protected":false},"excerpt":{"rendered":"<ul>\n<li>Sirve para aplicar todo tipo de productos<\/li>\n<li>Re utilizable<\/li>\n<li>Resistente<\/li>\n<\/ul>\n","protected":false},"featured_media":3775,"comment_status":"open","ping_status":"closed","template":"","meta":[],"product_brand":[],"product_cat":[344],"product_tag":[233,346,345],"class_list":{"0":"post-3766","1":"product","2":"type-product","3":"status-publish","4":"has-post-thumbnail","6":"product_cat-productos-meguiars","7":"product_tag-aplicador","8":"product_tag-cera","9":"product_tag-meguiars","11":"first","12":"instock","13":"taxable","14":"shipping-taxable","15":"purchasable","16":"product-type-simple"},"_links":{"self":[{"href":"https:\/\/8000rpmtools.com\/index.php?rest_route=\/wp\/v2\/product\/3766","targetHints":{"allow":["GET"]}}],"collection":[{"href":"https:\/\/8000rpmtools.com\/index.php?rest_route=\/wp\/v2\/product"}],"about":[{"href":"https:\/\/8000rpmtools.com\/index.php?rest_route=\/wp\/v2\/types\/product"}],"replies":[{"embeddable":true,"href":"https:\/\/8000rpmtools.com\/index.php?rest_route=%2Fwp%2Fv2%2Fcomments&post=3766"}],"wp:featuredmedia":[{"embeddable":true,"href":"https:\/\/8000rpmtools.com\/index.php?rest_route=\/wp\/v2\/media\/3775"}],"wp:attachment":[{"href":"https:\/\/8000rpmtools.com\/index.php?rest_route=%2Fwp%2Fv2%2Fmedia&parent=3766"}],"wp:term":[{"taxonomy":"product_brand","embeddable":true,"href":"https:\/\/8000rpmtools.com\/index.php?rest_route=%2Fwp%2Fv2%2Fproduct_brand&post=3766"},{"taxonomy":"product_cat","embeddable":true,"href":"https:\/\/8000rpmtools.com\/index.php?rest_route=%2Fwp%2Fv2%2Fproduct_cat&post=3766"},{"taxonomy":"product_tag","embeddable":true,"href":"https:\/\/8000rpmtools.com\/index.php?rest_route=%2Fwp%2Fv2%2Fproduct_tag&post=3766"}],"curies":[{"name":"wp","href":"https:\/\/api.w.org\/{rel}","templated":true}]}}