{"id":3560,"date":"2020-04-03T06:32:45","date_gmt":"2020-04-03T06:32:45","guid":{"rendered":"http:\/\/8000rpmtools.com\/?post_type=product&#038;p=3560"},"modified":"2025-12-18T22:12:09","modified_gmt":"2025-12-19T03:12:09","slug":"pistola-para-soldar-weller-260w-200w","status":"publish","type":"product","link":"https:\/\/8000rpmtools.com\/?product=pistola-para-soldar-weller-260w-200w","title":{"rendered":"PISTOLA PARA SOLDAR WELLER 260W\/200W"},"content":{"rendered":"<p>El Weller aporta fuerza y \u200b\u200bcontrol profesional, con 2 luces frontales claras para mayor visibilidad sobre el \u00e1rea de trabajo.<\/p>\n<p>Dise\u00f1o de empu\u00f1adura de pistola con gatillo de f\u00e1cil ajuste que permite cambiar entre configuraciones de 260 vatios y 200 vatios<\/p>\n<p>Se calienta completamente en solo 6 segundos, transfiriendo calor a la punta de cobre esta\u00f1ado de gran calibre<\/p>\n<p>Cumple con los est\u00e1ndares de seguridad reconocidos a nivel internacional UL y cUL (listado por UL)<\/p>\n<p>El kit contiene una pistola de soldadura D550, una bobina de soldadura sin plomo y 1 de cada una de las puntas de soldadura, suavizado y corte<\/p>\n<p>Listo para usar en 6 segundos<\/p>\n<p>La activaci\u00f3n del dedo le permite seleccionar f\u00e1cilmente la salida alta o baja<\/p>\n","protected":false},"excerpt":{"rendered":"<blockquote>\n<ul>\n<li style=\"text-align: left;\">Pistola de suelda Profesional<\/li>\n<li>En 6 segundos est\u00e1 lista para trabajar<\/li>\n<li>Potencia 200w\/260w<\/li>\n<li>1 a\u00f1o de Garant\u00eda Directa<\/li>\n<\/ul>\n<\/blockquote>\n","protected":false},"featured_media":3562,"comment_status":"open","ping_status":"closed","template":"","meta":[],"product_brand":[],"product_cat":[289,24],"product_tag":[290,285,339],"class_list":{"0":"post-3560","1":"product","2":"type-product","3":"status-publish","4":"has-post-thumbnail","6":"product_cat-equipos-para-soldadura","7":"product_cat-herramientas-electricas","8":"product_tag-cautin","9":"product_tag-pistola","10":"product_tag-soldadura","12":"first","13":"instock","14":"taxable","15":"shipping-taxable","16":"purchasable","17":"product-type-simple"},"_links":{"self":[{"href":"https:\/\/8000rpmtools.com\/index.php?rest_route=\/wp\/v2\/product\/3560","targetHints":{"allow":["GET"]}}],"collection":[{"href":"https:\/\/8000rpmtools.com\/index.php?rest_route=\/wp\/v2\/product"}],"about":[{"href":"https:\/\/8000rpmtools.com\/index.php?rest_route=\/wp\/v2\/types\/product"}],"replies":[{"embeddable":true,"href":"https:\/\/8000rpmtools.com\/index.php?rest_route=%2Fwp%2Fv2%2Fcomments&post=3560"}],"wp:featuredmedia":[{"embeddable":true,"href":"https:\/\/8000rpmtools.com\/index.php?rest_route=\/wp\/v2\/media\/3562"}],"wp:attachment":[{"href":"https:\/\/8000rpmtools.com\/index.php?rest_route=%2Fwp%2Fv2%2Fmedia&parent=3560"}],"wp:term":[{"taxonomy":"product_brand","embeddable":true,"href":"https:\/\/8000rpmtools.com\/index.php?rest_route=%2Fwp%2Fv2%2Fproduct_brand&post=3560"},{"taxonomy":"product_cat","embeddable":true,"href":"https:\/\/8000rpmtools.com\/index.php?rest_route=%2Fwp%2Fv2%2Fproduct_cat&post=3560"},{"taxonomy":"product_tag","embeddable":true,"href":"https:\/\/8000rpmtools.com\/index.php?rest_route=%2Fwp%2Fv2%2Fproduct_tag&post=3560"}],"curies":[{"name":"wp","href":"https:\/\/api.w.org\/{rel}","templated":true}]}}