{"id":3485,"date":"2020-04-02T04:42:37","date_gmt":"2020-04-02T04:42:37","guid":{"rendered":"http:\/\/8000rpmtools.com\/?post_type=product&#038;p=3485"},"modified":"2025-12-18T22:12:10","modified_gmt":"2025-12-19T03:12:10","slug":"cojin-de-trabajo-para-mecanica-jonnesway","status":"publish","type":"product","link":"https:\/\/8000rpmtools.com\/?product=cojin-de-trabajo-para-mecanica-jonnesway","title":{"rendered":"COJ\u00cdN DE TRABAJO PARA MEC\u00c1NICA JONNESWAY"},"content":{"rendered":"<ul class=\"a-unordered-list a-vertical a-spacing-none\">\n<li><span class=\"a-list-item\">Protector de rodilla: esta almohadilla de rodillas es una verdadera comodidad para aquellos que est\u00e1n trabajando constantemente en sus rodillas, este protector de rodilla, almohadilla de rodillas, coj\u00edn para rodillas y alivio de presi\u00f3n de apoyo de rodilla, esta alfombrilla es ideal para arrodillarse alrededor de la casa, mec\u00e1nica o sitio de construcci\u00f3n.<\/span><\/li>\n<\/ul>\n<p>&nbsp;<\/p>\n<ul class=\"a-unordered-list a-vertical a-spacing-none\">\n<li><span class=\"a-list-item\">Port\u00e1til y ligero: esta almohadilla de rodillas est\u00e1 hecha para llevarla y ayudarte a realizar tu trabajo, f\u00e1cil transporte con un asa integrada que hace que sea f\u00e1cil de transportar por la casa y el trabajo. Lo suficientemente ligera para llevarla a cualquier lugar que necesites, como ninguna otra alfombrilla de trabajo.<\/span><\/li>\n<\/ul>\n","protected":false},"excerpt":{"rendered":"<ul>\n<li>Pr\u00e1ctico y durable coj\u00edn de trabajo<\/li>\n<li>Espuma Consistente que amortigua cualquier golpe<\/li>\n<li>Calidad Premium<\/li>\n<\/ul>\n","protected":false},"featured_media":3488,"comment_status":"open","ping_status":"closed","template":"","meta":[],"product_brand":[],"product_cat":[23,311],"product_tag":[315,316],"class_list":{"0":"post-3485","1":"product","2":"type-product","3":"status-publish","4":"has-post-thumbnail","6":"product_cat-herramientas-manuales","7":"product_cat-organizacion-y-almacenamiento","8":"product_tag-cojin-de-trabajo","9":"product_tag-rodilla","11":"first","12":"instock","13":"taxable","14":"shipping-taxable","15":"purchasable","16":"product-type-simple"},"_links":{"self":[{"href":"https:\/\/8000rpmtools.com\/index.php?rest_route=\/wp\/v2\/product\/3485","targetHints":{"allow":["GET"]}}],"collection":[{"href":"https:\/\/8000rpmtools.com\/index.php?rest_route=\/wp\/v2\/product"}],"about":[{"href":"https:\/\/8000rpmtools.com\/index.php?rest_route=\/wp\/v2\/types\/product"}],"replies":[{"embeddable":true,"href":"https:\/\/8000rpmtools.com\/index.php?rest_route=%2Fwp%2Fv2%2Fcomments&post=3485"}],"wp:featuredmedia":[{"embeddable":true,"href":"https:\/\/8000rpmtools.com\/index.php?rest_route=\/wp\/v2\/media\/3488"}],"wp:attachment":[{"href":"https:\/\/8000rpmtools.com\/index.php?rest_route=%2Fwp%2Fv2%2Fmedia&parent=3485"}],"wp:term":[{"taxonomy":"product_brand","embeddable":true,"href":"https:\/\/8000rpmtools.com\/index.php?rest_route=%2Fwp%2Fv2%2Fproduct_brand&post=3485"},{"taxonomy":"product_cat","embeddable":true,"href":"https:\/\/8000rpmtools.com\/index.php?rest_route=%2Fwp%2Fv2%2Fproduct_cat&post=3485"},{"taxonomy":"product_tag","embeddable":true,"href":"https:\/\/8000rpmtools.com\/index.php?rest_route=%2Fwp%2Fv2%2Fproduct_tag&post=3485"}],"curies":[{"name":"wp","href":"https:\/\/api.w.org\/{rel}","templated":true}]}}