{"id":3397,"date":"2020-04-02T01:07:22","date_gmt":"2020-04-02T01:07:22","guid":{"rendered":"http:\/\/8000rpmtools.com\/?post_type=product&#038;p=3397"},"modified":"2023-01-24T17:19:41","modified_gmt":"2023-01-24T17:19:41","slug":"kit-para-soldadura-fina-cautin-regulable","status":"publish","type":"product","link":"https:\/\/8000rpmtools.com\/?product=kit-para-soldadura-fina-cautin-regulable","title":{"rendered":"KIT PARA SOLDADURA FINA- CAUT\u00cdN CON TEMPERATURA REGULABLE"},"content":{"rendered":"<p>Dise\u00f1o del kit de soldador para diversos usos, desde electr\u00f3nica especializada, trabajos de reparaci\u00f3n automotriz, reparaci\u00f3n de ECUS y otros proyectos de soldadura.<\/p>\n<p>Seguridad de las herramientas: el dise\u00f1o de doble seguridad del soporte para soldador y el mango de silicona con aislamiento t\u00e9rmico y anti quemaduras protegen a los usuarios de las quemaduras. F\u00e1cil de almacenar y transportar: la bolsa de transporte de PU es muy conveniente para almacenar herramientas peque\u00f1as y f\u00e1cil de transportar, puede llevarla a cualquier parte para su trabajo.<\/p>\n<p><strong>Especificaci\u00f3n: <\/strong><\/p>\n<p>\u2605 Voltaje de trabajo: 110V<\/p>\n<p>\u2605 Potencia: 60W \u2605 Rango de temperatura: 200 \u2103 &#8211; 450 \u2103<\/p>\n<p>\u2605 Pinzas: ESD-15, longitud 4. 7 pulgadas<\/p>\n<p>\u2605 Soporte de soldador: Acero<\/p>\n<p>\u2605 Modelo de puntas: serie 900M<\/p>\n<p>\u2605 Bomba de soldadura DE: Pl\u00e1stico y aleaci\u00f3n de aluminio<\/p>\n<p>\u2605 Bolsa de transporte<\/p>\n<p>&nbsp;<\/p>\n<p>\u2460 Tenga mucho cuidado cuando use las herramientas para evitar pinchazos u otras lesiones, ser\u00e1 mejor que lo guarde en un lugar que los ni\u00f1os no puedan alcanzar.<\/p>\n<p>\u2461El caut\u00edn se calienta r\u00e1pido, as\u00ed que seleccione una temperatura adecuada. Trabajar durante largas horas y altas temperaturas puede acortar su vida \u00fatil.<\/p>\n<p>\u2462 No permita que el hierro se ponga en ralent\u00ed a temperaturas de funcionamiento durante per\u00edodos prolongados, esto podr\u00eda quemar el soldador e incluso otras cosas.<\/p>\n","protected":false},"excerpt":{"rendered":"<ul>\n<li>kit para soldadura profesional<\/li>\n<li>Caut\u00edn con temperatura Regulable<\/li>\n<li>Puntas intercambiables<\/li>\n<li>Ideal para trabajar en ECUS y partes delicadas de veh\u00edculos<\/li>\n<\/ul>\n","protected":false},"featured_media":3401,"comment_status":"open","ping_status":"closed","template":"","meta":[],"product_brand":[],"product_cat":[289,24],"product_tag":[290,291],"class_list":{"0":"post-3397","1":"product","2":"type-product","3":"status-publish","4":"has-post-thumbnail","6":"product_cat-equipos-para-soldadura","7":"product_cat-herramientas-electricas","8":"product_tag-cautin","9":"product_tag-suelda","11":"first","12":"instock","13":"taxable","14":"shipping-taxable","15":"purchasable","16":"product-type-simple"},"_links":{"self":[{"href":"https:\/\/8000rpmtools.com\/index.php?rest_route=\/wp\/v2\/product\/3397","targetHints":{"allow":["GET"]}}],"collection":[{"href":"https:\/\/8000rpmtools.com\/index.php?rest_route=\/wp\/v2\/product"}],"about":[{"href":"https:\/\/8000rpmtools.com\/index.php?rest_route=\/wp\/v2\/types\/product"}],"replies":[{"embeddable":true,"href":"https:\/\/8000rpmtools.com\/index.php?rest_route=%2Fwp%2Fv2%2Fcomments&post=3397"}],"wp:featuredmedia":[{"embeddable":true,"href":"https:\/\/8000rpmtools.com\/index.php?rest_route=\/wp\/v2\/media\/3401"}],"wp:attachment":[{"href":"https:\/\/8000rpmtools.com\/index.php?rest_route=%2Fwp%2Fv2%2Fmedia&parent=3397"}],"wp:term":[{"taxonomy":"product_brand","embeddable":true,"href":"https:\/\/8000rpmtools.com\/index.php?rest_route=%2Fwp%2Fv2%2Fproduct_brand&post=3397"},{"taxonomy":"product_cat","embeddable":true,"href":"https:\/\/8000rpmtools.com\/index.php?rest_route=%2Fwp%2Fv2%2Fproduct_cat&post=3397"},{"taxonomy":"product_tag","embeddable":true,"href":"https:\/\/8000rpmtools.com\/index.php?rest_route=%2Fwp%2Fv2%2Fproduct_tag&post=3397"}],"curies":[{"name":"wp","href":"https:\/\/api.w.org\/{rel}","templated":true}]}}