{"id":3360,"date":"2020-04-01T23:59:24","date_gmt":"2020-04-01T23:59:24","guid":{"rendered":"http:\/\/8000rpmtools.com\/?post_type=product&#038;p=3360"},"modified":"2024-06-25T11:35:53","modified_gmt":"2024-06-25T16:35:53","slug":"llave-extractora-para-tapas-de-bombas-de-gasolina","status":"publish","type":"product","link":"https:\/\/8000rpmtools.com\/?product=llave-extractora-para-tapas-de-bombas-de-gasolina","title":{"rendered":"LLAVE EXTRACTORA PARA TAPAS DE BOMBAS DE GASOLINA"},"content":{"rendered":"<div id=\"dpx-product-description_feature_div\">\n<div id=\"descriptionAndDetails\" class=\"a-section a-spacing-extra-large\">\n<div id=\"productDescription_feature_div\" class=\"celwidget\" data-feature-name=\"productDescription\" data-cel-widget=\"productDescription_feature_div\">\n<div id=\"productDescription_feature_div\" class=\"a-row feature\" data-feature-name=\"productDescription\" data-template-name=\"productDescription\" data-cel-widget=\"productDescription_feature_div\">\n<div id=\"productDescription\" class=\"a-section a-spacing-small\">\n<p><strong>Descripci\u00f3n del producto<\/strong><\/p>\n<p>La llave inglesa del m\u00f3dulo de la bomba de combustible de OEMTOOLS retira e instala el anillo de retenci\u00f3n de la bomba de combustible que sostiene el m\u00f3dulo de la bomba de combustible en el tanque de gasolina. La llave inglesa del m\u00f3dulo de la bomba de combustible es totalmente ajustable para agarre interior y exterior.<\/p>\n<p>la Herramienta OEMTOOLS presenta acero forjado para mayor resistencia y durabilidad para resistir la oxidaci\u00f3n.<\/p>\n<\/div>\n<\/div>\n<\/div>\n<\/div>\n<\/div>\n<div id=\"dpx-btf-feature-bullets_feature_div\">\n<div id=\"featurebulletsbtf\" class=\"celwidget\" data-feature-name=\"featurebulletsbtf\" data-cel-widget=\"featurebulletsbtf\">Compatible con todas las Marcas de veh\u00edculos<\/div>\n<\/div>\n<div id=\"dpx-btf-renewed-program-description_feature_div\">\n<div id=\"renewedProgramDescriptionBtf_feature_div\" class=\"celwidget\" data-feature-name=\"renewedProgramDescriptionBtf\" data-cel-widget=\"renewedProgramDescriptionBtf_feature_div\"><\/div>\n<\/div>\n<div id=\"product-details-grid_feature_div\">\n<div id=\"product-details-grid_feature_div\">\n<div id=\"product-details-grid_feature_div\">\n<p><a id=\"productDetails\" name=\"productDetails\"><\/a><\/p>\n<div id=\"productDetails_feature_div\" class=\"celwidget\" data-feature-name=\"productDetails\" data-cel-widget=\"productDetails_feature_div\"><\/div>\n<\/div>\n<\/div>\n<\/div>\n","protected":false},"excerpt":{"rendered":"<ul>\n<li>Remover y Ajustar tapas de bombas de gasolina<\/li>\n<li>Forjado para mayor duraci\u00f3n<\/li>\n<li>Universal<\/li>\n<li>Ajustable para usarse en varios tama\u00f1os de tapas<\/li>\n<\/ul>\n","protected":false},"featured_media":3363,"comment_status":"open","ping_status":"closed","template":"","meta":[],"product_brand":[],"product_cat":[201,23],"product_tag":[273,160,274,208],"class_list":{"0":"post-3360","1":"product","2":"type-product","3":"status-publish","4":"has-post-thumbnail","6":"product_cat-herramientas-especiales","7":"product_cat-herramientas-manuales","8":"product_tag-bombas-de-gasolina","9":"product_tag-extractor","10":"product_tag-llave","11":"product_tag-tapas","13":"first","14":"instock","15":"taxable","16":"shipping-taxable","17":"purchasable","18":"product-type-simple"},"_links":{"self":[{"href":"https:\/\/8000rpmtools.com\/index.php?rest_route=\/wp\/v2\/product\/3360","targetHints":{"allow":["GET"]}}],"collection":[{"href":"https:\/\/8000rpmtools.com\/index.php?rest_route=\/wp\/v2\/product"}],"about":[{"href":"https:\/\/8000rpmtools.com\/index.php?rest_route=\/wp\/v2\/types\/product"}],"replies":[{"embeddable":true,"href":"https:\/\/8000rpmtools.com\/index.php?rest_route=%2Fwp%2Fv2%2Fcomments&post=3360"}],"wp:featuredmedia":[{"embeddable":true,"href":"https:\/\/8000rpmtools.com\/index.php?rest_route=\/wp\/v2\/media\/3363"}],"wp:attachment":[{"href":"https:\/\/8000rpmtools.com\/index.php?rest_route=%2Fwp%2Fv2%2Fmedia&parent=3360"}],"wp:term":[{"taxonomy":"product_brand","embeddable":true,"href":"https:\/\/8000rpmtools.com\/index.php?rest_route=%2Fwp%2Fv2%2Fproduct_brand&post=3360"},{"taxonomy":"product_cat","embeddable":true,"href":"https:\/\/8000rpmtools.com\/index.php?rest_route=%2Fwp%2Fv2%2Fproduct_cat&post=3360"},{"taxonomy":"product_tag","embeddable":true,"href":"https:\/\/8000rpmtools.com\/index.php?rest_route=%2Fwp%2Fv2%2Fproduct_tag&post=3360"}],"curies":[{"name":"wp","href":"https:\/\/api.w.org\/{rel}","templated":true}]}}