{"id":3293,"date":"2020-04-01T01:32:53","date_gmt":"2020-04-01T01:32:53","guid":{"rendered":"http:\/\/8000rpmtools.com\/?post_type=product&#038;p=3293"},"modified":"2025-12-18T22:12:10","modified_gmt":"2025-12-19T03:12:10","slug":"kit-profesional-para-control-y-carga-de-aire-acondicionado-uso-pesado","status":"publish","type":"product","link":"https:\/\/8000rpmtools.com\/?product=kit-profesional-para-control-y-carga-de-aire-acondicionado-uso-pesado","title":{"rendered":"KIT PROFESIONAL PARA CONTROL Y CARGA DE AIRE ACONDICIONADO USO PESADO"},"content":{"rendered":"<div class=\"celwidget aplus-module 3p-module-b\" data-cel-widget=\"aplus-3p-module-b\">\n<div class=\"aplus-3p-fixed-width\"><img decoding=\"async\" class=\"a-spacing-base\" src=\"https:\/\/m.media-amazon.com\/images\/S\/aplus-seller-content-images-us-east-1\/ATVPDKIKX0DER\/AZJCK5N9CB4XF\/d57cc084-bc18-4388-8bf9-8f886ef8b27b._CR0,0,970,600_PT0_SX970__.jpg\" alt=\"001\" data-src=\"https:\/\/m.media-amazon.com\/images\/S\/aplus-seller-content-images-us-east-1\/ATVPDKIKX0DER\/AZJCK5N9CB4XF\/d57cc084-bc18-4388-8bf9-8f886ef8b27b._CR0,0,970,600_PT0_SX970__.jpg\" \/><\/p>\n<h3 class=\"a-spacing-mini\">Hecho de material s\u00f3lido + aluminio + PVC + pl\u00e1stico, resiste el uso intensivo y ca\u00eddas accidentales, ideal para mec\u00e1nicos de autom\u00f3viles profesionales.<\/h3>\n<\/div>\n<\/div>\n<div class=\"celwidget aplus-module 3p-module-b\" data-cel-widget=\"aplus-3p-module-b\">\n<div class=\"aplus-3p-fixed-width\"><img decoding=\"async\" class=\"a-spacing-base\" src=\"https:\/\/m.media-amazon.com\/images\/S\/aplus-seller-content-images-us-east-1\/ATVPDKIKX0DER\/AZJCK5N9CB4XF\/b764b5c0-37f1-4398-b2fd-e99f2b839946._CR0,0,970,600_PT0_SX970__.jpg\" alt=\"00002\" data-src=\"https:\/\/m.media-amazon.com\/images\/S\/aplus-seller-content-images-us-east-1\/ATVPDKIKX0DER\/AZJCK5N9CB4XF\/b764b5c0-37f1-4398-b2fd-e99f2b839946._CR0,0,970,600_PT0_SX970__.jpg\" \/><\/div>\n<\/div>\n<div class=\"celwidget aplus-module module-9\" data-cel-widget=\"aplus-module-9\">\n<div class=\"a-expander-collapsed-height a-row a-expander-container a-expander-partial-collapse-container\" aria-live=\"polite\" data-a-expander-name=\"aplus-module-expander\" data-a-expander-collapsed-height=\"700\">\n<div class=\"a-expander-content a-expander-partial-collapse-content\" aria-expanded=\"false\">\n<div class=\"aplus-module-wrapper\">\n<div class=\"apm-spacing apm-fixed-width\">\n<table class=\"apm-fixed-width a-size-base apm-eventhirdcol-table\">\n<tbody>\n<tr>\n<th class=\"apm-center\">\n<div class=\"apm-eventhirdcol apm-floatleft\">\n<p><img decoding=\"async\" class=\"a-spacing-mini\" src=\"https:\/\/m.media-amazon.com\/images\/S\/aplus-seller-content-images-us-east-1\/ATVPDKIKX0DER\/AZJCK5N9CB4XF\/4500919f-2810-45ef-ad33-d256f6f1b71d._CR0,0,300,300_PT0_SX300__.jpg\" alt=\"11\" data-src=\"https:\/\/m.media-amazon.com\/images\/S\/aplus-seller-content-images-us-east-1\/ATVPDKIKX0DER\/AZJCK5N9CB4XF\/4500919f-2810-45ef-ad33-d256f6f1b71d._CR0,0,300,300_PT0_SX300__.jpg\" \/><\/p>\n<\/div>\n<\/th>\n<th class=\"apm-center\">\n<div class=\"apm-eventhirdcol apm-floatleft\">\n<p><img decoding=\"async\" class=\"a-spacing-mini\" src=\"https:\/\/m.media-amazon.com\/images\/S\/aplus-seller-content-images-us-east-1\/ATVPDKIKX0DER\/AZJCK5N9CB4XF\/6535f5c4-968d-4331-bf75-c27d55ce6e32._CR0,0,300,300_PT0_SX300__.jpg\" alt=\"123\" data-src=\"https:\/\/m.media-amazon.com\/images\/S\/aplus-seller-content-images-us-east-1\/ATVPDKIKX0DER\/AZJCK5N9CB4XF\/6535f5c4-968d-4331-bf75-c27d55ce6e32._CR0,0,300,300_PT0_SX300__.jpg\" \/><\/p>\n<\/div>\n<\/th>\n<th class=\"apm-center\">\n<div class=\"apm-eventhirdcol apm-floatleft\">\n<p><img decoding=\"async\" class=\"a-spacing-mini\" src=\"https:\/\/m.media-amazon.com\/images\/S\/aplus-seller-content-images-us-east-1\/ATVPDKIKX0DER\/AZJCK5N9CB4XF\/0f270b0c-7fc4-46c7-b6ec-9f016a93ad38._CR0,0,300,300_PT0_SX300__.jpg\" alt=\"33\" data-src=\"https:\/\/m.media-amazon.com\/images\/S\/aplus-seller-content-images-us-east-1\/ATVPDKIKX0DER\/AZJCK5N9CB4XF\/0f270b0c-7fc4-46c7-b6ec-9f016a93ad38._CR0,0,300,300_PT0_SX300__.jpg\" \/><\/p>\n<\/div>\n<\/th>\n<\/tr>\n<tr>\n<td class=\"apm-top\">\n<div class=\"apm-eventhirdcol apm-floatleft\">\n<h4 class=\"a-spacing-mini\">1 x conjunto de medidor m\u00faltiple<br \/>\nA prueba de golpes y a prueba de roturas: el medidor de colector de diagn\u00f3stico est\u00e1 hecho de caucho de alta calidad.<br \/>\nTener una indicaci\u00f3n \u00fanica de presi\u00f3n del resorte.<br \/>\nLectura precisa: el error de precisi\u00f3n de lectura del puntero es 1.5.<br \/>\nTipo de refrigerante apto: R134A R404A R407C y refrigerante R22<\/h4>\n<\/div>\n<\/td>\n<td class=\"apm-top\">\n<div class=\"apm-eventhirdcol apm-floatleft\">\n<h4 class=\"a-spacing-mini\">Manguera de 3 x 5 pies con conector de cobre<br \/>\nIncluye 3 piezas de manguera de carga de fre\u00f3n extra larga de 5 pies<br \/>\n3 colores para un f\u00e1cil reconocimiento<br \/>\nRojo para alta presi\u00f3n<br \/>\nAzul para baja presi\u00f3n<br \/>\nAmarillo para botella de refrigerante.<br \/>\nPresi\u00f3n de Brust: 3000PSI<br \/>\nPresi\u00f3n m\u00e1xima de trabajo: 600PSI<\/h4>\n<\/div>\n<\/td>\n<td class=\"apm-top\">\n<div class=\"apm-eventhirdcol apm-floatleft\">\n<h4 class=\"a-spacing-mini\">2 x R134a Adpater, 1 x Can Tap, 1 x Adaptador de tanque<br \/>\nAdpater R134a: 1\/4 &#8220;macho<br \/>\nAdaptador de tanque: 1\/4 &#8220;macho a 1\/2&#8243; hembra<br \/>\nPuede Tap: 1\/2 &#8221; Acme macho<br \/>\nPrecisi\u00f3n de bloqueo, dise\u00f1o de 6 rodamientos de bolas y anillo de agarre.<br \/>\nPara una f\u00e1cil operaci\u00f3n, adaptador ajustable para un mantenimiento m\u00e1s prolongado.<\/h4>\n<\/div>\n<\/td>\n<\/tr>\n<\/tbody>\n<\/table>\n<\/div>\n<\/div>\n<\/div>\n<\/div>\n<\/div>\n<div class=\"celwidget aplus-module module-4\" data-cel-widget=\"aplus-module-4\">\n<div class=\"a-expander-collapsed-height a-row a-expander-container a-expander-partial-collapse-container\" aria-live=\"polite\" data-a-expander-name=\"aplus-module-expander\" data-a-expander-collapsed-height=\"700\">\n<div class=\"a-expander-content a-expander-partial-collapse-content\" aria-expanded=\"false\">\n<div class=\"aplus-module-wrapper\">\n<div class=\"apm-spacing\">\n<div class=\"apm-floatleft apm-fixed-width\">\n<div class=\"a-spacing-extra-large\">\n<div class=\"apm-spacing\">\n<table class=\"apm-fixed-width a-spacing-mini apm-fourthcol-table\">\n<tbody>\n<tr>\n<th class=\"apm-center\">\n<div class=\"apm-fourthcol\">\n<p><img decoding=\"async\" class=\"\" src=\"https:\/\/m.media-amazon.com\/images\/S\/aplus-seller-content-images-us-east-1\/ATVPDKIKX0DER\/AZJCK5N9CB4XF\/5d1269e2-923d-4546-946a-1ca9c304f938._CR0,0,220,220_PT0_SX220__.jpg\" alt=\"44\" data-src=\"https:\/\/m.media-amazon.com\/images\/S\/aplus-seller-content-images-us-east-1\/ATVPDKIKX0DER\/AZJCK5N9CB4XF\/5d1269e2-923d-4546-946a-1ca9c304f938._CR0,0,220,220_PT0_SX220__.jpg\" \/><\/p>\n<\/div>\n<\/th>\n<th class=\"apm-center\">\n<div class=\"apm-fourthcol\">\n<p><img decoding=\"async\" class=\"\" src=\"https:\/\/m.media-amazon.com\/images\/S\/aplus-seller-content-images-us-east-1\/ATVPDKIKX0DER\/AZJCK5N9CB4XF\/11f30a0f-8ed3-4906-a1c8-7d302afb5477._CR0,0,220,220_PT0_SX220__.jpg\" alt=\"55\" data-src=\"https:\/\/m.media-amazon.com\/images\/S\/aplus-seller-content-images-us-east-1\/ATVPDKIKX0DER\/AZJCK5N9CB4XF\/11f30a0f-8ed3-4906-a1c8-7d302afb5477._CR0,0,220,220_PT0_SX220__.jpg\" \/><\/p>\n<\/div>\n<\/th>\n<th class=\"apm-center\">\n<div class=\"apm-fourthcol\">\n<p><img decoding=\"async\" class=\"\" src=\"https:\/\/m.media-amazon.com\/images\/S\/aplus-seller-content-images-us-east-1\/ATVPDKIKX0DER\/AZJCK5N9CB4XF\/ff0ed882-bc91-4102-ab31-06c692d0e595._CR0,0,220,220_PT0_SX220__.jpg\" alt=\"66\" data-src=\"https:\/\/m.media-amazon.com\/images\/S\/aplus-seller-content-images-us-east-1\/ATVPDKIKX0DER\/AZJCK5N9CB4XF\/ff0ed882-bc91-4102-ab31-06c692d0e595._CR0,0,220,220_PT0_SX220__.jpg\" \/><\/p>\n<\/div>\n<\/th>\n<th class=\"apm-center\">\n<div class=\"apm-fourthcol\">\n<p><img decoding=\"async\" class=\"\" src=\"https:\/\/m.media-amazon.com\/images\/S\/aplus-seller-content-images-us-east-1\/ATVPDKIKX0DER\/AZJCK5N9CB4XF\/dfeb4c8d-fe02-43d8-9697-a6b47857fafc._CR0,0,220,220_PT0_SX220__.jpg\" alt=\"77\" data-src=\"https:\/\/m.media-amazon.com\/images\/S\/aplus-seller-content-images-us-east-1\/ATVPDKIKX0DER\/AZJCK5N9CB4XF\/dfeb4c8d-fe02-43d8-9697-a6b47857fafc._CR0,0,220,220_PT0_SX220__.jpg\" \/><\/p>\n<\/div>\n<\/th>\n<\/tr>\n<tr>\n<td class=\"apm-top\">\n<div class=\"apm-fourthcol\">\n<h4 class=\"a-spacing-mini\">Adaptador de tanque: 1\/4 &#8220;macho a 1\/2&#8221; hembra, larga vida \u00fatil con material de lat\u00f3n de alta calidad<\/h4>\n<\/div>\n<\/td>\n<td class=\"apm-top\">\n<div class=\"apm-fourthcol\">\n<h4 class=\"a-spacing-mini\">Medici\u00f3n f\u00e1cil con un term\u00f3metro digital LCD para aire acondicionado, centr\u00e1ndose en el cambio de temperatura en caso de emergencia<\/h4>\n<\/div>\n<\/td>\n<td class=\"apm-top\">\n<div class=\"apm-fourthcol\">\n<h4 class=\"a-spacing-mini\">Mejore el rendimiento de sellado del medidor con 85 piezas de diferentes tama\u00f1os de juntas de aire acondicionado, no se preocupe\u00a0 mas por la fuga de refrigerante<\/h4>\n<\/div>\n<\/td>\n<td class=\"apm-top\">\n<div class=\"apm-fourthcol\">\n<h4 class=\"a-spacing-mini\">Reparando f\u00e1cilmente con una llave de n\u00facleo de v\u00e1lvula para el aire acondicionado del autom\u00f3vil<\/h4>\n<\/div>\n<\/td>\n<\/tr>\n<\/tbody>\n<\/table>\n<\/div>\n<\/div>\n<\/div>\n<\/div>\n<\/div>\n<div><\/div>\n<\/div>\n<\/div>\n<\/div>\n<div class=\"celwidget aplus-module module-12\" data-cel-widget=\"aplus-module-12\">\n<div class=\"a-expander-collapsed-height a-row a-expander-container a-expander-partial-collapse-container\" aria-live=\"polite\" data-a-expander-name=\"aplus-module-expander\" data-a-expander-collapsed-height=\"360\">\n<div class=\"a-expander-content a-expander-partial-collapse-content\" aria-expanded=\"false\">\n<div class=\"aplus-module-wrapper apm-spacing apm-floatnone\">\n<div class=\"apm-sidemodule aplus-module-content\">\n<div class=\"apm-hero-image\"><img decoding=\"async\" class=\"\" src=\"https:\/\/m.media-amazon.com\/images\/S\/aplus-seller-content-images-us-east-1\/ATVPDKIKX0DER\/AZJCK5N9CB4XF\/e791494c-645f-4656-bad2-1b03f9f41033._CR0,0,970,300_PT0_SX970__.jpg\" alt=\"1234\" data-src=\"https:\/\/m.media-amazon.com\/images\/S\/aplus-seller-content-images-us-east-1\/ATVPDKIKX0DER\/AZJCK5N9CB4XF\/e791494c-645f-4656-bad2-1b03f9f41033._CR0,0,970,300_PT0_SX970__.jpg\" \/><\/div>\n<\/div>\n<\/div>\n<\/div>\n<\/div>\n<\/div>\n","protected":false},"excerpt":{"rendered":"<ul>\n<li>Man\u00f3metros Ultra resistentes con protecci\u00f3n de caidas<\/li>\n<li>V\u00e1lvulas de Alta resistencia<\/li>\n<li>Incluye Term\u00f3metro<\/li>\n<li>Incluye kit de Orings para reparaci\u00f3n<\/li>\n<li>1 A\u00f1o de Garant\u00eda<\/li>\n<\/ul>\n","protected":false},"featured_media":3300,"comment_status":"open","ping_status":"closed","template":"","meta":[],"product_brand":[],"product_cat":[17],"product_tag":[255,257,59,256,259],"class_list":{"0":"post-3293","1":"product","2":"type-product","3":"status-publish","4":"has-post-thumbnail","6":"product_cat-manometros-y-medidores","7":"product_tag-ac","8":"product_tag-aire","9":"product_tag-aire-acondicionado","10":"product_tag-carga","11":"product_tag-manometros","13":"first","14":"instock","15":"taxable","16":"shipping-taxable","17":"purchasable","18":"product-type-simple"},"_links":{"self":[{"href":"https:\/\/8000rpmtools.com\/index.php?rest_route=\/wp\/v2\/product\/3293","targetHints":{"allow":["GET"]}}],"collection":[{"href":"https:\/\/8000rpmtools.com\/index.php?rest_route=\/wp\/v2\/product"}],"about":[{"href":"https:\/\/8000rpmtools.com\/index.php?rest_route=\/wp\/v2\/types\/product"}],"replies":[{"embeddable":true,"href":"https:\/\/8000rpmtools.com\/index.php?rest_route=%2Fwp%2Fv2%2Fcomments&post=3293"}],"wp:featuredmedia":[{"embeddable":true,"href":"https:\/\/8000rpmtools.com\/index.php?rest_route=\/wp\/v2\/media\/3300"}],"wp:attachment":[{"href":"https:\/\/8000rpmtools.com\/index.php?rest_route=%2Fwp%2Fv2%2Fmedia&parent=3293"}],"wp:term":[{"taxonomy":"product_brand","embeddable":true,"href":"https:\/\/8000rpmtools.com\/index.php?rest_route=%2Fwp%2Fv2%2Fproduct_brand&post=3293"},{"taxonomy":"product_cat","embeddable":true,"href":"https:\/\/8000rpmtools.com\/index.php?rest_route=%2Fwp%2Fv2%2Fproduct_cat&post=3293"},{"taxonomy":"product_tag","embeddable":true,"href":"https:\/\/8000rpmtools.com\/index.php?rest_route=%2Fwp%2Fv2%2Fproduct_tag&post=3293"}],"curies":[{"name":"wp","href":"https:\/\/api.w.org\/{rel}","templated":true}]}}