{"id":3286,"date":"2020-04-01T01:18:49","date_gmt":"2020-04-01T01:18:49","guid":{"rendered":"http:\/\/8000rpmtools.com\/?post_type=product&#038;p=3286"},"modified":"2025-12-18T22:13:05","modified_gmt":"2025-12-19T03:13:05","slug":"manometros-basicos-para-control-y-carga-de-aire-acondicionado","status":"publish","type":"product","link":"https:\/\/8000rpmtools.com\/?product=manometros-basicos-para-control-y-carga-de-aire-acondicionado","title":{"rendered":"MAN\u00d3METROS B\u00c1SICOS PARA CONTROL Y CARGA DE AIRE ACONDICIONADO"},"content":{"rendered":"<ul class=\"a-unordered-list a-vertical a-spacing-none\">\n<li><span class=\"a-list-item\">Juego de man\u00f3metro de diagn\u00f3stico profesional de CA para refrigerantes R134A, R12, R22.<\/span><\/li>\n<li><span class=\"a-list-item\">Material: bajo + pl\u00e1stico + aluminio + PVC.<\/span><\/li>\n<li><span class=\"a-list-item\">Incluye manguera de servicio de 3 colores de 3.9\u00a0ft de largo con accesorios est\u00e1ndar de 0.2\u00a0in. Manguera de 3000 psi (206 bar) y 600 psi (41 bar) presi\u00f3n de trabajo. Reconocimiento f\u00e1cil, presi\u00f3n alta (rojo) y baja (azul).<\/span><\/li>\n<li><span class=\"a-list-item\">Presi\u00f3n de r\u00e1faga de 3000 PSI, presi\u00f3n de trabajo m\u00e1xima de 600 PSI, unidad de grados Fahrenheit (\u00b0F) y Cent\u00edgrados (C\u00b0). Visor de vidrio para ver f\u00e1cilmente el movimiento y condici\u00f3n del refrigerante durante la carga y recuperaci\u00f3n.<\/span><\/li>\n<li><span class=\"a-list-item\">El paquete incluye: 1 calibre (1\/4 pulgadas macho), 3 mangueras (36 pulgadas, 1\/4 pulgadas hembra), 2 acopladores (1\/4 pulgadas macho), 1 adaptador ACME (1\/4 pulgadas macho a 1\/2 pulgadas hembra), 1 llave de v\u00e1lvula R134A.\u00a0<\/span><\/li>\n<\/ul>\n","protected":false},"excerpt":{"rendered":"<ul>\n<li>Man\u00f3metros Profesionales<\/li>\n<li>Kit completo para iniciar en el trabajo<\/li>\n<li>Uso Automotriz e Industrial<\/li>\n<li>1 A\u00f1o de Garant\u00eda<\/li>\n<\/ul>\n","protected":false},"featured_media":3289,"comment_status":"open","ping_status":"closed","template":"","meta":[],"product_brand":[],"product_cat":[17],"product_tag":[255,258,257,59,256,259],"class_list":{"0":"post-3286","1":"product","2":"type-product","3":"status-publish","4":"has-post-thumbnail","6":"product_cat-manometros-y-medidores","7":"product_tag-ac","8":"product_tag-acondicionado","9":"product_tag-aire","10":"product_tag-aire-acondicionado","11":"product_tag-carga","12":"product_tag-manometros","14":"first","15":"instock","16":"taxable","17":"shipping-taxable","18":"purchasable","19":"product-type-simple"},"_links":{"self":[{"href":"https:\/\/8000rpmtools.com\/index.php?rest_route=\/wp\/v2\/product\/3286","targetHints":{"allow":["GET"]}}],"collection":[{"href":"https:\/\/8000rpmtools.com\/index.php?rest_route=\/wp\/v2\/product"}],"about":[{"href":"https:\/\/8000rpmtools.com\/index.php?rest_route=\/wp\/v2\/types\/product"}],"replies":[{"embeddable":true,"href":"https:\/\/8000rpmtools.com\/index.php?rest_route=%2Fwp%2Fv2%2Fcomments&post=3286"}],"wp:featuredmedia":[{"embeddable":true,"href":"https:\/\/8000rpmtools.com\/index.php?rest_route=\/wp\/v2\/media\/3289"}],"wp:attachment":[{"href":"https:\/\/8000rpmtools.com\/index.php?rest_route=%2Fwp%2Fv2%2Fmedia&parent=3286"}],"wp:term":[{"taxonomy":"product_brand","embeddable":true,"href":"https:\/\/8000rpmtools.com\/index.php?rest_route=%2Fwp%2Fv2%2Fproduct_brand&post=3286"},{"taxonomy":"product_cat","embeddable":true,"href":"https:\/\/8000rpmtools.com\/index.php?rest_route=%2Fwp%2Fv2%2Fproduct_cat&post=3286"},{"taxonomy":"product_tag","embeddable":true,"href":"https:\/\/8000rpmtools.com\/index.php?rest_route=%2Fwp%2Fv2%2Fproduct_tag&post=3286"}],"curies":[{"name":"wp","href":"https:\/\/api.w.org\/{rel}","templated":true}]}}