{"id":3174,"date":"2020-03-31T04:43:14","date_gmt":"2020-03-31T04:43:14","guid":{"rendered":"http:\/\/8000rpmtools.com\/?post_type=product&#038;p=3174"},"modified":"2023-03-10T17:05:07","modified_gmt":"2023-03-10T17:05:07","slug":"kit-extractor-de-volante-y-polea-de-ciguienal","status":"publish","type":"product","link":"https:\/\/8000rpmtools.com\/?product=kit-extractor-de-volante-y-polea-de-ciguienal","title":{"rendered":"KIT EXTRACTOR DE VOLANTE Y POLEA DE CIGUIE\u00d1AL"},"content":{"rendered":"<p>Vers\u00e1til y fiable herramienta de extracci\u00f3n<br \/>\nExtractor de volante de inercia de asas muchos tipos diferentes de tirar de puestos de trabajo, Bill Shankly de Gear Puller herramientas de trabajo, para extractor Polea de puestos de trabajo, este hace el truco. Bill Shankly de 46\u00a0piezas arm\u00f3nico herramienta de equilibrio incluso act\u00faa de un extractor de polea de cig\u00fce\u00f1al y volante Puller.<br \/>\nDuradero y organizado<\/p>\n<p>&nbsp;<\/p>\n<p>La resistente carcasa mantiene este extractor de equilibrio arm\u00f3nico protegido cuando inevitablemente cae. Bill Shankly Extractor de polea de cig\u00fce\u00f1al de caracter\u00edsticas un surtido de tornillos haciendo de esta herramienta vers\u00e1til para una variedad de puestos de trabajo.<\/p>\n<p>Este extractor de equilibrio arm\u00f3nico est\u00e1 hecha en acero de carbono forjado tratado al calor, haciendo que la herramienta sea muy durable<\/p>\n<p>Extracci\u00f3n r\u00e1pida sin complicaciones<\/p>\n","protected":false},"excerpt":{"rendered":"<ul>\n<li>Extractor de Volantes de Inercia y poleas de cigue\u00f1al<\/li>\n<li>Equipo Profesional<\/li>\n<li>1 A\u00f1o de Garant\u00eda Directa<\/li>\n<\/ul>\n","protected":false},"featured_media":3177,"comment_status":"open","ping_status":"closed","template":"","meta":[],"product_brand":[],"product_cat":[201],"product_tag":[160,219,220],"class_list":{"0":"post-3174","1":"product","2":"type-product","3":"status-publish","4":"has-post-thumbnail","6":"product_cat-herramientas-especiales","7":"product_tag-extractor","8":"product_tag-poleas-de-ciguenal","9":"product_tag-volantes-de-inercia","11":"first","12":"instock","13":"taxable","14":"shipping-taxable","15":"purchasable","16":"product-type-simple"},"_links":{"self":[{"href":"https:\/\/8000rpmtools.com\/index.php?rest_route=\/wp\/v2\/product\/3174","targetHints":{"allow":["GET"]}}],"collection":[{"href":"https:\/\/8000rpmtools.com\/index.php?rest_route=\/wp\/v2\/product"}],"about":[{"href":"https:\/\/8000rpmtools.com\/index.php?rest_route=\/wp\/v2\/types\/product"}],"replies":[{"embeddable":true,"href":"https:\/\/8000rpmtools.com\/index.php?rest_route=%2Fwp%2Fv2%2Fcomments&post=3174"}],"wp:featuredmedia":[{"embeddable":true,"href":"https:\/\/8000rpmtools.com\/index.php?rest_route=\/wp\/v2\/media\/3177"}],"wp:attachment":[{"href":"https:\/\/8000rpmtools.com\/index.php?rest_route=%2Fwp%2Fv2%2Fmedia&parent=3174"}],"wp:term":[{"taxonomy":"product_brand","embeddable":true,"href":"https:\/\/8000rpmtools.com\/index.php?rest_route=%2Fwp%2Fv2%2Fproduct_brand&post=3174"},{"taxonomy":"product_cat","embeddable":true,"href":"https:\/\/8000rpmtools.com\/index.php?rest_route=%2Fwp%2Fv2%2Fproduct_cat&post=3174"},{"taxonomy":"product_tag","embeddable":true,"href":"https:\/\/8000rpmtools.com\/index.php?rest_route=%2Fwp%2Fv2%2Fproduct_tag&post=3174"}],"curies":[{"name":"wp","href":"https:\/\/api.w.org\/{rel}","templated":true}]}}