{"id":3167,"date":"2020-03-31T04:30:36","date_gmt":"2020-03-31T04:30:36","guid":{"rendered":"http:\/\/8000rpmtools.com\/?post_type=product&#038;p=3167"},"modified":"2022-05-12T20:37:27","modified_gmt":"2022-05-12T20:37:27","slug":"dados-para-extraccion-de-sensores-de-oxigeno","status":"publish","type":"product","link":"https:\/\/8000rpmtools.com\/?product=dados-para-extraccion-de-sensores-de-oxigeno","title":{"rendered":"DADOS PARA EXTRACCI\u00d3N DE SENSORES DE OX\u00cdGENO"},"content":{"rendered":"<div class=\"celwidget aplus-module 3p-module-b\" data-cel-widget=\"aplus-3p-module-b\">\n<div class=\"aplus-3p-fixed-width\">\n<h3 class=\"a-spacing-mini\"><\/h3>\n<p><img decoding=\"async\" class=\"a-spacing-base\" src=\"https:\/\/m.media-amazon.com\/images\/S\/aplus-seller-content-images-us-east-1\/ATVPDKIKX0DER\/A1UMBRA5ZTBCX8\/B075G1J5HF\/ZE01Tbw1TdqT._UX966_TTW__.jpg\" alt=\"\" data-src=\"https:\/\/m.media-amazon.com\/images\/S\/aplus-seller-content-images-us-east-1\/ATVPDKIKX0DER\/A1UMBRA5ZTBCX8\/B075G1J5HF\/ZE01Tbw1TdqT._UX966_TTW__.jpg\" \/><\/p>\n<\/div>\n<\/div>\n<div class=\"celwidget aplus-module 3p-module-c\" data-cel-widget=\"aplus-3p-module-c\">\n<div class=\"aplus-3p-fixed-width\">\n<div class=\"a-row\">\n<div class=\"a-column a-span8 a-spacing-base a-span-last\"><\/div>\n<\/div>\n<\/div>\n<\/div>\n<div class=\"celwidget aplus-module 3p-module-d\" data-cel-widget=\"aplus-3p-module-d\">\n<div class=\"aplus-3p-fixed-width\">\n<h3 class=\"a-spacing-mini\"><\/h3>\n<div class=\"a-row\">\n<div class=\"a-column a-span4 a-spacing-base\"><img decoding=\"async\" class=\"a-spacing-base\" src=\"https:\/\/m.media-amazon.com\/images\/S\/aplus-seller-content-images-us-east-1\/ATVPDKIKX0DER\/A1UMBRA5ZTBCX8\/B075G1J5HF\/339GBmcZQ6Ka._CR135,88,1235,1235_UX300_TTW__.jpg\" alt=\"\" data-src=\"https:\/\/m.media-amazon.com\/images\/S\/aplus-seller-content-images-us-east-1\/ATVPDKIKX0DER\/A1UMBRA5ZTBCX8\/B075G1J5HF\/339GBmcZQ6Ka._CR135,88,1235,1235_UX300_TTW__.jpg\" \/>Prevenir da\u00f1os a los sensores<br \/>\nEl dise\u00f1o de la nariz biselada sujeta de manera segura los sujetadores del sensor de ox\u00edgeno para evitar da\u00f1os al sensor.<\/div>\n<div class=\"a-column a-span4 a-spacing-base\"><img decoding=\"async\" class=\"a-spacing-base\" src=\"https:\/\/m.media-amazon.com\/images\/S\/aplus-seller-content-images-us-east-1\/ATVPDKIKX0DER\/A1UMBRA5ZTBCX8\/B075G1J5HF\/mKASqucuTGGh._UX300_TTW__.jpg\" alt=\"\" data-src=\"https:\/\/m.media-amazon.com\/images\/S\/aplus-seller-content-images-us-east-1\/ATVPDKIKX0DER\/A1UMBRA5ZTBCX8\/B075G1J5HF\/mKASqucuTGGh._UX300_TTW__.jpg\" \/>Proteger los cables<br \/>\nEl recorte lateral evita da\u00f1os a los cables y proporciona espacio libre para un arn\u00e9s de cables para que los cables no se interpongan cuando trabajas.<\/div>\n<div class=\"a-column a-span4 a-spacing-base a-span-last\"><img decoding=\"async\" class=\"a-spacing-base\" src=\"https:\/\/m.media-amazon.com\/images\/S\/aplus-seller-content-images-us-east-1\/ATVPDKIKX0DER\/A1UMBRA5ZTBCX8\/B075G1J5HF\/6VnykwrcT9WE._UX300_TTW__.jpg\" alt=\"\" data-src=\"https:\/\/m.media-amazon.com\/images\/S\/aplus-seller-content-images-us-east-1\/ATVPDKIKX0DER\/A1UMBRA5ZTBCX8\/B075G1J5HF\/6VnykwrcT9WE._UX300_TTW__.jpg\" \/>Identifique sockets f\u00e1cilmente<br \/>\nEl tama\u00f1o est\u00e1 grabado de forma permanente en el exterior de acero forjado<\/div>\n<\/div>\n<\/div>\n<\/div>\n","protected":false},"excerpt":{"rendered":"<ul>\n<li>Dados forjados para m\u00e1xima resistencia en calor<\/li>\n<li>Caja de 7 Piezas<\/li>\n<li>Resistentes al trabajo diario<\/li>\n<\/ul>\n","protected":false},"featured_media":3170,"comment_status":"open","ping_status":"closed","template":"","meta":[],"product_brand":[],"product_cat":[201,23],"product_tag":[126,218,217,216],"class_list":{"0":"post-3167","1":"product","2":"type-product","3":"status-publish","4":"has-post-thumbnail","6":"product_cat-herramientas-especiales","7":"product_cat-herramientas-manuales","8":"product_tag-dados","9":"product_tag-oxigeno","10":"product_tag-sensor","11":"product_tag-sensores-de-oxigeno","13":"first","14":"instock","15":"taxable","16":"shipping-taxable","17":"purchasable","18":"product-type-simple"},"_links":{"self":[{"href":"https:\/\/8000rpmtools.com\/index.php?rest_route=\/wp\/v2\/product\/3167","targetHints":{"allow":["GET"]}}],"collection":[{"href":"https:\/\/8000rpmtools.com\/index.php?rest_route=\/wp\/v2\/product"}],"about":[{"href":"https:\/\/8000rpmtools.com\/index.php?rest_route=\/wp\/v2\/types\/product"}],"replies":[{"embeddable":true,"href":"https:\/\/8000rpmtools.com\/index.php?rest_route=%2Fwp%2Fv2%2Fcomments&post=3167"}],"wp:featuredmedia":[{"embeddable":true,"href":"https:\/\/8000rpmtools.com\/index.php?rest_route=\/wp\/v2\/media\/3170"}],"wp:attachment":[{"href":"https:\/\/8000rpmtools.com\/index.php?rest_route=%2Fwp%2Fv2%2Fmedia&parent=3167"}],"wp:term":[{"taxonomy":"product_brand","embeddable":true,"href":"https:\/\/8000rpmtools.com\/index.php?rest_route=%2Fwp%2Fv2%2Fproduct_brand&post=3167"},{"taxonomy":"product_cat","embeddable":true,"href":"https:\/\/8000rpmtools.com\/index.php?rest_route=%2Fwp%2Fv2%2Fproduct_cat&post=3167"},{"taxonomy":"product_tag","embeddable":true,"href":"https:\/\/8000rpmtools.com\/index.php?rest_route=%2Fwp%2Fv2%2Fproduct_tag&post=3167"}],"curies":[{"name":"wp","href":"https:\/\/api.w.org\/{rel}","templated":true}]}}