{"id":3160,"date":"2020-03-31T04:14:56","date_gmt":"2020-03-31T04:14:56","guid":{"rendered":"http:\/\/8000rpmtools.com\/?post_type=product&#038;p=3160"},"modified":"2022-05-12T20:44:27","modified_gmt":"2022-05-12T20:44:27","slug":"extractor-de-homocineticas","status":"publish","type":"product","link":"https:\/\/8000rpmtools.com\/?product=extractor-de-homocineticas","title":{"rendered":"EXTRACTOR DE HOMOCIN\u00c9TICAS"},"content":{"rendered":"<div id=\"descriptionAndDetails\" class=\"a-section a-spacing-extra-large\">\n<div id=\"productDescription_feature_div\" class=\"celwidget\" data-feature-name=\"productDescription\" data-cel-widget=\"productDescription_feature_div\">\n<div id=\"productDescription_feature_div\" class=\"a-row feature\" data-feature-name=\"productDescription\" data-template-name=\"productDescription\" data-cel-widget=\"productDescription_feature_div\">\n<div id=\"productDescription\" class=\"a-section a-spacing-small\">\n<p><strong>Caracter\u00edsticas:<\/strong><\/p>\n<ul>\n<li>Extrae r\u00e1pidamente las puntas homocinpeticas del eje sin da\u00f1ar la articulaci\u00f3n<\/li>\n<li>Mantiene las manos libres para soltar retenci\u00f3n Circlip.<\/li>\n<li>Ahorra el tiempo de trabajo y adecuado para la mayor\u00eda de veh\u00edculos<\/li>\n<li>M\u00e1xima constante Di\u00e1metro: 95\u00a0mm. Longitud: 230\u00a0mm.<\/li>\n<li>Paquete incluye: 1pcs herramienta de extracci\u00f3n<\/li>\n<li>Material resistente y duradero<\/li>\n<\/ul>\n<\/div>\n<\/div>\n<\/div>\n<\/div>\n<div id=\"aplusBrandStory_feature_div\" class=\"celwidget\" data-feature-name=\"aplusBrandStory\" data-cel-widget=\"aplusBrandStory_feature_div\"><\/div>\n<div id=\"renewedProgramDescriptionBtf_feature_div\" class=\"celwidget\" data-feature-name=\"renewedProgramDescriptionBtf\" data-cel-widget=\"renewedProgramDescriptionBtf_feature_div\"><\/div>\n<div id=\"sponsoredProducts2_feature_div\" class=\"celwidget\" data-feature-name=\"sponsoredProducts2\" data-cel-widget=\"sponsoredProducts2_feature_div\"><\/div>\n<div id=\"dp-ads-middle-3psl\"><\/div>\n<table border=\"0\" cellspacing=\"0\" cellpadding=\"0\" align=\"right\">\n<tbody>\n<tr>\n<td valign=\"top\" width=\"100%\"><\/td>\n<\/tr>\n<\/tbody>\n<\/table>\n<div><\/div>\n","protected":false},"excerpt":{"rendered":"<ul class=\"a-unordered-list a-vertical a-spacing-none\">\n<li><span class=\"a-list-item\">M\u00e1ximo di\u00e1metro constante: 95\u00a0mm. Longitud: 230\u00a0mm).<\/span><\/li>\n<li>Resistente y duradero<\/li>\n<li>Compatible con la mayor\u00eda de marcas de veh\u00edculos<\/li>\n<li>El paquete incluye 1 extractor<\/li>\n<\/ul>\n","protected":false},"featured_media":3166,"comment_status":"open","ping_status":"closed","template":"","meta":[],"product_brand":[],"product_cat":[201,23],"product_tag":[214,160,213,215],"class_list":{"0":"post-3160","1":"product","2":"type-product","3":"status-publish","4":"has-post-thumbnail","6":"product_cat-herramientas-especiales","7":"product_cat-herramientas-manuales","8":"product_tag-ejes","9":"product_tag-extractor","10":"product_tag-homocineticas","11":"product_tag-puntas","13":"first","14":"instock","15":"taxable","16":"shipping-taxable","17":"purchasable","18":"product-type-simple"},"_links":{"self":[{"href":"https:\/\/8000rpmtools.com\/index.php?rest_route=\/wp\/v2\/product\/3160","targetHints":{"allow":["GET"]}}],"collection":[{"href":"https:\/\/8000rpmtools.com\/index.php?rest_route=\/wp\/v2\/product"}],"about":[{"href":"https:\/\/8000rpmtools.com\/index.php?rest_route=\/wp\/v2\/types\/product"}],"replies":[{"embeddable":true,"href":"https:\/\/8000rpmtools.com\/index.php?rest_route=%2Fwp%2Fv2%2Fcomments&post=3160"}],"wp:featuredmedia":[{"embeddable":true,"href":"https:\/\/8000rpmtools.com\/index.php?rest_route=\/wp\/v2\/media\/3166"}],"wp:attachment":[{"href":"https:\/\/8000rpmtools.com\/index.php?rest_route=%2Fwp%2Fv2%2Fmedia&parent=3160"}],"wp:term":[{"taxonomy":"product_brand","embeddable":true,"href":"https:\/\/8000rpmtools.com\/index.php?rest_route=%2Fwp%2Fv2%2Fproduct_brand&post=3160"},{"taxonomy":"product_cat","embeddable":true,"href":"https:\/\/8000rpmtools.com\/index.php?rest_route=%2Fwp%2Fv2%2Fproduct_cat&post=3160"},{"taxonomy":"product_tag","embeddable":true,"href":"https:\/\/8000rpmtools.com\/index.php?rest_route=%2Fwp%2Fv2%2Fproduct_tag&post=3160"}],"curies":[{"name":"wp","href":"https:\/\/api.w.org\/{rel}","templated":true}]}}