{"id":31417,"date":"2026-03-19T10:22:34","date_gmt":"2026-03-19T15:22:34","guid":{"rendered":"https:\/\/8000rpmtools.com\/?post_type=product&#038;p=31417"},"modified":"2026-03-19T10:25:07","modified_gmt":"2026-03-19T15:25:07","slug":"intercambiador-de-fluido-para-cajas-automaticas-gatmatic","status":"publish","type":"product","link":"https:\/\/8000rpmtools.com\/?product=intercambiador-de-fluido-para-cajas-automaticas-gatmatic","title":{"rendered":"Intercambiador de fluido para cajas autom\u00e1ticas GATMATIC"},"content":{"rendered":"<p>El intercambiador de fluido de para cajas autom\u00e1ticas GT-516 de GATmatic est\u00e1 dise\u00f1ado para cambiar pr\u00e1cticamente todo el fluido de transmisi\u00f3n usado en la transmisi\u00f3n de un veh\u00edculo y completar el proceso en pasos sencillos. Incluye una funci\u00f3n r\u00e1pida y sencilla para cambiar el filtro de transmisi\u00f3n durante el cambio de ATF.<\/p>\n<p>El ATF GT-516 se conecta a trav\u00e9s de las l\u00edneas del enfriador de la transmisi\u00f3n y ofrece un enfoque limpio, ecol\u00f3gico y sistem\u00e1tico para el<br \/>\nmantenimiento de las transmisiones autom\u00e1ticas. La unidad purgar\u00e1 pr\u00e1cticamente todo el fluido de transmisi\u00f3n usado y lo reemplazar\u00e1 con el nuevo mientras el motor est\u00e1 en marcha. Y lo mejor de todo: \u00a1no hay que ajustar nada, la m\u00e1quina controla el flujo! Completa el cambio de fluido de forma m\u00e1s r\u00e1pida y eficiente gracias a su interfaz \u00fanica y dise\u00f1o f\u00e1cil de usar.<\/p>\n<p><img loading=\"lazy\" decoding=\"async\" class=\"alignnone wp-image-7355 size-full entered lazyloaded\" src=\"https:\/\/www.gat-matic.com\/wp-content\/uploads\/2022\/02\/GT-516-detail_08.webp\" alt=\"Intercambiador de fluido de transmisi\u00f3n autom\u00e1tica GT-516\" width=\"750\" height=\"422\" data-lazy-src=\"https:\/\/www.gat-matic.com\/wp-content\/uploads\/2022\/02\/GT-516-detail_08.webp\" data-ll-status=\"loaded\" \/><\/p>\n<p>&nbsp;<\/p>\n<h2><span dir=\"auto\" style=\"vertical-align: inherit;\"><span dir=\"auto\" style=\"vertical-align: inherit;\">Caracter\u00edsticas<\/span><\/span><\/h2>\n<h3><strong><span dir=\"auto\" style=\"vertical-align: inherit;\"><span dir=\"auto\" style=\"vertical-align: inherit;\">Intercambio de igual cantidad (precisi\u00f3n de \u00b10,1 L)<\/span><\/span><\/strong><\/h3>\n<p><span dir=\"auto\" style=\"vertical-align: inherit;\"><span dir=\"auto\" style=\"vertical-align: inherit;\">Este\u00a0 <\/span><\/span><strong><span dir=\"auto\" style=\"vertical-align: inherit;\"><span dir=\"auto\" style=\"vertical-align: inherit;\">intercambiador de fluido de transmisi\u00f3n<\/span><\/span><\/strong><span dir=\"auto\" style=\"vertical-align: inherit;\"><span dir=\"auto\" style=\"vertical-align: inherit;\"> \u00a0est\u00e1 equipado con calibraci\u00f3n electr\u00f3nica de alta precisi\u00f3n, lo que garantiza un intercambio exacto de fluido en una proporci\u00f3n 1:1, con un margen de error de tan solo \u00b10,1 litros. Gracias a la calibraci\u00f3n electr\u00f3nica de la b\u00e1scula, este\u00a0 <\/span><\/span><strong><span dir=\"auto\" style=\"vertical-align: inherit;\"><span dir=\"auto\" style=\"vertical-align: inherit;\">intercambiador<\/span><\/span><\/strong><span dir=\"auto\" style=\"vertical-align: inherit;\"><span dir=\"auto\" style=\"vertical-align: inherit;\"> \u00a0evita el llenado excesivo o insuficiente, protegiendo as\u00ed los sistemas de transmisi\u00f3n y asegurando intercambios de fluido m\u00e1s r\u00e1pidos, seguros y fiables.<\/span><\/span><\/p>\n<p>&nbsp;<\/p>\n<p><img loading=\"lazy\" decoding=\"async\" class=\"alignnone wp-image-7356 size-full entered lazyloaded\" src=\"https:\/\/www.gat-matic.com\/wp-content\/uploads\/2022\/02\/GT-516-detail_10.webp\" alt=\"Intercambiador de ATF GT-516\" width=\"750\" height=\"422\" data-lazy-src=\"https:\/\/www.gat-matic.com\/wp-content\/uploads\/2022\/02\/GT-516-detail_10.webp\" data-ll-status=\"loaded\" \/><\/p>\n<p>&nbsp;<\/p>\n<h3><strong><span dir=\"auto\" style=\"vertical-align: inherit;\"><span dir=\"auto\" style=\"vertical-align: inherit;\">Funcionamiento totalmente autom\u00e1tico<\/span><\/span><\/strong><\/h3>\n<p><span dir=\"auto\" style=\"vertical-align: inherit;\"><span dir=\"auto\" style=\"vertical-align: inherit;\">El\u00a0 <\/span><\/span><strong><span dir=\"auto\" style=\"vertical-align: inherit;\"><span dir=\"auto\" style=\"vertical-align: inherit;\">intercambiador autom\u00e1tico de fluido de transmisi\u00f3n<\/span><\/span><\/strong><span dir=\"auto\" style=\"vertical-align: inherit;\"><span dir=\"auto\" style=\"vertical-align: inherit;\"> \u00a0permite un funcionamiento totalmente autom\u00e1tico y sin intervenci\u00f3n manual, garantizando precisi\u00f3n y eficiencia. Gracias a su sistema inteligente de reconocimiento de la direcci\u00f3n del flujo y a su tecnolog\u00eda de intercambio uniforme, reduce los errores y ofrece resultados consistentes durante el funcionamiento. Adem\u00e1s, esta\u00a0 <\/span><\/span><strong><span dir=\"auto\" style=\"vertical-align: inherit;\"><span dir=\"auto\" style=\"vertical-align: inherit;\">m\u00e1quina de intercambio de fluido de transmisi\u00f3n<\/span><\/span><\/strong><span dir=\"auto\" style=\"vertical-align: inherit;\"><span dir=\"auto\" style=\"vertical-align: inherit;\"> \u00a0puede reducir el tiempo de servicio hasta en un 50 % en comparaci\u00f3n con el funcionamiento manual.<\/span><\/span><\/p>\n<p>&nbsp;<\/p>\n<p><img loading=\"lazy\" decoding=\"async\" class=\"alignnone wp-image-7357 size-full entered lazyloaded\" src=\"https:\/\/www.gat-matic.com\/wp-content\/uploads\/2022\/02\/GT-516-detail_09.webp\" alt=\"Intercambiador de ATF de funcionamiento totalmente autom\u00e1tico\" width=\"750\" height=\"422\" data-lazy-src=\"https:\/\/www.gat-matic.com\/wp-content\/uploads\/2022\/02\/GT-516-detail_09.webp\" data-ll-status=\"loaded\" \/><\/p>\n<p>&nbsp;<\/p>\n<h3><strong><span dir=\"auto\" style=\"vertical-align: inherit;\"><span dir=\"auto\" style=\"vertical-align: inherit;\">Monitorizaci\u00f3n en tiempo real y pantalla LCD<\/span><\/span><\/strong><\/h3>\n<p><span dir=\"auto\" style=\"vertical-align: inherit;\"><span dir=\"auto\" style=\"vertical-align: inherit;\">El\u00a0 <\/span><\/span><strong><span dir=\"auto\" style=\"vertical-align: inherit;\"><span dir=\"auto\" style=\"vertical-align: inherit;\">intercambiador de fluido de la transmisi\u00f3n autom\u00e1tica<\/span><\/span><\/strong><span dir=\"auto\" style=\"vertical-align: inherit;\"><span dir=\"auto\" style=\"vertical-align: inherit;\"> \u00a0est\u00e1 equipado con una pantalla LCD de 10 pulgadas que proporciona datos en tiempo real sobre la presi\u00f3n del aceite (0\u2013150 psi), el caudal y el progreso del intercambio. Adem\u00e1s, permite la inspecci\u00f3n directa a trav\u00e9s de la ventana de visualizaci\u00f3n, mientras que el man\u00f3metro intuitivo garantiza un funcionamiento seguro.<\/span><\/span><\/p>\n<p>&nbsp;<\/p>\n<p><img loading=\"lazy\" decoding=\"async\" class=\"alignnone wp-image-7358 size-full entered lazyloaded\" src=\"https:\/\/www.gat-matic.com\/wp-content\/uploads\/2022\/02\/GT-516-detail_12.webp\" alt=\"Detalles del intercambiador de fluido de la transmisi\u00f3n autom\u00e1tica\" width=\"750\" height=\"679\" data-lazy-src=\"https:\/\/www.gat-matic.com\/wp-content\/uploads\/2022\/02\/GT-516-detail_12.webp\" data-ll-status=\"loaded\" \/><\/p>\n<p>&nbsp;<\/p>\n<h3><strong><span dir=\"auto\" style=\"vertical-align: inherit;\"><span dir=\"auto\" style=\"vertical-align: inherit;\">Tuber\u00eda autolimpiante<\/span><\/span><\/strong><\/h3>\n<p><span dir=\"auto\" style=\"vertical-align: inherit;\"><span dir=\"auto\" style=\"vertical-align: inherit;\">Este\u00a0 <\/span><\/span><strong><span dir=\"auto\" style=\"vertical-align: inherit;\"><span dir=\"auto\" style=\"vertical-align: inherit;\">intercambiador de ATF<\/span><\/span><\/strong><span dir=\"auto\" style=\"vertical-align: inherit;\"><span dir=\"auto\" style=\"vertical-align: inherit;\"> \u00a0cuenta con una tuber\u00eda de autolimpieza para el intercambio de diferentes tipos de fluido de transmisi\u00f3n autom\u00e1tica y admite el lavado con control termost\u00e1tico para mantener una temperatura uniforme del fluido durante el intercambio. Esta\u00a0 <\/span><\/span><strong><span dir=\"auto\" style=\"vertical-align: inherit;\"><span dir=\"auto\" style=\"vertical-align: inherit;\">m\u00e1quina de intercambio de fluido ATF<\/span><\/span><\/strong><span dir=\"auto\" style=\"vertical-align: inherit;\"><span dir=\"auto\" style=\"vertical-align: inherit;\"> \u00a0realiza una autocomprobaci\u00f3n de la direcci\u00f3n del flujo y el intercambio autom\u00e1tico del fluido de transmisi\u00f3n, lo que mejora la eficiencia de la limpieza y previene la acumulaci\u00f3n de residuos para un funcionamiento m\u00e1s suave de la transmisi\u00f3n.<\/span><\/span><\/p>\n<p>&nbsp;<\/p>\n<h3><strong><span dir=\"auto\" style=\"vertical-align: inherit;\"><span dir=\"auto\" style=\"vertical-align: inherit;\">Gesti\u00f3n de datos e impresi\u00f3n<\/span><\/span><\/strong><\/h3>\n<p><span dir=\"auto\" style=\"vertical-align: inherit;\"><span dir=\"auto\" style=\"vertical-align: inherit;\">Con funciones como calibraci\u00f3n a cero con un solo clic, consulta e impresi\u00f3n de datos, el t\u00e9cnico de mantenimiento puede consultar el historial de servicios y acceder a los detalles de mantenimiento anteriores. La funci\u00f3n de impresi\u00f3n genera informes para la documentaci\u00f3n, garantizando la trazabilidad y la confianza de los clientes. Estas caracter\u00edsticas convierten al\u00a0 <\/span><\/span><strong><span dir=\"auto\" style=\"vertical-align: inherit;\"><span dir=\"auto\" style=\"vertical-align: inherit;\">intercambiador de fluido de transmisi\u00f3n<\/span><\/span><\/strong><span dir=\"auto\" style=\"vertical-align: inherit;\"><span dir=\"auto\" style=\"vertical-align: inherit;\"> GT-516 \u00a0en una soluci\u00f3n fiable y de alta eficiencia para el mantenimiento profesional de transmisiones.<\/span><\/span><\/p>\n<p>&nbsp;<\/p>\n<h2><span dir=\"auto\" style=\"vertical-align: inherit;\"><span dir=\"auto\" style=\"vertical-align: inherit;\">Especificaciones t\u00e9cnicas<\/span><\/span><\/h2>\n<table class=\"table-wrap\" style=\"height: 449px;\" width=\"571\">\n<tbody>\n<tr>\n<td width=\"141\"><span dir=\"auto\" style=\"vertical-align: inherit;\"><span dir=\"auto\" style=\"vertical-align: inherit;\">Voltaje<\/span><\/span><\/td>\n<td width=\"117\"><span dir=\"auto\" style=\"vertical-align: inherit;\"><span dir=\"auto\" style=\"vertical-align: inherit;\">12 V CC \/ 220 V CA<\/span><\/span><\/td>\n<\/tr>\n<tr>\n<td width=\"141\"><span dir=\"auto\" style=\"vertical-align: inherit;\"><span dir=\"auto\" style=\"vertical-align: inherit;\">Potencia m\u00e1xima<\/span><\/span><\/td>\n<td width=\"117\"><span dir=\"auto\" style=\"vertical-align: inherit;\"><span dir=\"auto\" style=\"vertical-align: inherit;\">150 W<\/span><\/span><\/td>\n<\/tr>\n<tr>\n<td width=\"141\"><span dir=\"auto\" style=\"vertical-align: inherit;\"><span dir=\"auto\" style=\"vertical-align: inherit;\">Man\u00f3metro<\/span><\/span><\/td>\n<td width=\"117\"><span dir=\"auto\" style=\"vertical-align: inherit;\"><span dir=\"auto\" style=\"vertical-align: inherit;\">0~150 psi<\/span><\/span><\/td>\n<\/tr>\n<tr>\n<td width=\"141\"><span dir=\"auto\" style=\"vertical-align: inherit;\"><span dir=\"auto\" style=\"vertical-align: inherit;\">Mostrar<\/span><\/span><\/td>\n<td width=\"117\"><span dir=\"auto\" style=\"vertical-align: inherit;\"><span dir=\"auto\" style=\"vertical-align: inherit;\">Pantalla t\u00e1ctil de 10 pulgadas<\/span><\/span><\/td>\n<\/tr>\n<tr>\n<td width=\"141\"><span dir=\"auto\" style=\"vertical-align: inherit;\"><span dir=\"auto\" style=\"vertical-align: inherit;\">Precisi\u00f3n del filtro de aceite<\/span><\/span><\/td>\n<td width=\"117\"><span dir=\"auto\" style=\"vertical-align: inherit;\"><span dir=\"auto\" style=\"vertical-align: inherit;\">5 \u03bcm<\/span><\/span><\/td>\n<\/tr>\n<tr>\n<td width=\"141\"><span dir=\"auto\" style=\"vertical-align: inherit;\"><span dir=\"auto\" style=\"vertical-align: inherit;\">Petr\u00f3leo, por supuesto<\/span><\/span><\/td>\n<td width=\"117\"><span dir=\"auto\" style=\"vertical-align: inherit;\"><span dir=\"auto\" style=\"vertical-align: inherit;\">2,5 metros<\/span><\/span><\/td>\n<\/tr>\n<tr>\n<td width=\"141\"><span dir=\"auto\" style=\"vertical-align: inherit;\"><span dir=\"auto\" style=\"vertical-align: inherit;\">Tanque de petr\u00f3leo<\/span><\/span><\/td>\n<td width=\"117\"><span dir=\"auto\" style=\"vertical-align: inherit;\"><span dir=\"auto\" style=\"vertical-align: inherit;\">20L*2<\/span><\/span><\/td>\n<\/tr>\n<tr>\n<td width=\"141\"><span dir=\"auto\" style=\"vertical-align: inherit;\"><span dir=\"auto\" style=\"vertical-align: inherit;\">Ruido<\/span><\/span><\/td>\n<td width=\"117\"><span dir=\"auto\" style=\"vertical-align: inherit;\"><span dir=\"auto\" style=\"vertical-align: inherit;\">&lt;70 dB<\/span><\/span><\/td>\n<\/tr>\n<tr>\n<td width=\"141\"><span dir=\"auto\" style=\"vertical-align: inherit;\"><span dir=\"auto\" style=\"vertical-align: inherit;\">Error de intercambio igual<\/span><\/span><\/td>\n<td width=\"117\"><span dir=\"auto\" style=\"vertical-align: inherit;\"><span dir=\"auto\" style=\"vertical-align: inherit;\">\u00b10,1 litros<\/span><\/span><\/td>\n<\/tr>\n<tr>\n<td width=\"141\"><span dir=\"auto\" style=\"vertical-align: inherit;\"><span dir=\"auto\" style=\"vertical-align: inherit;\">Peso neto<\/span><\/span><\/td>\n<td width=\"117\"><span dir=\"auto\" style=\"vertical-align: inherit;\"><span dir=\"auto\" style=\"vertical-align: inherit;\">45 kg<\/span><\/span><\/td>\n<\/tr>\n<\/tbody>\n<\/table>\n","protected":false},"excerpt":{"rendered":"<ul>\n<li>Intercambio de cantidades iguales (precisi\u00f3n de \u00b10,1 L)<\/li>\n<li>Funcionamiento totalmente autom\u00e1tico<\/li>\n<li>Monitoreo en tiempo real y pantalla LCD<\/li>\n<li>Tuber\u00eda con auto limpieza y gesti\u00f3n e impresi\u00f3n de datos<\/li>\n<\/ul>\n","protected":false},"featured_media":31418,"comment_status":"open","ping_status":"closed","template":"","meta":[],"product_brand":[],"product_cat":[627],"product_tag":[637,639,466,590,640,638],"class_list":{"0":"post-31417","1":"product","2":"type-product","3":"status-publish","4":"has-post-thumbnail","6":"product_cat-gatmatic","7":"product_tag-atf","8":"product_tag-cajas-automaticas","9":"product_tag-cajasautomaticas","10":"product_tag-gatmatic","11":"product_tag-gt-516","12":"product_tag-intercambiador-de-fluido","14":"first","15":"instock","16":"taxable","17":"shipping-taxable","18":"purchasable","19":"product-type-simple"},"_links":{"self":[{"href":"https:\/\/8000rpmtools.com\/index.php?rest_route=\/wp\/v2\/product\/31417","targetHints":{"allow":["GET"]}}],"collection":[{"href":"https:\/\/8000rpmtools.com\/index.php?rest_route=\/wp\/v2\/product"}],"about":[{"href":"https:\/\/8000rpmtools.com\/index.php?rest_route=\/wp\/v2\/types\/product"}],"replies":[{"embeddable":true,"href":"https:\/\/8000rpmtools.com\/index.php?rest_route=%2Fwp%2Fv2%2Fcomments&post=31417"}],"wp:featuredmedia":[{"embeddable":true,"href":"https:\/\/8000rpmtools.com\/index.php?rest_route=\/wp\/v2\/media\/31418"}],"wp:attachment":[{"href":"https:\/\/8000rpmtools.com\/index.php?rest_route=%2Fwp%2Fv2%2Fmedia&parent=31417"}],"wp:term":[{"taxonomy":"product_brand","embeddable":true,"href":"https:\/\/8000rpmtools.com\/index.php?rest_route=%2Fwp%2Fv2%2Fproduct_brand&post=31417"},{"taxonomy":"product_cat","embeddable":true,"href":"https:\/\/8000rpmtools.com\/index.php?rest_route=%2Fwp%2Fv2%2Fproduct_cat&post=31417"},{"taxonomy":"product_tag","embeddable":true,"href":"https:\/\/8000rpmtools.com\/index.php?rest_route=%2Fwp%2Fv2%2Fproduct_tag&post=31417"}],"curies":[{"name":"wp","href":"https:\/\/api.w.org\/{rel}","templated":true}]}}