{"id":31401,"date":"2026-02-25T12:09:39","date_gmt":"2026-02-25T17:09:39","guid":{"rendered":"https:\/\/8000rpmtools.com\/?post_type=product&#038;p=31401"},"modified":"2026-02-25T12:09:39","modified_gmt":"2026-02-25T17:09:39","slug":"kit-trabador-de-distribucion-motores-ford-4-0","status":"publish","type":"product","link":"https:\/\/8000rpmtools.com\/?product=kit-trabador-de-distribucion-motores-ford-4-0","title":{"rendered":"KIT TRABADOR DE DISTRIBUCI\u00d3N MOTORES FORD 4.0"},"content":{"rendered":"<div><strong><span dir=\"auto\" style=\"vertical-align: inherit;\">Esta es una nueva herramienta de cadena de distribuci\u00f3n.<\/span><\/strong><\/div>\n<p><strong><span dir=\"auto\" style=\"vertical-align: inherit;\">Especificaci\u00f3n:<\/span><\/strong><\/p>\n<p><strong><span dir=\"auto\" style=\"vertical-align: inherit;\">Herramienta de cu\u00f1a de bloqueo:\u00a0<\/span><\/strong><span dir=\"auto\" style=\"vertical-align: inherit;\"> compatible con veh\u00edculos Lincoln Mercury 2005-2014 con motores 3V de 5.4L y 4.6L; Navigator, Ford Mustang, F-150, Super Duty, F-250, F-350, F-450, F-550, Explorer, Mountaineer, Sport Trac, Expedition.<\/span><\/p>\n<p><strong><span dir=\"auto\" style=\"vertical-align: inherit;\">Herramienta de bloqueo del sincronizador de levas:<\/span><\/strong><span dir=\"auto\" style=\"vertical-align: inherit;\"> \u00a0compatible con Ford Rotunda 5.4L 4.6L 3V; Expedition 5.4L 3V 2005-2011; Explorer 4.6L 3V 2006-2010; F-150 5.4L 3V 2004-2010; F-250\/350\/450\/550, 5.4L 3V 2005-2009; Mark LT 5.4L 3V 2006-2008; Mountaineer 4.6L 3V 2006-2010.<\/span><\/p>\n<p><strong><span dir=\"auto\" style=\"vertical-align: inherit;\">Herramienta de posicionamiento del cig\u00fce\u00f1al:\u00a0<\/span><\/strong><span dir=\"auto\" style=\"vertical-align: inherit;\"> compatible con motores Ford de 2 v\u00e1lvulas de 4,2 L y 4,6 L de 1993 en adelante, motores de 4 v\u00e1lvulas de 4,6 L de 1993 en adelante y motores V8 de 5,4 L y 6,8 L de 1993 en adelante.<\/span><\/p>\n<p><strong><span dir=\"auto\" style=\"vertical-align: inherit;\">Kit de bloqueo de sincronizador de levas:\u00a0<\/span><\/strong><span dir=\"auto\" style=\"vertical-align: inherit;\"> compatible con Ford Mustang 2005-2010 de 4,6 L y 3 V, Explorer 2006-2010 de 5,4 L y 3 V, V8 2004-2012, Expedition Serie F 2005-2010, Lincoln 2005-2012, Navigator Ford Motores V10 de 6,8 L y 3 V, Serie F 2005-2012 250-350-450.<\/span><\/p>\n<p><strong><span dir=\"auto\" style=\"vertical-align: inherit;\">El paquete incluye:<\/span><\/strong><\/p>\n<p><strong><span dir=\"auto\" style=\"vertical-align: inherit;\">4 x Kit de bloqueo de sincronizador de levas<\/span><\/strong><\/p>\n<p><strong><span dir=\"auto\" style=\"vertical-align: inherit;\">1 x Herramienta de posicionamiento del cig\u00fce\u00f1al<\/span><\/strong><\/p>\n<p><strong><span dir=\"auto\" style=\"vertical-align: inherit;\">1 herramienta Cam Phaser<\/span><\/strong><\/p>\n<p><strong><span dir=\"auto\" style=\"vertical-align: inherit;\">1 x Herramienta de cu\u00f1a de bloqueo de cadena de distribuci\u00f3n<\/span><\/strong><\/p>\n","protected":false},"excerpt":{"rendered":"<ul>\n<li><span dir=\"auto\" style=\"vertical-align: inherit;\">Prevenci\u00f3n eficaz de la oxidaci\u00f3n<\/span><\/li>\n<li>Dise\u00f1ado para motores ford 4.0<\/li>\n<li><span dir=\"auto\" style=\"vertical-align: inherit;\">No se deforma f\u00e1cilmente.<\/span><\/li>\n<li><span dir=\"auto\" style=\"vertical-align: inherit;\">No se da\u00f1a ni se rompe f\u00e1cilmente.<\/span><\/li>\n<li><span dir=\"auto\" style=\"vertical-align: inherit;\">F\u00e1cil sustituci\u00f3n de \u00e1rboles de levas y sincronizadores.<\/span><\/li>\n<\/ul>\n","protected":false},"featured_media":31402,"comment_status":"open","ping_status":"closed","template":"","meta":[],"product_brand":[],"product_cat":[571],"product_tag":[603,602,573,601,575,576],"class_list":{"0":"post-31401","1":"product","2":"type-product","3":"status-publish","4":"has-post-thumbnail","6":"product_cat-herramientas-para-sincronizacion-de-tiempo","7":"product_tag-4-0","8":"product_tag-ford","9":"product_tag-kit-de-distribucion","10":"product_tag-motor-ford","11":"product_tag-sincronizacion-del-motor","12":"product_tag-trabador-de-poleas","14":"first","15":"instock","16":"taxable","17":"shipping-taxable","18":"purchasable","19":"product-type-simple"},"_links":{"self":[{"href":"https:\/\/8000rpmtools.com\/index.php?rest_route=\/wp\/v2\/product\/31401","targetHints":{"allow":["GET"]}}],"collection":[{"href":"https:\/\/8000rpmtools.com\/index.php?rest_route=\/wp\/v2\/product"}],"about":[{"href":"https:\/\/8000rpmtools.com\/index.php?rest_route=\/wp\/v2\/types\/product"}],"replies":[{"embeddable":true,"href":"https:\/\/8000rpmtools.com\/index.php?rest_route=%2Fwp%2Fv2%2Fcomments&post=31401"}],"wp:featuredmedia":[{"embeddable":true,"href":"https:\/\/8000rpmtools.com\/index.php?rest_route=\/wp\/v2\/media\/31402"}],"wp:attachment":[{"href":"https:\/\/8000rpmtools.com\/index.php?rest_route=%2Fwp%2Fv2%2Fmedia&parent=31401"}],"wp:term":[{"taxonomy":"product_brand","embeddable":true,"href":"https:\/\/8000rpmtools.com\/index.php?rest_route=%2Fwp%2Fv2%2Fproduct_brand&post=31401"},{"taxonomy":"product_cat","embeddable":true,"href":"https:\/\/8000rpmtools.com\/index.php?rest_route=%2Fwp%2Fv2%2Fproduct_cat&post=31401"},{"taxonomy":"product_tag","embeddable":true,"href":"https:\/\/8000rpmtools.com\/index.php?rest_route=%2Fwp%2Fv2%2Fproduct_tag&post=31401"}],"curies":[{"name":"wp","href":"https:\/\/api.w.org\/{rel}","templated":true}]}}