{"id":31395,"date":"2026-02-25T10:25:10","date_gmt":"2026-02-25T15:25:10","guid":{"rendered":"https:\/\/8000rpmtools.com\/?post_type=product&#038;p=31395"},"modified":"2026-02-25T10:28:35","modified_gmt":"2026-02-25T15:28:35","slug":"kit-trabador-de-distribucion-renault-y-nissan-2-0","status":"publish","type":"product","link":"https:\/\/8000rpmtools.com\/?product=kit-trabador-de-distribucion-renault-y-nissan-2-0","title":{"rendered":"KIT TRABADOR DE DISTRIBUCI\u00d3N RENAULT Y NISSAN 2.0"},"content":{"rendered":"<div class=\"celwidget aplus-module module-8 aplus-standard\" data-csa-c-id=\"9zq310-3b8sz8-rb0al8-awfzbx\" data-cel-widget=\"aplus-module-8\">\n<div class=\"aplus-module-wrapper apm-fixed-width\">\n<div class=\"apm-spacing\">\n<div class=\"apm-lefttwothirdswrap apm-floatleft\">\n<div class=\"apm-leftimage\"><img decoding=\"async\" class=\"a-spacing-mini\" src=\"https:\/\/m.media-amazon.com\/images\/S\/aplus-media-library-service-media\/ace7775d-898c-48d0-872d-bae40ff8f516.__CR0,0,1600,1600_PT0_SX300_V1___.jpg\" alt=\"1 unidad\" data-src=\"https:\/\/m.media-amazon.com\/images\/S\/aplus-media-library-service-media\/ace7775d-898c-48d0-872d-bae40ff8f516.__CR0,0,1600,1600_PT0_SX300_V1___.jpg\" \/><\/div>\n<div class=\"apm-centerthirdcol\">\n<p class=\"a-spacing-base\"><strong>Compatible con Renault:<\/strong><\/p>\n<p class=\"a-spacing-base\">Espace Mk4 (06- ) Grand Scenic Mk2 (08-09)<\/p>\n<p class=\"a-spacing-base\">Koleos (08-09)<\/p>\n<p class=\"a-spacing-base\">Laguna Mk2 (05-08)<\/p>\n<p class=\"a-spacing-base\">Megane MK2 (07-08)<\/p>\n<p class=\"a-spacing-base\">Scenic Mk 2 (08-09) Mk3<\/p>\n<p class=\"a-spacing-base\">Traffic Mk2 (07-08) Mk3 (2010- )<\/p>\n<p class=\"a-spacing-base\">Vel Satis (08-09)<\/p>\n<p class=\"a-spacing-base\"><strong>Compatible con Nissan:<\/strong><\/p>\n<p class=\"a-spacing-base\">Qashqai (08-09)<\/p>\n<p class=\"a-spacing-base\">X-trail (07-08)<\/p>\n<p class=\"a-spacing-base\">Primastar (08-09)<\/p>\n<p class=\"a-spacing-base\">C\u00f3digos de mot<\/p>\n<p class=\"a-spacing-base\">M9R<\/p>\n<p class=\"a-spacing-base\">Referencias OEM:<\/p>\n<p class=\"a-spacing-base\">MOT.1770, MOT.1769, MOT.1773, MOT.1766<\/p>\n<p class=\"a-spacing-base\">EN-48334, EN-48332, EN-48331, EN-48330<\/p>\n<\/div>\n<\/div>\n<div class=\"apm-rightthirdcol\">\n<div class=\"apm-rightthirdcol-inner\">\n<h4>El paquete incluye:<\/h4>\n<div class=\"a-box a-spacing-small a-color-alternate-background apm-listbox\">\n<div class=\"a-box-inner\">\n<ul class=\"a-unordered-list a-vertical\">\n<li><span class=\"a-list-item\"><span class=\"a-size-base\">Pasador de bloqueo del tensor de cadena<\/span><\/span><\/li>\n<li><span class=\"a-list-item\"><span class=\"a-size-base\">Herramienta de sujeci\u00f3n de polea del cig\u00fce\u00f1al<\/span><\/span><\/li>\n<li><span class=\"a-list-item\"><span class=\"a-size-base\">Placa de ajuste del \u00e1rbol de lev<\/span><\/span><\/li>\n<li><span class=\"a-list-item\"><span class=\"a-size-base\">Herramienta de alineaci\u00f3n de engranajes del \u00e1rbol de levas<\/span><\/span><\/li>\n<li><span class=\"a-list-item\"><span class=\"a-size-base\">Pasador de bloqueo del tensor de correa auxiliar<\/span><\/span><\/li>\n<li><span class=\"a-list-item\"><span class=\"a-size-base\">Pin de bloqueo del cig\u00fce\u00f1al<\/span><\/span><\/li>\n<\/ul>\n<\/div>\n<\/div>\n<\/div>\n<\/div>\n<\/div>\n<\/div>\n<div><\/div>\n<\/div>\n<div class=\"celwidget aplus-module module-9 aplus-standard\" data-csa-c-id=\"bkppuw-e81ll0-ey6wtd-ipi6x7\" data-cel-widget=\"aplus-module-9\">\n<div class=\"aplus-module-wrapper apm-fixed-width apm-spacing\">\n<div class=\"apm-flex\">\n<div class=\"apm-flex-item-third-width\">\n<p class=\"apm-text-center\"><img decoding=\"async\" class=\"a-spacing-mini\" src=\"https:\/\/m.media-amazon.com\/images\/S\/aplus-media-library-service-media\/2a10859e-91a7-4bc6-9e3f-ef57123bf12f.__CR55,0,746,746_PT0_SX300_V1___.png\" alt=\"1 unidad\" data-src=\"https:\/\/m.media-amazon.com\/images\/S\/aplus-media-library-service-media\/2a10859e-91a7-4bc6-9e3f-ef57123bf12f.__CR55,0,746,746_PT0_SX300_V1___.png\" \/><\/p>\n<h4 class=\"a-spacing-mini\">Placa de ajuste del \u00e1rbol de lev<\/h4>\n<p>Se utiliza para colocar ambos \u00e1rboles de levas en posici\u00f3n.<\/p>\n<\/div>\n<div class=\"apm-flex-item-third-width\">\n<p class=\"apm-text-center\"><img decoding=\"async\" class=\"a-spacing-mini\" src=\"https:\/\/m.media-amazon.com\/images\/S\/aplus-media-library-service-media\/2811278e-5ee0-4d0a-8837-7c8b3ac27c29.__CR0,0,855,855_PT0_SX300_V1___.png\" alt=\"1 unidad\" data-src=\"https:\/\/m.media-amazon.com\/images\/S\/aplus-media-library-service-media\/2811278e-5ee0-4d0a-8837-7c8b3ac27c29.__CR0,0,855,855_PT0_SX300_V1___.png\" \/><\/p>\n<h4 class=\"a-spacing-mini\">Pin de bloqueo del cig\u00fce\u00f1al<\/h4>\n<p>Se utiliza para bloquear el cig\u00fce\u00f1al en su posici\u00f3n cronometrada.<\/p>\n<\/div>\n<div class=\"apm-flex-item-third-width\">\n<p class=\"apm-text-center\"><img decoding=\"async\" class=\"a-spacing-mini\" src=\"https:\/\/m.media-amazon.com\/images\/S\/aplus-media-library-service-media\/d987fd88-1f41-4dc4-8482-9c879f9fef61.__CR54,0,749,749_PT0_SX300_V1___.png\" alt=\"3 unidades\" data-src=\"https:\/\/m.media-amazon.com\/images\/S\/aplus-media-library-service-media\/d987fd88-1f41-4dc4-8482-9c879f9fef61.__CR54,0,749,749_PT0_SX300_V1___.png\" \/><\/p>\n<h4 class=\"a-spacing-mini\">Herramienta de alineaci\u00f3n de engranajes del \u00e1rbol de levas<\/h4>\n<p>Se utiliza como se muestra para alinear las 2 mitades del<\/p>\n<p>engranaje de leva de entrada con el engranaje retirado del<\/p>\n<p>motor.<\/p>\n<\/div>\n<\/div>\n<\/div>\n<\/div>\n","protected":false},"excerpt":{"rendered":"<ul class=\"a-unordered-list a-vertical a-spacing-mini\">\n<li class=\"a-spacing-mini\"><span class=\"a-list-item\">Kit de herramientas de ajuste de sincronizaci\u00f3n y bloqueo para motores de transmisi\u00f3n por cadena 2.0 DCi.<\/span><\/li>\n<li class=\"a-spacing-mini\"><span class=\"a-list-item\">Compatible para veh\u00edculos Renault y Vauxhall \/ Opel, con c\u00f3digos de motor M9R.<\/span><\/li>\n<li class=\"a-spacing-mini\"><span class=\"a-list-item\">Kit de herramientas de bloqueo de temporizaci\u00f3n del motor di\u00e9sel 2.0DCI M9R Compatible con GM Opel Renault Vauxhall.<\/span><\/li>\n<li class=\"a-spacing-mini\"><span class=\"a-list-item\">Para mantener el \u00e1rbol de levas, el eje de la bomba de inyecci\u00f3n, el cig\u00fce\u00f1al en una posici\u00f3n espec\u00edfica al cambiar una correa dentada, o durante otras reparaciones del motor y para quitar y reemplazar la bomba de inyecci\u00f3n.<\/span><\/li>\n<li class=\"a-spacing-mini\"><span class=\"a-list-item\">Juego de herramientas de bloqueo necesarias para una correcta sincronizaci\u00f3n de la v\u00e1lvula en motores accionados por cadena.<\/span><\/li>\n<\/ul>\n","protected":false},"featured_media":31397,"comment_status":"open","ping_status":"closed","template":"","meta":[],"product_brand":[],"product_cat":[572],"product_tag":[633,573,632,631,608,597,576],"class_list":{"0":"post-31395","1":"product","2":"type-product","3":"status-publish","4":"has-post-thumbnail","6":"product_cat-herramientas-para-sincronizacion-de-tiempo-herramientas-manuales","7":"product_tag-2-0","8":"product_tag-kit-de-distribucion","9":"product_tag-motor-2-0","10":"product_tag-motores-renault","11":"product_tag-nissan","12":"product_tag-renault","13":"product_tag-trabador-de-poleas","15":"first","16":"instock","17":"taxable","18":"shipping-taxable","19":"purchasable","20":"product-type-simple"},"_links":{"self":[{"href":"https:\/\/8000rpmtools.com\/index.php?rest_route=\/wp\/v2\/product\/31395","targetHints":{"allow":["GET"]}}],"collection":[{"href":"https:\/\/8000rpmtools.com\/index.php?rest_route=\/wp\/v2\/product"}],"about":[{"href":"https:\/\/8000rpmtools.com\/index.php?rest_route=\/wp\/v2\/types\/product"}],"replies":[{"embeddable":true,"href":"https:\/\/8000rpmtools.com\/index.php?rest_route=%2Fwp%2Fv2%2Fcomments&post=31395"}],"wp:featuredmedia":[{"embeddable":true,"href":"https:\/\/8000rpmtools.com\/index.php?rest_route=\/wp\/v2\/media\/31397"}],"wp:attachment":[{"href":"https:\/\/8000rpmtools.com\/index.php?rest_route=%2Fwp%2Fv2%2Fmedia&parent=31395"}],"wp:term":[{"taxonomy":"product_brand","embeddable":true,"href":"https:\/\/8000rpmtools.com\/index.php?rest_route=%2Fwp%2Fv2%2Fproduct_brand&post=31395"},{"taxonomy":"product_cat","embeddable":true,"href":"https:\/\/8000rpmtools.com\/index.php?rest_route=%2Fwp%2Fv2%2Fproduct_cat&post=31395"},{"taxonomy":"product_tag","embeddable":true,"href":"https:\/\/8000rpmtools.com\/index.php?rest_route=%2Fwp%2Fv2%2Fproduct_tag&post=31395"}],"curies":[{"name":"wp","href":"https:\/\/api.w.org\/{rel}","templated":true}]}}