{"id":31356,"date":"2026-02-24T13:21:01","date_gmt":"2026-02-24T18:21:01","guid":{"rendered":"https:\/\/8000rpmtools.com\/?post_type=product&#038;p=31356"},"modified":"2026-02-24T16:00:00","modified_gmt":"2026-02-24T21:00:00","slug":"kit-trabador-de-distribucion-motores-ford-3-5","status":"publish","type":"product","link":"https:\/\/8000rpmtools.com\/?product=kit-trabador-de-distribucion-motores-ford-3-5","title":{"rendered":"KIT TRABADOR DE DISTRIBUCI\u00d3N MOTORES FORD 3.5"},"content":{"rendered":"<p><img decoding=\"async\" src=\"https:\/\/pg-cdn-a2.datacaciques.com\/00\/MTE2\/22\/11\/18\/ny5k48z4362wpzqj\/b377f2cf9b634f77.jpg\" alt=\"\" width=\"990\" \/><img decoding=\"async\" src=\"https:\/\/pg-cdn-a2.datacaciques.com\/00\/MTE2\/22\/11\/18\/ny5k48z4362wpzqj\/9a6cd2d88f5031be.jpg\" alt=\"\" width=\"990\" \/><\/p>\n<p><span dir=\"auto\" style=\"vertical-align: inherit;\"><span dir=\"auto\" style=\"vertical-align: inherit;\">Realice el mantenimiento de su motor correctamente con el kit de herramientas de sujeci\u00f3n de \u00e1rbol de levas de Orion Motor Tech. Compuesto por dos herramientas de bloqueo de \u00e1rbol de levas, un dado para extraer pernos del sincronizador de \u00e1rbol de levas y una herramienta para sujetar el tensor de cadena, este juego de herramientas de alineaci\u00f3n de \u00e1rbol de levas sujeta firmemente el sistema de sincronizaci\u00f3n de su veh\u00edculo en el punto muerto superior mientras revisa, repara y reemplaza otros componentes. Nuestro juego de soportes de alineaci\u00f3n de sincronizaci\u00f3n de motor, equivalente al OEM, es compatible con todos los motores Ford V6 de 3.5, 3.7 y 4.0 L, y tambi\u00e9n funciona con una amplia gama de modelos Lincoln 2007-2014 y algunos modelos Mercury 2007-2012. Con un soporte de levas de acero al carbono galvanizado y un extractor de pernos de acero cromado con recubrimiento de \u00f3xido negro, este robusto kit de herramientas de sincronizaci\u00f3n ofrece una resistencia y durabilidad excepcionales para una alineaci\u00f3n precisa y un rendimiento duradero. Incluye un estuche moldeado por soplado con ranuras personalizadas para mantener todo en su lugar y facilitar su transporte entre trabajos.<\/span><\/span><\/p>\n<div><img decoding=\"async\" src=\"https:\/\/pg-cdn-a2.datacaciques.com\/00\/MTE2\/22\/11\/18\/ny5k48z4362wpzqj\/e512fc153ad178c9.jpg\" alt=\"\" width=\"990\" \/><img decoding=\"async\" src=\"https:\/\/pg-cdn-a2.datacaciques.com\/00\/MTE2\/22\/11\/18\/ny5k48z4362wpzqj\/4151499b8657eb8a.jpg\" alt=\"\" width=\"990\" \/><\/div>\n<div><b><span dir=\"auto\" style=\"vertical-align: inherit;\"><span dir=\"auto\" style=\"vertical-align: inherit;\">Caracter\u00edsticas<\/span><\/span><\/b><\/div>\n<div>\n<ul>\n<li><b><span dir=\"auto\" style=\"vertical-align: inherit;\"><span dir=\"auto\" style=\"vertical-align: inherit;\">ALINEACI\u00d3N F\u00c1CIL DE LEVAS:<\/span><\/span><\/b><span dir=\"auto\" style=\"vertical-align: inherit;\"><span dir=\"auto\" style=\"vertical-align: inherit;\"> \u00a0El juego de herramientas de sujeci\u00f3n de \u00e1rbol de levas 303-1248 de Orion Motor Tech bloquea de forma segura su \u00e1rbol de levas en el punto muerto superior del recorrido del pist\u00f3n para una alineaci\u00f3n precisa para que pueda realizar el mantenimiento de su \u00e1rbol de levas con facilidad.<\/span><\/span><\/li>\n<li><b><span dir=\"auto\" style=\"vertical-align: inherit;\"><span dir=\"auto\" style=\"vertical-align: inherit;\">CONTROL PRECISO:\u00a0<\/span><\/span><\/b><span dir=\"auto\" style=\"vertical-align: inherit;\"><span dir=\"auto\" style=\"vertical-align: inherit;\"> Las herramientas de bloqueo del \u00e1rbol de levas y el soporte del tensor de cadena fijan firmemente las piezas en su lugar, y el dado de extracci\u00f3n del perno del sincronizador quita r\u00e1pidamente el perno del sincronizador da\u00f1ado de la leva del motor, lo que facilita el reemplazo de la cadena y la correa de distribuci\u00f3n, el cambio del perno del sincronizador, el mantenimiento de la bomba de agua y m\u00e1s<\/span><\/span><\/li>\n<li><b><span dir=\"auto\" style=\"vertical-align: inherit;\"><span dir=\"auto\" style=\"vertical-align: inherit;\">AMPLIA COMPATIBILIDAD:<\/span><\/span><\/b><span dir=\"auto\" style=\"vertical-align: inherit;\"><span dir=\"auto\" style=\"vertical-align: inherit;\"> \u00a0Estas herramientas de correa de distribuci\u00f3n de motor equivalentes a OEM son compatibles con Ford V6 de 3.5, 3.7 y 4.0L (2007-2014), Lincoln de 3.5, 3.7 y 4.0L (2007-2014) y Mercury de 3.5L (2007-2012).<\/span><\/span><\/li>\n<li><b><span dir=\"auto\" style=\"vertical-align: inherit;\"><span dir=\"auto\" style=\"vertical-align: inherit;\">CONSTRUCCI\u00d3N DURADERA:\u00a0<\/span><\/span><\/b><span dir=\"auto\" style=\"vertical-align: inherit;\"><span dir=\"auto\" style=\"vertical-align: inherit;\"> Nuestras herramientas de alineaci\u00f3n de autom\u00f3viles de alta resistencia est\u00e1n hechas de acero al carbono de primera calidad y acero cromado con revestimiento a prueba de corrosi\u00f3n para una resistencia superior y una resistencia inigualable.<\/span><\/span><\/li>\n<li><b><span dir=\"auto\" style=\"vertical-align: inherit;\"><span dir=\"auto\" style=\"vertical-align: inherit;\">F\u00c1CIL PORTABILIDAD:<\/span><\/span><\/b><span dir=\"auto\" style=\"vertical-align: inherit;\"><span dir=\"auto\" style=\"vertical-align: inherit;\"> \u00a0Este juego de herramientas de alineaci\u00f3n de levas de Orion Motor Tech viene con un estuche resistente moldeado por soplado, que mantiene todo organizado y es f\u00e1cil de almacenar o transportar entre trabajos.<\/span><\/span><\/li>\n<\/ul>\n<\/div>\n<div><img decoding=\"async\" src=\"https:\/\/pg-cdn-a2.datacaciques.com\/00\/MTE2\/22\/11\/18\/ny5k48z4362wpzqj\/1a453060a4d8b171.jpg\" alt=\"\" width=\"990\" \/><img decoding=\"async\" src=\"https:\/\/pg-cdn-a2.datacaciques.com\/00\/MTE2\/22\/11\/18\/ny5k48z4362wpzqj\/f4799e78a673e60b.jpg\" alt=\"\" width=\"990\" \/><\/div>\n<div><b><span dir=\"auto\" style=\"vertical-align: inherit;\"><span dir=\"auto\" style=\"vertical-align: inherit;\">Lista de paquetes<\/span><\/span><\/b><\/div>\n<p><span dir=\"auto\" style=\"vertical-align: inherit;\"><span dir=\"auto\" style=\"vertical-align: inherit;\">2 herramientas de sujeci\u00f3n del \u00e1rbol de levas<\/span><\/span><\/p>\n<p><span dir=\"auto\" style=\"vertical-align: inherit;\"><span dir=\"auto\" style=\"vertical-align: inherit;\">1 x Vaso de extracci\u00f3n del perno del sincronizador del \u00e1rbol de levas<\/span><\/span><\/p>\n<p><span dir=\"auto\" style=\"vertical-align: inherit;\"><span dir=\"auto\" style=\"vertical-align: inherit;\">1 x Herramienta de soporte para tensor de cadena<\/span><\/span><\/p>\n<p><span dir=\"auto\" style=\"vertical-align: inherit;\"><span dir=\"auto\" style=\"vertical-align: inherit;\">1 x caja de almacenamiento<\/span><\/span><\/p>\n<p><span dir=\"auto\" style=\"vertical-align: inherit;\"><span dir=\"auto\" style=\"vertical-align: inherit;\">1 x Manual de instrucciones<\/span><\/span><\/p>\n","protected":false},"excerpt":{"rendered":"<p>Herramienta de sujeci\u00f3n de alineaci\u00f3n del \u00e1rbol de levas Kit de bloqueo de sincronizaci\u00f3n de levas para Ford 3.5L 3.7L<\/p>\n","protected":false},"featured_media":31357,"comment_status":"open","ping_status":"closed","template":"","meta":[],"product_brand":[],"product_cat":[571,572],"product_tag":[573,623,624,601,575,576],"class_list":{"0":"post-31356","1":"product","2":"type-product","3":"status-publish","4":"has-post-thumbnail","6":"product_cat-herramientas-para-sincronizacion-de-tiempo","7":"product_cat-herramientas-para-sincronizacion-de-tiempo-herramientas-manuales","8":"product_tag-kit-de-distribucion","9":"product_tag-motor-3-5","10":"product_tag-motor-3-7","11":"product_tag-motor-ford","12":"product_tag-sincronizacion-del-motor","13":"product_tag-trabador-de-poleas","15":"first","16":"instock","17":"taxable","18":"shipping-taxable","19":"purchasable","20":"product-type-simple"},"_links":{"self":[{"href":"https:\/\/8000rpmtools.com\/index.php?rest_route=\/wp\/v2\/product\/31356","targetHints":{"allow":["GET"]}}],"collection":[{"href":"https:\/\/8000rpmtools.com\/index.php?rest_route=\/wp\/v2\/product"}],"about":[{"href":"https:\/\/8000rpmtools.com\/index.php?rest_route=\/wp\/v2\/types\/product"}],"replies":[{"embeddable":true,"href":"https:\/\/8000rpmtools.com\/index.php?rest_route=%2Fwp%2Fv2%2Fcomments&post=31356"}],"wp:featuredmedia":[{"embeddable":true,"href":"https:\/\/8000rpmtools.com\/index.php?rest_route=\/wp\/v2\/media\/31357"}],"wp:attachment":[{"href":"https:\/\/8000rpmtools.com\/index.php?rest_route=%2Fwp%2Fv2%2Fmedia&parent=31356"}],"wp:term":[{"taxonomy":"product_brand","embeddable":true,"href":"https:\/\/8000rpmtools.com\/index.php?rest_route=%2Fwp%2Fv2%2Fproduct_brand&post=31356"},{"taxonomy":"product_cat","embeddable":true,"href":"https:\/\/8000rpmtools.com\/index.php?rest_route=%2Fwp%2Fv2%2Fproduct_cat&post=31356"},{"taxonomy":"product_tag","embeddable":true,"href":"https:\/\/8000rpmtools.com\/index.php?rest_route=%2Fwp%2Fv2%2Fproduct_tag&post=31356"}],"curies":[{"name":"wp","href":"https:\/\/api.w.org\/{rel}","templated":true}]}}