{"id":31353,"date":"2026-02-24T13:02:35","date_gmt":"2026-02-24T18:02:35","guid":{"rendered":"https:\/\/8000rpmtools.com\/?post_type=product&#038;p=31353"},"modified":"2026-02-24T13:03:28","modified_gmt":"2026-02-24T18:03:28","slug":"kit-trabador-de-distribucion-zotye-jetour-y-rongwei","status":"publish","type":"product","link":"https:\/\/8000rpmtools.com\/?product=kit-trabador-de-distribucion-zotye-jetour-y-rongwei","title":{"rendered":"KIT TRABADOR DE DISTRIBUCI\u00d3N ZOTYE, JETOUR Y RONGWEI"},"content":{"rendered":"<div style=\"text-align: left;\" align=\"center\">Este kit se sincronizaci\u00f3n, es la soluci\u00f3n perfecta para mantener tu motor en perfecto estado. Dise\u00f1ado con precisi\u00f3n y fabricado con materiales de alta calidad, este kit es esencial para garantizar un funcionamiento suave y eficiente de tu autom\u00f3vil. Material: Fabricado con acero de alta calidad, garantizando resistencia y durabilidad.<\/div>\n<div style=\"text-align: left;\" align=\"center\">Medidas: 24x14x16 cm Peso: 2 kg Keywords: Kit de distribuci\u00f3n MG3\/MG5, kit de correa de distribuci\u00f3n y tensor para MG, juego de sincronizaci\u00f3n para motores MG, sincronizaci\u00f3n, ajuste, alineaci\u00f3n, UT379. Principales Funciones: &#8211; Sincronizaci\u00f3n del motor: Asegura que los componentes del motor funcionen en perfecta armon\u00eda, optimizando el rendimiento. Prevenci\u00f3n de fallos: Reduce el riesgo de da\u00f1os graves al motor causados por la rotura de la correa de distribuci\u00f3n. Mantenimiento preventivo: Ideal para reemplazar componentes desgastados y evitar costosas reparaciones futuras. Mejora de eficiencia: Contribuye a un menor consumo de combustible y una menor emisi\u00f3n de gases contaminantes. Compatibilidad: Modelos de veh\u00edculos: MG3 y MG5.<\/div>\n<div style=\"text-align: left;\" align=\"center\">Motores:Motores de gasolina de 1.5L (com\u00fanmente utilizados en los modelos MG3 y MG5).<\/div>\n<div align=\"center\"><img decoding=\"async\" src=\"https:\/\/ae01.alicdn.com\/kf\/H2e8fb457672943369e8a1567a474c3d19.jpg\" \/><\/div>\n<div><\/div>\n<div><\/div>\n<div align=\"center\"><img decoding=\"async\" src=\"https:\/\/ae01.alicdn.com\/kf\/S49ee6e9b95384e90b02217c775f40bc43.jpg\" \/>\u00a0<img decoding=\"async\" src=\"https:\/\/ae01.alicdn.com\/kf\/S8e2c7dd0ff134bfaab72a7f3f6521e96W.jpg\" \/>\u00a0<img decoding=\"async\" src=\"https:\/\/ae01.alicdn.com\/kf\/S59dbc68e736e4f48be84bb08b474ec17w.jpg\" \/> \u00a0<img decoding=\"async\" src=\"https:\/\/ae01.alicdn.com\/kf\/Sd44e45a5402a4373a54e36f60f6a27b9K.jpg\" \/><\/div>\n","protected":false},"excerpt":{"rendered":"<p>\u2022 Herramientas de sincronizaci\u00f3n del motor Cambiar la cadena de sincronizaci\u00f3n del juego de herramientas de bloqueo<br \/>\n\u2022 Para MG3 1.5 1.3 para Rongwei 350 para Zotye T600.<br \/>\n\u2022 Es muy duradero para su uso.<br \/>\n\u2022 Para ajustar la sincronizaci\u00f3n del motor con el cambio de la cadena de distribuci\u00f3n.<br \/>\n\u2022 Reparaciones de culata, reemplazo de la junta de culata, etc.<\/p>\n","protected":false},"featured_media":31354,"comment_status":"open","ping_status":"closed","template":"","meta":[],"product_brand":[],"product_cat":[572],"product_tag":[622,573,620,576,621],"class_list":{"0":"post-31353","1":"product","2":"type-product","3":"status-publish","4":"has-post-thumbnail","6":"product_cat-herramientas-para-sincronizacion-de-tiempo-herramientas-manuales","7":"product_tag-jetour","8":"product_tag-kit-de-distribucion","9":"product_tag-rongwei","10":"product_tag-trabador-de-poleas","11":"product_tag-zotye","13":"first","14":"instock","15":"taxable","16":"shipping-taxable","17":"purchasable","18":"product-type-simple"},"_links":{"self":[{"href":"https:\/\/8000rpmtools.com\/index.php?rest_route=\/wp\/v2\/product\/31353","targetHints":{"allow":["GET"]}}],"collection":[{"href":"https:\/\/8000rpmtools.com\/index.php?rest_route=\/wp\/v2\/product"}],"about":[{"href":"https:\/\/8000rpmtools.com\/index.php?rest_route=\/wp\/v2\/types\/product"}],"replies":[{"embeddable":true,"href":"https:\/\/8000rpmtools.com\/index.php?rest_route=%2Fwp%2Fv2%2Fcomments&post=31353"}],"wp:featuredmedia":[{"embeddable":true,"href":"https:\/\/8000rpmtools.com\/index.php?rest_route=\/wp\/v2\/media\/31354"}],"wp:attachment":[{"href":"https:\/\/8000rpmtools.com\/index.php?rest_route=%2Fwp%2Fv2%2Fmedia&parent=31353"}],"wp:term":[{"taxonomy":"product_brand","embeddable":true,"href":"https:\/\/8000rpmtools.com\/index.php?rest_route=%2Fwp%2Fv2%2Fproduct_brand&post=31353"},{"taxonomy":"product_cat","embeddable":true,"href":"https:\/\/8000rpmtools.com\/index.php?rest_route=%2Fwp%2Fv2%2Fproduct_cat&post=31353"},{"taxonomy":"product_tag","embeddable":true,"href":"https:\/\/8000rpmtools.com\/index.php?rest_route=%2Fwp%2Fv2%2Fproduct_tag&post=31353"}],"curies":[{"name":"wp","href":"https:\/\/api.w.org\/{rel}","templated":true}]}}