{"id":31349,"date":"2026-02-21T13:22:37","date_gmt":"2026-02-21T18:22:37","guid":{"rendered":"https:\/\/8000rpmtools.com\/?post_type=product&#038;p=31349"},"modified":"2026-02-21T13:22:37","modified_gmt":"2026-02-21T18:22:37","slug":"kit-trabador-de-distribucion-chevrolet-aveo","status":"publish","type":"product","link":"https:\/\/8000rpmtools.com\/?product=kit-trabador-de-distribucion-chevrolet-aveo","title":{"rendered":"KIT TRABADOR DE DISTRIBUCI\u00d3N CHEVROLET AVEO"},"content":{"rendered":"<div class=\"J_module\">\n<div class=\"ife-detail-decorate-table\">\n<p>Kit de sincronizaci\u00f3n especializado para Chevrolet Aveo. Incluye llave de 41 mm para el ajuste preciso de la bomba de agua y trabador de pi\u00f1ones de \u00e1rbol de levas. Es la herramienta indispensable para realizar el cambio de banda de distribuci\u00f3n de forma segura, r\u00e1pida y profesional en motores GM 1.4 y 1.6.<\/p>\n<p>El kit incluye:<\/p>\n<ul>\n<li>Llave 41mm met\u00e1lica para bomba de agua de Chevrolet Aveo, Cruze, Chevy<\/li>\n<li>Inmovilizador de \u00e1rboles de levas para sincronizar el tiempo de Aveo 1.6<\/li>\n<\/ul>\n<\/div>\n<\/div>\n<div class=\"J_module\">\n<div class=\"icbu-pc-images magic-5\">\n<div>\n<div class=\"flex-layout-h\">\n<div class=\"flex-layout-v magic-6\">\n<div class=\"magic-7\"><img decoding=\"async\" class=\"magic-8\" src=\"https:\/\/sc04.alicdn.com\/kf\/Hcafa709f6513457d85207c04b1e79a31o\/224205336\/Hcafa709f6513457d85207c04b1e79a31o.png\" data-src=\"\/\/sc04.alicdn.com\/kf\/Hcafa709f6513457d85207c04b1e79a31o\/224205336\/Hcafa709f6513457d85207c04b1e79a31o.png\" \/><\/div>\n<div class=\"magic-9\"><img decoding=\"async\" class=\"magic-10\" src=\"https:\/\/sc04.alicdn.com\/kf\/H9fc8a23af2064490bb6b3967320cd755s\/224205336\/H9fc8a23af2064490bb6b3967320cd755s.png\" data-src=\"\/\/sc04.alicdn.com\/kf\/H9fc8a23af2064490bb6b3967320cd755s\/224205336\/H9fc8a23af2064490bb6b3967320cd755s.png\" \/><\/div>\n<\/div>\n<div class=\"magic-11\"><img decoding=\"async\" class=\"magic-12\" src=\"https:\/\/sc04.alicdn.com\/kf\/H334bc3db1910401a9eff24a5be0be5a0k\/224205336\/H334bc3db1910401a9eff24a5be0be5a0k.jpg\" data-src=\"\/\/sc04.alicdn.com\/kf\/H334bc3db1910401a9eff24a5be0be5a0k\/224205336\/H334bc3db1910401a9eff24a5be0be5a0k.jpg\" \/><\/div>\n<\/div>\n<\/div>\n<\/div>\n<\/div>\n","protected":false},"excerpt":{"rendered":"<ul>\n<li>\n<p data-path-to-node=\"2,0,0\"><b data-path-to-node=\"2,0,0\" data-index-in-node=\"0\">Especialidad Chevrolet:<\/b> Dise\u00f1ado espec\u00edficamente para motores <b data-path-to-node=\"2,0,0\" data-index-in-node=\"62\">Chevrolet Aveo (1.4L y 1.6L)<\/b>, as\u00ed como otros modelos de la l\u00ednea GM como Optra, Cruze y Pontiac G3.<\/p>\n<\/li>\n<li>\n<p data-path-to-node=\"2,1,0\"><b data-path-to-node=\"2,1,0\" data-index-in-node=\"0\">Llave de Bomba de Agua (41 mm):<\/b> Incluye la herramienta esencial de <b data-path-to-node=\"2,1,0\" data-index-in-node=\"67\">41 mm<\/b> para ajustar la tensi\u00f3n de la banda de distribuci\u00f3n moviendo la bomba de agua sin da\u00f1arla.<\/p>\n<\/li>\n<li>\n<p data-path-to-node=\"2,2,0\"><b data-path-to-node=\"2,2,0\" data-index-in-node=\"0\">Bloqueador de \u00c1rbol de Levas:<\/b> Contiene la traba de engranajes (la pieza azul dentada) que mantiene los pi\u00f1ones en su lugar, evitando que se muevan y pierdan el tiempo al retirar la banda vieja.<\/p>\n<\/li>\n<li>\n<p data-path-to-node=\"2,3,0\"><b data-path-to-node=\"2,3,0\" data-index-in-node=\"0\">Dise\u00f1o Ergon\u00f3mico y Resistente:<\/b> Fabricado en acero de alta resistencia con acabados que previenen la corrosi\u00f3n y aseguran un encaje perfecto en espacios reducidos.<\/p>\n<\/li>\n<li>\n<p data-path-to-node=\"2,4,0\"><b data-path-to-node=\"2,4,0\" data-index-in-node=\"0\">Ahorro de Tiempo:<\/b> Evita complicaciones al intentar tensar la banda con herramientas improvisadas, garantizando un trabajo limpio y profesional en minutos.<\/p>\n<\/li>\n<\/ul>\n","protected":false},"featured_media":31350,"comment_status":"open","ping_status":"closed","template":"","meta":[],"product_brand":[],"product_cat":[571],"product_tag":[598,595,573,575,576],"class_list":{"0":"post-31349","1":"product","2":"type-product","3":"status-publish","4":"has-post-thumbnail","6":"product_cat-herramientas-para-sincronizacion-de-tiempo","7":"product_tag-aveo","8":"product_tag-chevrolet","9":"product_tag-kit-de-distribucion","10":"product_tag-sincronizacion-del-motor","11":"product_tag-trabador-de-poleas","13":"first","14":"instock","15":"taxable","16":"shipping-taxable","17":"purchasable","18":"product-type-simple"},"_links":{"self":[{"href":"https:\/\/8000rpmtools.com\/index.php?rest_route=\/wp\/v2\/product\/31349","targetHints":{"allow":["GET"]}}],"collection":[{"href":"https:\/\/8000rpmtools.com\/index.php?rest_route=\/wp\/v2\/product"}],"about":[{"href":"https:\/\/8000rpmtools.com\/index.php?rest_route=\/wp\/v2\/types\/product"}],"replies":[{"embeddable":true,"href":"https:\/\/8000rpmtools.com\/index.php?rest_route=%2Fwp%2Fv2%2Fcomments&post=31349"}],"wp:featuredmedia":[{"embeddable":true,"href":"https:\/\/8000rpmtools.com\/index.php?rest_route=\/wp\/v2\/media\/31350"}],"wp:attachment":[{"href":"https:\/\/8000rpmtools.com\/index.php?rest_route=%2Fwp%2Fv2%2Fmedia&parent=31349"}],"wp:term":[{"taxonomy":"product_brand","embeddable":true,"href":"https:\/\/8000rpmtools.com\/index.php?rest_route=%2Fwp%2Fv2%2Fproduct_brand&post=31349"},{"taxonomy":"product_cat","embeddable":true,"href":"https:\/\/8000rpmtools.com\/index.php?rest_route=%2Fwp%2Fv2%2Fproduct_cat&post=31349"},{"taxonomy":"product_tag","embeddable":true,"href":"https:\/\/8000rpmtools.com\/index.php?rest_route=%2Fwp%2Fv2%2Fproduct_tag&post=31349"}],"curies":[{"name":"wp","href":"https:\/\/api.w.org\/{rel}","templated":true}]}}