{"id":31343,"date":"2026-02-21T12:39:11","date_gmt":"2026-02-21T17:39:11","guid":{"rendered":"https:\/\/8000rpmtools.com\/?post_type=product&#038;p=31343"},"modified":"2026-02-24T16:36:17","modified_gmt":"2026-02-24T21:36:17","slug":"kit-de-distribucion-motores-changan","status":"publish","type":"product","link":"https:\/\/8000rpmtools.com\/?product=kit-de-distribucion-motores-changan","title":{"rendered":"KIT TRABADOR DE DISTRIBUCI\u00d3N MOTORES CHANG\u00c1N"},"content":{"rendered":"<p>Herramienta de sincronizaci\u00f3n (puesta a punto) para motores Changan de 1.8L Turbo y 2.0L. Esencial para el bloqueo del cig\u00fce\u00f1al y los \u00e1rboles de levas durante el servicio de la correa de distribuci\u00f3n.<\/p>\n<p><span class=\"a-list-item\">1. Rendimiento estable\/proceso profesional\/f\u00e1cil de operar\/f\u00e1cil de almacenar.<\/span><\/p>\n<p><span class=\"a-list-item\">2. Compatible con reparaci\u00f3n de autom\u00f3viles\/uso industrial.<\/span><\/p>\n<p><span class=\"a-list-item\">3. F\u00e1cil de usar\/f\u00e1cil de desmontar\/c\u00f3modo de sostener\/uso bidireccional.<\/span><\/p>\n<p><span class=\"a-list-item\">4. Alta dureza\/alto par de torsi\u00f3n\/buena dureza\/durabilidad.<\/span><\/p>\n<p><span class=\"a-list-item\">5. Pulido de superficie fina\/no se oxida f\u00e1cilmente\/vida \u00fatil prolongada. Material de alta calidad\/rendimiento estable\/proceso profesional\/f\u00e1cil de operar\/f\u00e1cil de almacenar.<\/span><\/p>\n<p>&nbsp;<\/p>\n","protected":false},"excerpt":{"rendered":"<p><span class=\"a-list-item\">1. Rendimiento estable\/proceso profesional\/f\u00e1cil de operar\/f\u00e1cil de almacenar.<\/span><\/p>\n<p><span class=\"a-list-item\">2. Compatible con reparaci\u00f3n de autom\u00f3viles\/uso industrial.<\/span><\/p>\n<p><span class=\"a-list-item\">3. F\u00e1cil de usar\/f\u00e1cil de desmontar\/c\u00f3modo de sostener\/uso bidireccional.<\/span><\/p>\n<p><span class=\"a-list-item\">4. Alta dureza\/alto par de torsi\u00f3n\/buena dureza\/durabilidad.<\/span><\/p>\n<p><span class=\"a-list-item\">5. Pulido de superficie fina\/no se oxida f\u00e1cilmente\/vida \u00fatil prolongada. Material de alta calidad\/rendimiento estable\/proceso profesional\/f\u00e1cil de operar\/f\u00e1cil de almacenar.<\/span><\/p>\n","protected":false},"featured_media":31344,"comment_status":"open","ping_status":"closed","template":"","meta":[],"product_brand":[],"product_cat":[571],"product_tag":[616,573,617,576],"class_list":{"0":"post-31343","1":"product","2":"type-product","3":"status-publish","4":"has-post-thumbnail","6":"product_cat-herramientas-para-sincronizacion-de-tiempo","7":"product_tag-changan","8":"product_tag-kit-de-distribucion","9":"product_tag-motores-changan","10":"product_tag-trabador-de-poleas","12":"first","13":"instock","14":"taxable","15":"shipping-taxable","16":"purchasable","17":"product-type-simple"},"_links":{"self":[{"href":"https:\/\/8000rpmtools.com\/index.php?rest_route=\/wp\/v2\/product\/31343","targetHints":{"allow":["GET"]}}],"collection":[{"href":"https:\/\/8000rpmtools.com\/index.php?rest_route=\/wp\/v2\/product"}],"about":[{"href":"https:\/\/8000rpmtools.com\/index.php?rest_route=\/wp\/v2\/types\/product"}],"replies":[{"embeddable":true,"href":"https:\/\/8000rpmtools.com\/index.php?rest_route=%2Fwp%2Fv2%2Fcomments&post=31343"}],"wp:featuredmedia":[{"embeddable":true,"href":"https:\/\/8000rpmtools.com\/index.php?rest_route=\/wp\/v2\/media\/31344"}],"wp:attachment":[{"href":"https:\/\/8000rpmtools.com\/index.php?rest_route=%2Fwp%2Fv2%2Fmedia&parent=31343"}],"wp:term":[{"taxonomy":"product_brand","embeddable":true,"href":"https:\/\/8000rpmtools.com\/index.php?rest_route=%2Fwp%2Fv2%2Fproduct_brand&post=31343"},{"taxonomy":"product_cat","embeddable":true,"href":"https:\/\/8000rpmtools.com\/index.php?rest_route=%2Fwp%2Fv2%2Fproduct_cat&post=31343"},{"taxonomy":"product_tag","embeddable":true,"href":"https:\/\/8000rpmtools.com\/index.php?rest_route=%2Fwp%2Fv2%2Fproduct_tag&post=31343"}],"curies":[{"name":"wp","href":"https:\/\/api.w.org\/{rel}","templated":true}]}}