{"id":31328,"date":"2026-02-21T10:06:55","date_gmt":"2026-02-21T15:06:55","guid":{"rendered":"https:\/\/8000rpmtools.com\/?post_type=product&#038;p=31328"},"modified":"2026-02-21T10:06:55","modified_gmt":"2026-02-21T15:06:55","slug":"kit-trabadores-de-distribucion-motores-ford-2-2","status":"publish","type":"product","link":"https:\/\/8000rpmtools.com\/?product=kit-trabadores-de-distribucion-motores-ford-2-2","title":{"rendered":"KIT TRABADORES DE DISTRIBUCI\u00d3N MOTORES FORD 2.2"},"content":{"rendered":"<p>Sincronizador de motor Ford 2.2 \/ 3.2<\/p>\n<p>Aplicaci\u00f3n:Ford: Transit (06-18), Ranger (11-18)Jaguar: X-Type (05-10)Land Rover: Defender (11-16)<\/p>\n<p>C\u00f3digo del motor:2,2: QJBA, BG, ID42,2 TDCi: CVFF, CVR5, CYFF, CYF5, CYR5, DRF5, DRFF, DRR5, GBVAJPF, GBVAJQJ, PGFA, PGFB, P8FA, P8FB, QVFA, QWFA, SRFA, SRFB, SRFC, SRFD, SRFE, UHFA, UHR52.2D TDCI ECOnetic: DRFC, DRFG, CYFC, CYFG2.2D TDCi HDT: UYR6, USR63.2D TDCi: SAFA<\/p>\n","protected":false},"excerpt":{"rendered":"<p>\ud83d\udd27 Permite bloquear cig\u00fce\u00f1al y \u00e1rbol de levas con precisi\u00f3n<br data-start=\"251\" data-end=\"254\" \/>\ud83d\udd27 Fabricado en material resistente para uso profesional en taller<br data-start=\"320\" data-end=\"323\" \/>\ud83d\udd27 Incluye estuche organizador para f\u00e1cil transporte<\/p>\n","protected":false},"featured_media":31329,"comment_status":"open","ping_status":"closed","template":"","meta":[],"product_brand":[],"product_cat":[571],"product_tag":[607,602,573,601,576],"class_list":{"0":"post-31328","1":"product","2":"type-product","3":"status-publish","4":"has-post-thumbnail","6":"product_cat-herramientas-para-sincronizacion-de-tiempo","7":"product_tag-2-2","8":"product_tag-ford","9":"product_tag-kit-de-distribucion","10":"product_tag-motor-ford","11":"product_tag-trabador-de-poleas","13":"first","14":"instock","15":"taxable","16":"shipping-taxable","17":"purchasable","18":"product-type-simple"},"_links":{"self":[{"href":"https:\/\/8000rpmtools.com\/index.php?rest_route=\/wp\/v2\/product\/31328","targetHints":{"allow":["GET"]}}],"collection":[{"href":"https:\/\/8000rpmtools.com\/index.php?rest_route=\/wp\/v2\/product"}],"about":[{"href":"https:\/\/8000rpmtools.com\/index.php?rest_route=\/wp\/v2\/types\/product"}],"replies":[{"embeddable":true,"href":"https:\/\/8000rpmtools.com\/index.php?rest_route=%2Fwp%2Fv2%2Fcomments&post=31328"}],"wp:featuredmedia":[{"embeddable":true,"href":"https:\/\/8000rpmtools.com\/index.php?rest_route=\/wp\/v2\/media\/31329"}],"wp:attachment":[{"href":"https:\/\/8000rpmtools.com\/index.php?rest_route=%2Fwp%2Fv2%2Fmedia&parent=31328"}],"wp:term":[{"taxonomy":"product_brand","embeddable":true,"href":"https:\/\/8000rpmtools.com\/index.php?rest_route=%2Fwp%2Fv2%2Fproduct_brand&post=31328"},{"taxonomy":"product_cat","embeddable":true,"href":"https:\/\/8000rpmtools.com\/index.php?rest_route=%2Fwp%2Fv2%2Fproduct_cat&post=31328"},{"taxonomy":"product_tag","embeddable":true,"href":"https:\/\/8000rpmtools.com\/index.php?rest_route=%2Fwp%2Fv2%2Fproduct_tag&post=31328"}],"curies":[{"name":"wp","href":"https:\/\/api.w.org\/{rel}","templated":true}]}}